{"id":35,"date":"2015-03-13T08:21:43","date_gmt":"2015-03-13T08:21:43","guid":{"rendered":"http:\/\/blogsaverroes.juntadeandalucia.es\/pre\/ceip\/?page_id=35"},"modified":"2025-11-25T20:25:01","modified_gmt":"2025-11-25T19:25:01","slug":"el-centro-2","status":"publish","type":"page","link":"https:\/\/blogsaverroes.juntadeandalucia.es\/ceipfuentedelbaden\/el-centro-2\/","title":{"rendered":"Datos del centro"},"content":{"rendered":"<h2><span style=\"text-decoration: underline;color: #ffcc99\"><strong>DATOS DE CONTACTO<\/strong><\/span><\/h2>\n<ul style=\"list-style-type: circle\">\n<li><span style=\"color: #999999\"><strong>Direcci\u00f3n:&nbsp; <\/strong>Barriada de los Poetas s\/n.&nbsp; (Calle&nbsp; Jos\u00e9 Mar\u00eda Hinojosa)<\/span><\/li>\n<li><span style=\"color: #999999\"><strong>Localidad :<\/strong> Nerja (M\u00e1laga)<\/span><\/li>\n<li><span style=\"color: #999999\"><strong>C.P<\/strong>. 29780<\/span><\/li>\n<li><span style=\"color: #999999\"><strong>C\u00f3digo de centro: <\/strong>29009961<\/span><\/li>\n<li><span style=\"color: #999999\"><strong>Tel\u00e9fono: <\/strong>951 289 530<\/span><\/li>\n<li><span style=\"color: #999999\"><strong>M\u00f3vil: <\/strong>671 598 532 <\/span><\/li>\n<li><span style=\"color: #999999\"><strong>E-mail: <\/strong>29009961.edu@juntadeandalucia.es<\/span><\/li>\n<\/ul>\n<h2><span style=\"text-decoration: underline;color: #ffcc99\"><strong>HORARIOS<\/strong><\/span><\/h2>\n<ul style=\"list-style-type: circle\">\n<li><span style=\"color: #999999\"><strong>Actividades Lectivas:<\/strong> Lunes a viernes de 09:00 a 14:00 horas.<\/span><\/li>\n<li><span style=\"color: #999999\"><strong>Comedor Escolar:<\/strong>&nbsp; Lunes a viernes de 14:00 a 16:00 horas.<\/span><\/li>\n<li><span style=\"color: #999999\"><strong>PROA (apoyo) 2\u00ba y 3\u00ba ciclo:<\/strong> Martes y jueves de 16:00 a 18:00 horas.&nbsp;<\/span><\/li>\n<li><span style=\"color: #999999\"><strong>PREX (ingl\u00e9s):<\/strong>&nbsp;Lunes y mi\u00e9rcoles de 17:00 a 18:00 horas.<\/span><\/li>\n<li><span style=\"color: #999999\"><strong>\u00abManualidades con Loli\u00bb:<\/strong> Lunes y mi\u00e9rcoles de 16:00 a 17:00 horas.<\/span><\/li>\n<\/ul>\n<h2><span style=\"text-decoration: underline;color: #ffcc99\"><strong>OFERTA EDUCATIVA<\/strong><\/span><\/h2>\n<p><span style=\"color: #999999\">Nuestra oferta educativa incluye:<\/span><\/p>\n<ul>\n<li><span style=\"color: #999999\">Educaci\u00f3n Infantil (2\u00ba ciclo).<\/span><\/li>\n<li><span style=\"color: #999999\">Educaci\u00f3n Primaria (1\u00ba, 2\u00ba y 3\u00ba ciclo).<\/span><\/li>\n<\/ul>\n<h2><strong><span style=\"text-decoration: underline;color: #ffcc99\">INDICACIONES PARA LLEGAR<\/span><\/strong><\/h2>\n<p><img loading=\"lazy\" decoding=\"async\" class=\"alignnone wp-image-4199\" src=\"https:\/\/blogsaverroes.juntadeandalucia.es\/ceipfuentedelbaden\/files\/2019\/10\/cole-300x153.png\" alt=\"\" width=\"839\" height=\"428\" srcset=\"https:\/\/blogsaverroes.juntadeandalucia.es\/ceipfuentedelbaden\/files\/2019\/10\/cole-300x153.png 300w, https:\/\/blogsaverroes.juntadeandalucia.es\/ceipfuentedelbaden\/files\/2019\/10\/cole-150x77.png 150w, https:\/\/blogsaverroes.juntadeandalucia.es\/ceipfuentedelbaden\/files\/2019\/10\/cole-768x392.png 768w, https:\/\/blogsaverroes.juntadeandalucia.es\/ceipfuentedelbaden\/files\/2019\/10\/cole-24x12.png 24w, https:\/\/blogsaverroes.juntadeandalucia.es\/ceipfuentedelbaden\/files\/2019\/10\/cole-36x18.png 36w, https:\/\/blogsaverroes.juntadeandalucia.es\/ceipfuentedelbaden\/files\/2019\/10\/cole-48x24.png 48w, https:\/\/blogsaverroes.juntadeandalucia.es\/ceipfuentedelbaden\/files\/2019\/10\/cole.png 937w\" sizes=\"(max-width: 767px) 89vw, (max-width: 1000px) 54vw, (max-width: 1071px) 543px, 580px\" \/><\/p>\n","protected":false},"excerpt":{"rendered":"<p>DATOS DE CONTACTO Direcci\u00f3n:&nbsp; Barriada de los Poetas s\/n.&nbsp; (Calle&nbsp; Jos\u00e9 Mar\u00eda Hinojosa) Localidad : Nerja (M\u00e1laga) C.P. 29780 C\u00f3digo de centro: 29009961 Tel\u00e9fono: 951 289 530 M\u00f3vil: 671 598 532 E-mail: 29009961.edu@juntadeandalucia.es HORARIOS Actividades Lectivas: Lunes a viernes de 09:00 a 14:00 horas. Comedor Escolar:&nbsp; Lunes a viernes de 14:00 a 16:00 horas. PROA &hellip; <\/p>\n<p class=\"link-more\"><a href=\"https:\/\/blogsaverroes.juntadeandalucia.es\/ceipfuentedelbaden\/el-centro-2\/\" class=\"more-link\">Continuar leyendo<span class=\"screen-reader-text\"> \u00abDatos del centro\u00bb<\/span><\/a><\/p>\n","protected":false},"author":1990,"featured_media":0,"parent":0,"menu_order":0,"comment_status":"open","ping_status":"open","template":"","meta":{"ngg_post_thumbnail":0,"footnotes":"","_mc_calendar":[]},"aioseo_notices":[],"_links":{"self":[{"href":"https:\/\/blogsaverroes.juntadeandalucia.es\/ceipfuentedelbaden\/wp-json\/wp\/v2\/pages\/35"}],"collection":[{"href":"https:\/\/blogsaverroes.juntadeandalucia.es\/ceipfuentedelbaden\/wp-json\/wp\/v2\/pages"}],"about":[{"href":"https:\/\/blogsaverroes.juntadeandalucia.es\/ceipfuentedelbaden\/wp-json\/wp\/v2\/types\/page"}],"author":[{"embeddable":true,"href":"https:\/\/blogsaverroes.juntadeandalucia.es\/ceipfuentedelbaden\/wp-json\/wp\/v2\/users\/1990"}],"replies":[{"embeddable":true,"href":"https:\/\/blogsaverroes.juntadeandalucia.es\/ceipfuentedelbaden\/wp-json\/wp\/v2\/comments?post=35"}],"version-history":[{"count":11,"href":"https:\/\/blogsaverroes.juntadeandalucia.es\/ceipfuentedelbaden\/wp-json\/wp\/v2\/pages\/35\/revisions"}],"predecessor-version":[{"id":7351,"href":"https:\/\/blogsaverroes.juntadeandalucia.es\/ceipfuentedelbaden\/wp-json\/wp\/v2\/pages\/35\/revisions\/7351"}],"wp:attachment":[{"href":"https:\/\/blogsaverroes.juntadeandalucia.es\/ceipfuentedelbaden\/wp-json\/wp\/v2\/media?parent=35"}],"curies":[{"name":"wp","href":"https:\/\/api.w.org\/{rel}","templated":true}]}}