{"id":424,"date":"2015-03-20T07:05:20","date_gmt":"2015-03-20T07:05:20","guid":{"rendered":"http:\/\/blogsaverroes.juntadeandalucia.es\/pre\/ceip\/?page_id=424"},"modified":"2024-06-22T17:14:24","modified_gmt":"2024-06-22T16:14:24","slug":"educacion-infantil","status":"publish","type":"page","link":"https:\/\/blogsaverroes.juntadeandalucia.es\/ceipfuentedelbaden\/educacion-infantil\/","title":{"rendered":"Educaci\u00f3n infantil"},"content":{"rendered":"<p style=\"text-align: center\"><a href=\"http:\/\/blogsaverroes.juntadeandalucia.es\/ceipfuentedelbaden\/files\/2015\/03\/infantil-ni\u00f1os.gif\"><img loading=\"lazy\" decoding=\"async\" class=\"alignnone size-medium wp-image-2503\" src=\"http:\/\/blogsaverroes.juntadeandalucia.es\/ceipfuentedelbaden\/files\/2015\/03\/infantil-ni\u00f1os-300x204.gif\" alt=\"infantil ni\u00f1os\" width=\"300\" height=\"204\" srcset=\"https:\/\/blogsaverroes.juntadeandalucia.es\/ceipfuentedelbaden\/files\/2015\/03\/infantil-ni\u00f1os-300x204.gif 300w, https:\/\/blogsaverroes.juntadeandalucia.es\/ceipfuentedelbaden\/files\/2015\/03\/infantil-ni\u00f1os-150x102.gif 150w\" sizes=\"(max-width: 300px) 100vw, 300px\" \/><\/a><\/p>\n<p>La Educaci\u00f3n Infantil&nbsp;es la etapa educativa que atiende a ni\u00f1as y ni\u00f1os <strong>desde el nacimiento hasta los seis a\u00f1os <\/strong>con la finalidad de contribuir a su desarrollo f\u00edsico, afectivo, social e intelectual. Se ordena en dos ciclos: el primero comprende hasta los tres a\u00f1os; el segundo, que es gratuito, va&nbsp;desde los tres a los seis a\u00f1os de edad.<\/p>\n<p>Teniendo&nbsp;<strong>car\u00e1cter voluntario<\/strong>, este segundo ciclo se ha generalizado en toda Espa\u00f1a, de modo que en la actualidad pr\u00e1cticamente el 100% de los ni\u00f1os y ni\u00f1as de 3 a 6 a\u00f1os acuden al colegio de manera gratuita. La escolarizaci\u00f3n temprana se considera un gran logro que incidir\u00e1 positivamente en la mejora del rendimiento escolar futuro.<\/p>\n<p>En&nbsp;los dos&nbsp;ciclos de la Educaci\u00f3n Infantil se atiende progresivamente al desarrollo afectivo, al movimiento y a los h\u00e1bitos de control corporal, a las manifestaciones de la comunicaci\u00f3n y del lenguaje, a las pautas elementales de convivencia y relaci\u00f3n social, as\u00ed como al descubrimiento de las caracter\u00edsticas f\u00edsicas y sociales del medio. Adem\u00e1s se&nbsp;propicia que ni\u00f1as y ni\u00f1os&nbsp;logren una imagen positiva y equilibrada de s\u00ed mismos&nbsp;y adquieran autonom\u00eda personal.<\/p>\n<h1 class=\"titulo\">&nbsp;<\/h1>\n<p>&nbsp;<\/p>\n","protected":false},"excerpt":{"rendered":"<p>La Educaci\u00f3n Infantil&nbsp;es la etapa educativa que atiende a ni\u00f1as y ni\u00f1os desde el nacimiento hasta los seis a\u00f1os con la finalidad de contribuir a su desarrollo f\u00edsico, afectivo, social e intelectual. Se ordena en dos ciclos: el primero comprende hasta los tres a\u00f1os; el segundo, que es gratuito, va&nbsp;desde los tres a los seis &hellip; <\/p>\n<p class=\"link-more\"><a href=\"https:\/\/blogsaverroes.juntadeandalucia.es\/ceipfuentedelbaden\/educacion-infantil\/\" class=\"more-link\">Continuar leyendo<span class=\"screen-reader-text\"> \u00abEducaci\u00f3n infantil\u00bb<\/span><\/a><\/p>\n","protected":false},"author":1990,"featured_media":0,"parent":0,"menu_order":0,"comment_status":"open","ping_status":"open","template":"","meta":{"ngg_post_thumbnail":0,"footnotes":"","_mc_calendar":[]},"aioseo_notices":[],"_links":{"self":[{"href":"https:\/\/blogsaverroes.juntadeandalucia.es\/ceipfuentedelbaden\/wp-json\/wp\/v2\/pages\/424"}],"collection":[{"href":"https:\/\/blogsaverroes.juntadeandalucia.es\/ceipfuentedelbaden\/wp-json\/wp\/v2\/pages"}],"about":[{"href":"https:\/\/blogsaverroes.juntadeandalucia.es\/ceipfuentedelbaden\/wp-json\/wp\/v2\/types\/page"}],"author":[{"embeddable":true,"href":"https:\/\/blogsaverroes.juntadeandalucia.es\/ceipfuentedelbaden\/wp-json\/wp\/v2\/users\/1990"}],"replies":[{"embeddable":true,"href":"https:\/\/blogsaverroes.juntadeandalucia.es\/ceipfuentedelbaden\/wp-json\/wp\/v2\/comments?post=424"}],"version-history":[{"count":1,"href":"https:\/\/blogsaverroes.juntadeandalucia.es\/ceipfuentedelbaden\/wp-json\/wp\/v2\/pages\/424\/revisions"}],"predecessor-version":[{"id":7240,"href":"https:\/\/blogsaverroes.juntadeandalucia.es\/ceipfuentedelbaden\/wp-json\/wp\/v2\/pages\/424\/revisions\/7240"}],"wp:attachment":[{"href":"https:\/\/blogsaverroes.juntadeandalucia.es\/ceipfuentedelbaden\/wp-json\/wp\/v2\/media?parent=424"}],"curies":[{"name":"wp","href":"https:\/\/api.w.org\/{rel}","templated":true}]}}