{"id":428,"date":"2015-03-20T07:06:21","date_gmt":"2015-03-20T07:06:21","guid":{"rendered":"http:\/\/blogsaverroes.juntadeandalucia.es\/pre\/ceip\/?page_id=428"},"modified":"2024-06-22T17:15:11","modified_gmt":"2024-06-22T16:15:11","slug":"ed-primaria-1o-ciclo","status":"publish","type":"page","link":"https:\/\/blogsaverroes.juntadeandalucia.es\/ceipfuentedelbaden\/ed-primaria-1o-ciclo\/","title":{"rendered":"Ed. Primaria. 1\u00ba ciclo"},"content":{"rendered":"<p style=\"text-align: center\">&nbsp;<a href=\"http:\/\/blogsaverroes.juntadeandalucia.es\/ceipfuentedelbaden\/files\/2015\/03\/67522901_1-fotos-de-talleres-de-ingles-para-alumnos-de-primaria.jpg\"><img loading=\"lazy\" decoding=\"async\" class=\"alignnone size-medium wp-image-2508\" src=\"http:\/\/blogsaverroes.juntadeandalucia.es\/ceipfuentedelbaden\/files\/2015\/03\/67522901_1-fotos-de-talleres-de-ingles-para-alumnos-de-primaria-300x178.jpg\" alt=\"primaria \" width=\"300\" height=\"178\" srcset=\"https:\/\/blogsaverroes.juntadeandalucia.es\/ceipfuentedelbaden\/files\/2015\/03\/67522901_1-fotos-de-talleres-de-ingles-para-alumnos-de-primaria-300x178.jpg 300w, https:\/\/blogsaverroes.juntadeandalucia.es\/ceipfuentedelbaden\/files\/2015\/03\/67522901_1-fotos-de-talleres-de-ingles-para-alumnos-de-primaria-150x89.jpg 150w, https:\/\/blogsaverroes.juntadeandalucia.es\/ceipfuentedelbaden\/files\/2015\/03\/67522901_1-fotos-de-talleres-de-ingles-para-alumnos-de-primaria.jpg 625w\" sizes=\"(max-width: 300px) 100vw, 300px\" \/><\/a><\/p>\n<p>La escolarizaci\u00f3n de los ni\u00f1os y las ni\u00f1as es obligatoria a partir de los &nbsp;6 a\u00f1os, por lo que se incorporan a la escuela independientemente de que hayan cursado o no alguno &nbsp;de los cursos de Educaci\u00f3n Infantil.<\/p>\n<p>La Educaci\u00f3n Primaria tiene car\u00e1cter obligatorio y gratuito. Comprende seis cursos acad\u00e9micos, distribuidos &nbsp;en tres ciclos, de dos a\u00f1os cada uno y se organiza en \u00e1reas con un car\u00e1cter global, integrador y competencial.<\/p>\n<ul>\n<li>Primer ciclo: de 6 a 8 a\u00f1os.<\/li>\n<li>Segundo ciclo: de 8 a 10 a\u00f1os.<\/li>\n<li>Tercer ciclo: de 10 a 12 a\u00f1os.<\/li>\n<\/ul>\n<p>La finalidad esencial de la Educaci\u00f3n Primaria es el desarrollo integral de la persona y su objetivo es la de promover la socializaci\u00f3n de los ni\u00f1os\/as, favorecer su incorporaci\u00f3n a la cultura y contribuir a la progresiva autonom\u00eda de acci\u00f3n en su medio.<\/p>\n<p>&nbsp;<\/p>\n<h1 class=\"titulo\">&nbsp;<\/h1>\n<h3>&nbsp;<\/h3>\n<h3>&nbsp;<\/h3>\n","protected":false},"excerpt":{"rendered":"<p>&nbsp; La escolarizaci\u00f3n de los ni\u00f1os y las ni\u00f1as es obligatoria a partir de los &nbsp;6 a\u00f1os, por lo que se incorporan a la escuela independientemente de que hayan cursado o no alguno &nbsp;de los cursos de Educaci\u00f3n Infantil. La Educaci\u00f3n Primaria tiene car\u00e1cter obligatorio y gratuito. Comprende seis cursos acad\u00e9micos, distribuidos &nbsp;en tres ciclos, &hellip; <\/p>\n<p class=\"link-more\"><a href=\"https:\/\/blogsaverroes.juntadeandalucia.es\/ceipfuentedelbaden\/ed-primaria-1o-ciclo\/\" class=\"more-link\">Continuar leyendo<span class=\"screen-reader-text\"> \u00abEd. Primaria. 1\u00ba ciclo\u00bb<\/span><\/a><\/p>\n","protected":false},"author":1990,"featured_media":0,"parent":0,"menu_order":0,"comment_status":"open","ping_status":"open","template":"","meta":{"ngg_post_thumbnail":0,"footnotes":"","_mc_calendar":[]},"aioseo_notices":[],"_links":{"self":[{"href":"https:\/\/blogsaverroes.juntadeandalucia.es\/ceipfuentedelbaden\/wp-json\/wp\/v2\/pages\/428"}],"collection":[{"href":"https:\/\/blogsaverroes.juntadeandalucia.es\/ceipfuentedelbaden\/wp-json\/wp\/v2\/pages"}],"about":[{"href":"https:\/\/blogsaverroes.juntadeandalucia.es\/ceipfuentedelbaden\/wp-json\/wp\/v2\/types\/page"}],"author":[{"embeddable":true,"href":"https:\/\/blogsaverroes.juntadeandalucia.es\/ceipfuentedelbaden\/wp-json\/wp\/v2\/users\/1990"}],"replies":[{"embeddable":true,"href":"https:\/\/blogsaverroes.juntadeandalucia.es\/ceipfuentedelbaden\/wp-json\/wp\/v2\/comments?post=428"}],"version-history":[{"count":1,"href":"https:\/\/blogsaverroes.juntadeandalucia.es\/ceipfuentedelbaden\/wp-json\/wp\/v2\/pages\/428\/revisions"}],"predecessor-version":[{"id":7241,"href":"https:\/\/blogsaverroes.juntadeandalucia.es\/ceipfuentedelbaden\/wp-json\/wp\/v2\/pages\/428\/revisions\/7241"}],"wp:attachment":[{"href":"https:\/\/blogsaverroes.juntadeandalucia.es\/ceipfuentedelbaden\/wp-json\/wp\/v2\/media?parent=428"}],"curies":[{"name":"wp","href":"https:\/\/api.w.org\/{rel}","templated":true}]}}