{"id":432,"date":"2015-03-20T07:07:25","date_gmt":"2015-03-20T07:07:25","guid":{"rendered":"http:\/\/blogsaverroes.juntadeandalucia.es\/pre\/ceip\/?page_id=432"},"modified":"2024-06-22T17:15:46","modified_gmt":"2024-06-22T16:15:46","slug":"ed-primaria-2o-ciclo","status":"publish","type":"page","link":"https:\/\/blogsaverroes.juntadeandalucia.es\/ceipfuentedelbaden\/ed-primaria-2o-ciclo\/","title":{"rendered":"Ed. Primaria. 2\u00ba ciclo"},"content":{"rendered":"<p><img loading=\"lazy\" decoding=\"async\" class=\"alignnone size-medium wp-image-1616 aligncenter\" src=\"http:\/\/blogsaverroes.juntadeandalucia.es\/ceipfuentedelbaden\/files\/2015\/03\/educacion2-300x255.jpg\" alt=\"educacion2\" width=\"300\" height=\"255\" srcset=\"https:\/\/blogsaverroes.juntadeandalucia.es\/ceipfuentedelbaden\/files\/2015\/03\/educacion2-300x255.jpg 300w, https:\/\/blogsaverroes.juntadeandalucia.es\/ceipfuentedelbaden\/files\/2015\/03\/educacion2.jpg 640w\" sizes=\"(max-width: 300px) 100vw, 300px\" \/><\/p>\n<p>Andaluc\u00eda defiende y potencia una escuela inclusiva,que asume una educaci\u00f3n igualitaria y democr\u00e1tica y garantiza el derecho de todo el alumnado a alcanzar el m\u00e1ximo desarrollo personal, intelectual, social y emocional en funci\u00f3n de sus caracter\u00edsticas y posibilidades, para aprender a ser competente y vivir en una sociedad diversa en continuo proceso de cambio.<\/p>\n<p>El objetivo fundamental de la educaci\u00f3n obligatoria es el desarrollo &nbsp;integral de la persona tanto a nivel individual como social.<\/p>\n<p>El curr\u00edculo de la &nbsp;Educaci\u00f3n Primaria expresa el proyecto educativo general y com\u00fan &nbsp;a todos los centros docentes que la impartan en la Comunidad &nbsp;Aut\u00f3noma de Andaluc\u00eda, que cada uno de ellos concretar\u00e1 a trav\u00e9s de sus proyecto educativo.<\/p>\n<p>Corresponder\u00e1, por tanto, a los centros y al profesorado realizar la concreci\u00f3n y adaptaci\u00f3n definitiva de las ense\u00f1anzas curriculares en funci\u00f3n de las diversas situaciones escolares y de las caracter\u00edsticas espec\u00edficas del alumnado al que atiende.<\/p>\n","protected":false},"excerpt":{"rendered":"<p>Andaluc\u00eda defiende y potencia una escuela inclusiva,que asume una educaci\u00f3n igualitaria y democr\u00e1tica y garantiza el derecho de todo el alumnado a alcanzar el m\u00e1ximo desarrollo personal, intelectual, social y emocional en funci\u00f3n de sus caracter\u00edsticas y posibilidades, para aprender a ser competente y vivir en una sociedad diversa en continuo proceso de cambio. El &hellip; <\/p>\n<p class=\"link-more\"><a href=\"https:\/\/blogsaverroes.juntadeandalucia.es\/ceipfuentedelbaden\/ed-primaria-2o-ciclo\/\" class=\"more-link\">Continuar leyendo<span class=\"screen-reader-text\"> \u00abEd. Primaria. 2\u00ba ciclo\u00bb<\/span><\/a><\/p>\n","protected":false},"author":1990,"featured_media":0,"parent":0,"menu_order":0,"comment_status":"open","ping_status":"open","template":"","meta":{"ngg_post_thumbnail":0,"footnotes":"","_mc_calendar":[]},"aioseo_notices":[],"_links":{"self":[{"href":"https:\/\/blogsaverroes.juntadeandalucia.es\/ceipfuentedelbaden\/wp-json\/wp\/v2\/pages\/432"}],"collection":[{"href":"https:\/\/blogsaverroes.juntadeandalucia.es\/ceipfuentedelbaden\/wp-json\/wp\/v2\/pages"}],"about":[{"href":"https:\/\/blogsaverroes.juntadeandalucia.es\/ceipfuentedelbaden\/wp-json\/wp\/v2\/types\/page"}],"author":[{"embeddable":true,"href":"https:\/\/blogsaverroes.juntadeandalucia.es\/ceipfuentedelbaden\/wp-json\/wp\/v2\/users\/1990"}],"replies":[{"embeddable":true,"href":"https:\/\/blogsaverroes.juntadeandalucia.es\/ceipfuentedelbaden\/wp-json\/wp\/v2\/comments?post=432"}],"version-history":[{"count":1,"href":"https:\/\/blogsaverroes.juntadeandalucia.es\/ceipfuentedelbaden\/wp-json\/wp\/v2\/pages\/432\/revisions"}],"predecessor-version":[{"id":7242,"href":"https:\/\/blogsaverroes.juntadeandalucia.es\/ceipfuentedelbaden\/wp-json\/wp\/v2\/pages\/432\/revisions\/7242"}],"wp:attachment":[{"href":"https:\/\/blogsaverroes.juntadeandalucia.es\/ceipfuentedelbaden\/wp-json\/wp\/v2\/media?parent=432"}],"curies":[{"name":"wp","href":"https:\/\/api.w.org\/{rel}","templated":true}]}}