{"id":436,"date":"2015-03-20T07:08:17","date_gmt":"2015-03-20T07:08:17","guid":{"rendered":"http:\/\/blogsaverroes.juntadeandalucia.es\/pre\/ceip\/?page_id=436"},"modified":"2024-06-22T17:16:46","modified_gmt":"2024-06-22T16:16:46","slug":"ed-primaria-3o-ciclo","status":"publish","type":"page","link":"https:\/\/blogsaverroes.juntadeandalucia.es\/ceipfuentedelbaden\/ed-primaria-3o-ciclo\/","title":{"rendered":"Ed. Primaria. 3\u00ba ciclo"},"content":{"rendered":"<p><img loading=\"lazy\" decoding=\"async\" class=\" size-medium wp-image-1617 aligncenter\" src=\"http:\/\/blogsaverroes.juntadeandalucia.es\/ceipfuentedelbaden\/files\/2015\/03\/educacion3-300x161.png\" alt=\"educacion3\" width=\"300\" height=\"161\" srcset=\"https:\/\/blogsaverroes.juntadeandalucia.es\/ceipfuentedelbaden\/files\/2015\/03\/educacion3-300x161.png 300w, https:\/\/blogsaverroes.juntadeandalucia.es\/ceipfuentedelbaden\/files\/2015\/03\/educacion3.png 640w\" sizes=\"(max-width: 300px) 100vw, 300px\" \/><\/p>\n<h3>&nbsp;<\/h3>\n<p>La Educaci\u00f3n Primaria contribuir\u00e1 a desarrollar en el alumnado las capacidades, los h\u00e1bitos, las actitudes y los valores que le permitan alcanzar los objetivos siguientes:<\/p>\n<ul>\n<li>Desarrollar la confianza en s\u00ed mismo, el sentido cr\u00edtico, la iniciativa personal, el esp\u00edritu emprendedor y la capacidad para aprender, planificar, evaluar riesgos, tomar decisiones y asumir responsabilidades.<\/li>\n<li>Participar de manera solidaria en el desarrollo y mejora de su entorno social y natural.<\/li>\n<li>Desarrollar actitudes cr\u00edticas y h\u00e1bitos relacionados con la salud y el consumo responsable.<\/li>\n<li>Conocer y valorar el patrimonio natural y cultural y contribuir activamente a su conservaci\u00f3n y mejora, entender la diversidad ling\u00fc\u00edstica y cultural como un valor de los pueblos y de los individuos y desarrollar una actitud de inter\u00e9s y respeto hacia la misma.<\/li>\n<li>Conocer y apreciar las peculiaridades de la modalidad ling\u00fc\u00edstica andaluza en todas sus variedades.<\/li>\n<li>Conocer y respetar la realidad cultural de Andaluc\u00eda.<\/li>\n<\/ul>\n<p>&nbsp;<\/p>\n<p>&nbsp;<\/p>\n","protected":false},"excerpt":{"rendered":"<p>&nbsp; La Educaci\u00f3n Primaria contribuir\u00e1 a desarrollar en el alumnado las capacidades, los h\u00e1bitos, las actitudes y los valores que le permitan alcanzar los objetivos siguientes: Desarrollar la confianza en s\u00ed mismo, el sentido cr\u00edtico, la iniciativa personal, el esp\u00edritu emprendedor y la capacidad para aprender, planificar, evaluar riesgos, tomar decisiones y asumir responsabilidades. Participar &hellip; <\/p>\n<p class=\"link-more\"><a href=\"https:\/\/blogsaverroes.juntadeandalucia.es\/ceipfuentedelbaden\/ed-primaria-3o-ciclo\/\" class=\"more-link\">Continuar leyendo<span class=\"screen-reader-text\"> \u00abEd. Primaria. 3\u00ba ciclo\u00bb<\/span><\/a><\/p>\n","protected":false},"author":1990,"featured_media":0,"parent":0,"menu_order":0,"comment_status":"open","ping_status":"open","template":"","meta":{"ngg_post_thumbnail":0,"footnotes":"","_mc_calendar":[]},"aioseo_notices":[],"_links":{"self":[{"href":"https:\/\/blogsaverroes.juntadeandalucia.es\/ceipfuentedelbaden\/wp-json\/wp\/v2\/pages\/436"}],"collection":[{"href":"https:\/\/blogsaverroes.juntadeandalucia.es\/ceipfuentedelbaden\/wp-json\/wp\/v2\/pages"}],"about":[{"href":"https:\/\/blogsaverroes.juntadeandalucia.es\/ceipfuentedelbaden\/wp-json\/wp\/v2\/types\/page"}],"author":[{"embeddable":true,"href":"https:\/\/blogsaverroes.juntadeandalucia.es\/ceipfuentedelbaden\/wp-json\/wp\/v2\/users\/1990"}],"replies":[{"embeddable":true,"href":"https:\/\/blogsaverroes.juntadeandalucia.es\/ceipfuentedelbaden\/wp-json\/wp\/v2\/comments?post=436"}],"version-history":[{"count":1,"href":"https:\/\/blogsaverroes.juntadeandalucia.es\/ceipfuentedelbaden\/wp-json\/wp\/v2\/pages\/436\/revisions"}],"predecessor-version":[{"id":7243,"href":"https:\/\/blogsaverroes.juntadeandalucia.es\/ceipfuentedelbaden\/wp-json\/wp\/v2\/pages\/436\/revisions\/7243"}],"wp:attachment":[{"href":"https:\/\/blogsaverroes.juntadeandalucia.es\/ceipfuentedelbaden\/wp-json\/wp\/v2\/media?parent=436"}],"curies":[{"name":"wp","href":"https:\/\/api.w.org\/{rel}","templated":true}]}}