{"id":49,"date":"2025-11-16T08:47:05","date_gmt":"2025-11-16T07:47:05","guid":{"rendered":"http:\/\/blogsaverroes.juntadeandalucia.es\/pre\/ceip\/?page_id=49"},"modified":"2025-11-25T20:20:40","modified_gmt":"2025-11-25T19:20:40","slug":"plan_de_centro","status":"publish","type":"page","link":"https:\/\/blogsaverroes.juntadeandalucia.es\/ceipfuentedelbaden\/plan_de_centro\/","title":{"rendered":"Plan de Centro 2025-26"},"content":{"rendered":"<p><span style=\"color: #000000;font-size: 1rem\">El <\/span><strong style=\"color: #000000;font-size: 1rem\">Plan de Centro<\/strong><span style=\"color: #000000;font-size: 1rem\"> es el documento que expresa nuestras se\u00f1as de identidad. Es el aut\u00e9ntico referente, con car\u00e1cter sist\u00e9mico e integrador, del principio de autonom\u00eda pedag\u00f3gica, de organizaci\u00f3n y de gesti\u00f3n .<\/span><\/p>\n<div class=\"entry-content cf\">\n<p><span style=\"color: #000000\">La Ley 17\/2007, de 10 de diciembre, de Educaci\u00f3n de Andaluc\u00eda, establece, en su Art.126, los documentos que integran el Plan de Centro. Son los siguientes:<\/span><\/p>\n<ul style=\"list-style-type: circle\">\n<li><span style=\"color: #000000\">El Proyecto Educativo .<\/span><\/li>\n<li><span style=\"color: #000000\">El Reglamento de Organizaci\u00f3n y Funcionamiento.<\/span><\/li>\n<li><span style=\"color: #000000\">El Proyecto de Gesti\u00f3n del Centro .<\/span><\/li>\n<\/ul>\n<p><span style=\"color: #000000\">El Plan de Centro se revisa de forma anual, es decir se elabora cada a\u00f1o adapt\u00e1ndose a las circunstancias, dificultades, avances, deliberaciones y acuerdos del Claustro y del Consejo Escolar. A mitad de curso se realiza una revisi\u00f3n y es al final del curso cuando se eval\u00faa el grado de cumplimiento del Plan de Centro. Nuestro Colegio es de titularidad p\u00fablica y depende de la Junta de Andaluc\u00eda.<\/span><\/p>\n<p><span style=\"color: #000000\">Aqu\u00ed pod\u00e9is encontrar los documentos que conforman el Plan&nbsp;de Centro de Nuestro Cole:<\/span><\/p>\n<p><span style=\"color: #000000\"><img loading=\"lazy\" decoding=\"async\" class=\"aligncenter wp-image-6042\" src=\"https:\/\/blogsaverroes.juntadeandalucia.es\/ceipfuentedelbaden\/files\/2020\/05\/plan-de-centro-300x181.png\" alt=\"\" width=\"413\" height=\"249\" srcset=\"https:\/\/blogsaverroes.juntadeandalucia.es\/ceipfuentedelbaden\/files\/2020\/05\/plan-de-centro-300x181.png 300w, https:\/\/blogsaverroes.juntadeandalucia.es\/ceipfuentedelbaden\/files\/2020\/05\/plan-de-centro-150x90.png 150w, https:\/\/blogsaverroes.juntadeandalucia.es\/ceipfuentedelbaden\/files\/2020\/05\/plan-de-centro-700x422.png 700w, https:\/\/blogsaverroes.juntadeandalucia.es\/ceipfuentedelbaden\/files\/2020\/05\/plan-de-centro-24x14.png 24w, https:\/\/blogsaverroes.juntadeandalucia.es\/ceipfuentedelbaden\/files\/2020\/05\/plan-de-centro-36x22.png 36w, https:\/\/blogsaverroes.juntadeandalucia.es\/ceipfuentedelbaden\/files\/2020\/05\/plan-de-centro-48x29.png 48w, https:\/\/blogsaverroes.juntadeandalucia.es\/ceipfuentedelbaden\/files\/2020\/05\/plan-de-centro.png 746w\" sizes=\"(max-width: 413px) 100vw, 413px\" \/><\/span><\/p>\n<p>Descarga aqu\u00ed el documento:<\/p>\n<p><a href=\"https:\/\/blogsaverroes.juntadeandalucia.es\/ceipfuentedelbaden\/files\/2025\/11\/Plan-de-Centro-25-26.pdf\">Plan de Centro 25-26<\/a><\/p>\n<\/div>\n","protected":false},"excerpt":{"rendered":"<p>El Plan de Centro es el documento que expresa nuestras se\u00f1as de identidad. Es el aut\u00e9ntico referente, con car\u00e1cter sist\u00e9mico e integrador, del principio de autonom\u00eda pedag\u00f3gica, de organizaci\u00f3n y de gesti\u00f3n . La Ley 17\/2007, de 10 de diciembre, de Educaci\u00f3n de Andaluc\u00eda, establece, en su Art.126, los documentos que integran el Plan de &hellip; <\/p>\n<p class=\"link-more\"><a href=\"https:\/\/blogsaverroes.juntadeandalucia.es\/ceipfuentedelbaden\/plan_de_centro\/\" class=\"more-link\">Continuar leyendo<span class=\"screen-reader-text\"> \u00abPlan de Centro 2025-26\u00bb<\/span><\/a><\/p>\n","protected":false},"author":1990,"featured_media":0,"parent":0,"menu_order":0,"comment_status":"closed","ping_status":"closed","template":"","meta":{"ngg_post_thumbnail":0,"footnotes":"","_mc_calendar":[]},"aioseo_notices":[],"_links":{"self":[{"href":"https:\/\/blogsaverroes.juntadeandalucia.es\/ceipfuentedelbaden\/wp-json\/wp\/v2\/pages\/49"}],"collection":[{"href":"https:\/\/blogsaverroes.juntadeandalucia.es\/ceipfuentedelbaden\/wp-json\/wp\/v2\/pages"}],"about":[{"href":"https:\/\/blogsaverroes.juntadeandalucia.es\/ceipfuentedelbaden\/wp-json\/wp\/v2\/types\/page"}],"author":[{"embeddable":true,"href":"https:\/\/blogsaverroes.juntadeandalucia.es\/ceipfuentedelbaden\/wp-json\/wp\/v2\/users\/1990"}],"replies":[{"embeddable":true,"href":"https:\/\/blogsaverroes.juntadeandalucia.es\/ceipfuentedelbaden\/wp-json\/wp\/v2\/comments?post=49"}],"version-history":[{"count":24,"href":"https:\/\/blogsaverroes.juntadeandalucia.es\/ceipfuentedelbaden\/wp-json\/wp\/v2\/pages\/49\/revisions"}],"predecessor-version":[{"id":7350,"href":"https:\/\/blogsaverroes.juntadeandalucia.es\/ceipfuentedelbaden\/wp-json\/wp\/v2\/pages\/49\/revisions\/7350"}],"wp:attachment":[{"href":"https:\/\/blogsaverroes.juntadeandalucia.es\/ceipfuentedelbaden\/wp-json\/wp\/v2\/media?parent=49"}],"curies":[{"name":"wp","href":"https:\/\/api.w.org\/{rel}","templated":true}]}}