{"id":99,"date":"2015-03-16T07:22:54","date_gmt":"2015-03-16T07:22:54","guid":{"rendered":"http:\/\/blogsaverroes.juntadeandalucia.es\/pre\/ceip\/?page_id=99"},"modified":"2024-06-22T15:38:46","modified_gmt":"2024-06-22T14:38:46","slug":"comedor-escolar","status":"publish","type":"page","link":"https:\/\/blogsaverroes.juntadeandalucia.es\/ceipfuentedelbaden\/comedor-escolar\/","title":{"rendered":"Comedor escolar"},"content":{"rendered":"<h4><a href=\"http:\/\/blogsaverroes.juntadeandalucia.es\/ceipfuentedelbaden\/files\/2015\/03\/comedor-como.gif\"><img loading=\"lazy\" decoding=\"async\" class=\" wp-image-2190 aligncenter\" src=\"http:\/\/blogsaverroes.juntadeandalucia.es\/ceipfuentedelbaden\/files\/2015\/03\/comedor-como.gif\" alt=\"comedor como\" width=\"252\" height=\"354\"><\/a><strong>Comedor Escolar&nbsp;<\/strong><\/h4>\n<p>El comedor escolar es un servicio complementario que resulta de una gran utilidad a padres y madres para ayudarles a conciliar la vida laboral y familiar.<\/p>\n<p>El comedor es adem\u00e1s una pieza importante en todas las medidas dirigidas a mejorar los h\u00e1bitos alimenticios de los ni\u00f1os y ni\u00f1as, adem\u00e1s de prevenir problemas de salud como la obesidad, anorexia, etc.<\/p>\n<p>El comedor escolar promueve una alimentaci\u00f3n saludable que est\u00e1 supervisada por nutricionistas de la empresa de catering que atiende al servicio y que, entre otros aspectos se caracteriza por:<\/p>\n<ul>\n<li>Una mayor proporci\u00f3n de verdura en los men\u00fas.<\/li>\n<li>Fruta fresca como postre al menos &nbsp;cuatro d\u00edas a la semana.<\/li>\n<li>Uso de aceite virgen extra.<\/li>\n<li>M\u00e1s pescado que carne, que debe ser magra.<\/li>\n<li>Prohibici\u00f3n de alimentos precocinados y limitaci\u00f3n de los fritos.<\/li>\n<li>Apuesta por la dieta mediterr\u00e1nea y los productos naturales<\/li>\n<\/ul>\n<p>El servicio de comedor es atendido por la empresa de catering El C\u00e1ntaro: <a href=\"https:\/\/view.genial.ly\/5fc02fc3d342a20d8b8ddb3a\/presentation-presentacion-familias\">https:\/\/view.genial.ly\/5fc02fc3d342a20d8b8ddb3a\/presentation-presentacion-familias<\/a><\/p>\n<p>El horario ser\u00e1 de 14,00 a 16,00 horas.<\/p>\n","protected":false},"excerpt":{"rendered":"<p>Comedor Escolar&nbsp; El comedor escolar es un servicio complementario que resulta de una gran utilidad a padres y madres para ayudarles a conciliar la vida laboral y familiar. El comedor es adem\u00e1s una pieza importante en todas las medidas dirigidas a mejorar los h\u00e1bitos alimenticios de los ni\u00f1os y ni\u00f1as, adem\u00e1s de prevenir problemas de &hellip; <\/p>\n<p class=\"link-more\"><a href=\"https:\/\/blogsaverroes.juntadeandalucia.es\/ceipfuentedelbaden\/comedor-escolar\/\" class=\"more-link\">Continuar leyendo<span class=\"screen-reader-text\"> \u00abComedor escolar\u00bb<\/span><\/a><\/p>\n","protected":false},"author":1990,"featured_media":0,"parent":0,"menu_order":0,"comment_status":"open","ping_status":"open","template":"","meta":{"ngg_post_thumbnail":0,"footnotes":"","_mc_calendar":[]},"aioseo_notices":[],"_links":{"self":[{"href":"https:\/\/blogsaverroes.juntadeandalucia.es\/ceipfuentedelbaden\/wp-json\/wp\/v2\/pages\/99"}],"collection":[{"href":"https:\/\/blogsaverroes.juntadeandalucia.es\/ceipfuentedelbaden\/wp-json\/wp\/v2\/pages"}],"about":[{"href":"https:\/\/blogsaverroes.juntadeandalucia.es\/ceipfuentedelbaden\/wp-json\/wp\/v2\/types\/page"}],"author":[{"embeddable":true,"href":"https:\/\/blogsaverroes.juntadeandalucia.es\/ceipfuentedelbaden\/wp-json\/wp\/v2\/users\/1990"}],"replies":[{"embeddable":true,"href":"https:\/\/blogsaverroes.juntadeandalucia.es\/ceipfuentedelbaden\/wp-json\/wp\/v2\/comments?post=99"}],"version-history":[{"count":22,"href":"https:\/\/blogsaverroes.juntadeandalucia.es\/ceipfuentedelbaden\/wp-json\/wp\/v2\/pages\/99\/revisions"}],"predecessor-version":[{"id":7237,"href":"https:\/\/blogsaverroes.juntadeandalucia.es\/ceipfuentedelbaden\/wp-json\/wp\/v2\/pages\/99\/revisions\/7237"}],"wp:attachment":[{"href":"https:\/\/blogsaverroes.juntadeandalucia.es\/ceipfuentedelbaden\/wp-json\/wp\/v2\/media?parent=99"}],"curies":[{"name":"wp","href":"https:\/\/api.w.org\/{rel}","templated":true}]}}