{"id":3348,"date":"2016-02-08T16:44:24","date_gmt":"2016-02-08T15:44:24","guid":{"rendered":"http:\/\/blogsaverroes.juntadeandalucia.es\/ceipgabrielcara\/?page_id=3348"},"modified":"2026-02-26T13:56:48","modified_gmt":"2026-02-26T12:56:48","slug":"coeducacion","status":"publish","type":"page","link":"https:\/\/blogsaverroes.juntadeandalucia.es\/ceipgabrielcara\/coeducacion\/","title":{"rendered":"Niveles Educativos"},"content":{"rendered":"<h3><em><strong>Curso 2025\/26<\/strong><\/em><\/h3>\n<p>&nbsp;<\/p>\n<h4>Actualmente el C.E.I.P. \u00abGabriel Cara\u00bb ofrece formaci\u00f3n para las siguientes etapas y niveles:<\/h4>\n<p>&nbsp;<\/p>\n<h3 style=\"text-align: center\"><span style=\"color: #ff0000\"><strong>Educaci\u00f3n Especial<\/strong><\/span><\/h3>\n<h4 style=\"text-align: center\"><strong><span style=\"color: #33cccc\">Aula TEA<\/span><br \/>\n<\/strong><\/h4>\n<h4 style=\"text-align: center\"><strong>&nbsp;<\/strong><\/h4>\n<p>&nbsp;<\/p>\n<h3 style=\"text-align: center\"><span style=\"color: #ff0000\"><strong>Educaci\u00f3n Infantil&nbsp;<\/strong><\/span><\/h3>\n<table style=\"width: 686px\">\n<tbody>\n<tr>\n<td style=\"width: 194px;text-align: center\">\n<h4><span style=\"color: #ff9900\"><strong>Infantil 3 a\u00f1os<\/strong><\/span><\/h4>\n<\/td>\n<td style=\"width: 216px\">\n<h4 style=\"text-align: center\"><span style=\"color: #339966\"><strong>Infantil 4 a\u00f1os<\/strong><\/span><\/h4>\n<\/td>\n<td style=\"width: 215px\">\n<h4 style=\"text-align: center\"><span style=\"color: #0000ff\"><strong>Infantil 5 a\u00f1os<\/strong><\/span><\/h4>\n<\/td>\n<\/tr>\n<\/tbody>\n<\/table>\n<h3>&nbsp;<\/h3>\n<p>&nbsp;<\/p>\n<h3 style=\"text-align: center\"><span style=\"color: #ff0000\"><strong>Educaci\u00f3n Primaria<\/strong><\/span><\/h3>\n<table style=\"width: 719.5px\">\n<tbody>\n<tr>\n<td style=\"width: 95px;text-align: center\">\n<h4 style=\"text-align: left\"><span style=\"color: #ff9900\"><strong>1\u00ba Primaria<\/strong><\/span><\/h4>\n<\/td>\n<td style=\"width: 102px;text-align: center\">\n<h4><span style=\"color: #339966\"><strong>2\u00ba Primaria<\/strong><\/span><\/h4>\n<\/td>\n<td style=\"width: 95px;text-align: center\">\n<h4><span style=\"color: #0000ff\"><strong>3\u00ba Primaria<\/strong><\/span><\/h4>\n<\/td>\n<td style=\"width: 95px;text-align: center\">\n<h4><span style=\"color: #800080\"><strong>4\u00ba Primaria<\/strong><\/span><\/h4>\n<\/td>\n<td style=\"width: 97px;text-align: center\">\n<h4><span style=\"color: #ff00ff\"><strong>5\u00ba Primaria<\/strong><\/span><\/h4>\n<\/td>\n<td style=\"width: 93.5px;text-align: center\">\n<h4><span style=\"color: #33cccc\"><strong>6\u00ba Primaria<\/strong><\/span><\/h4>\n<\/td>\n<\/tr>\n<\/tbody>\n<\/table>\n<p>&nbsp;<\/p>\n","protected":false},"excerpt":{"rendered":"<p>Curso 2025\/26 &nbsp; Actualmente el C.E.I.P. \u00abGabriel Cara\u00bb ofrece formaci\u00f3n para las siguientes etapas y niveles: &nbsp; Educaci\u00f3n Especial Aula TEA &nbsp; &nbsp; Educaci\u00f3n Infantil&nbsp; Infantil 3 a\u00f1os Infantil 4 a\u00f1os Infantil 5 a\u00f1os&#46;&#46;&#46;<\/p>\n","protected":false},"author":1904,"featured_media":0,"parent":0,"menu_order":0,"comment_status":"closed","ping_status":"closed","template":"","meta":{"ngg_post_thumbnail":0,"footnotes":""},"aioseo_notices":[],"_links":{"self":[{"href":"https:\/\/blogsaverroes.juntadeandalucia.es\/ceipgabrielcara\/wp-json\/wp\/v2\/pages\/3348"}],"collection":[{"href":"https:\/\/blogsaverroes.juntadeandalucia.es\/ceipgabrielcara\/wp-json\/wp\/v2\/pages"}],"about":[{"href":"https:\/\/blogsaverroes.juntadeandalucia.es\/ceipgabrielcara\/wp-json\/wp\/v2\/types\/page"}],"author":[{"embeddable":true,"href":"https:\/\/blogsaverroes.juntadeandalucia.es\/ceipgabrielcara\/wp-json\/wp\/v2\/users\/1904"}],"replies":[{"embeddable":true,"href":"https:\/\/blogsaverroes.juntadeandalucia.es\/ceipgabrielcara\/wp-json\/wp\/v2\/comments?post=3348"}],"version-history":[{"count":23,"href":"https:\/\/blogsaverroes.juntadeandalucia.es\/ceipgabrielcara\/wp-json\/wp\/v2\/pages\/3348\/revisions"}],"predecessor-version":[{"id":6050,"href":"https:\/\/blogsaverroes.juntadeandalucia.es\/ceipgabrielcara\/wp-json\/wp\/v2\/pages\/3348\/revisions\/6050"}],"wp:attachment":[{"href":"https:\/\/blogsaverroes.juntadeandalucia.es\/ceipgabrielcara\/wp-json\/wp\/v2\/media?parent=3348"}],"curies":[{"name":"wp","href":"https:\/\/api.w.org\/{rel}","templated":true}]}}