{"id":4148,"date":"2018-03-03T01:47:42","date_gmt":"2018-03-03T00:47:42","guid":{"rendered":"http:\/\/blogsaverroes.juntadeandalucia.es\/ceipgabrielcara\/?page_id=4148"},"modified":"2026-02-26T14:01:07","modified_gmt":"2026-02-26T13:01:07","slug":"admision","status":"publish","type":"page","link":"https:\/\/blogsaverroes.juntadeandalucia.es\/ceipgabrielcara\/admision\/","title":{"rendered":"Admisi\u00f3n"},"content":{"rendered":"<p style=\"text-align: center\"><strong>SOLICITUD DE ADMISI\u00d3N PARA EL CURSO 2026-2027<\/strong><\/p>\n<p><strong><span style=\"color: #008080\">INFORMACI\u00d3N SOBRE EL PROCESO DE ADMISI\u00d3N<\/span><br \/>\n<\/strong><\/p>\n<p><span style=\"color: #0000ff\"><strong>\u00bfCU\u00c1NDO SE PUEDE SOLICITAR?<\/strong><\/span><\/p>\n<p style=\"text-align: justify\">El <strong>plazo<\/strong> de presentaci\u00f3n de solicitudes de admisi\u00f3n para el curso 2026-2027 ser\u00e1 el comprendido desde 1 de marzo hasta el 31 de marzo de 2026, ambos inclusive, de manera telem\u00e1tica, hasta el 27 de marzo de forma presencial en la secretar\u00eda del colegio (con cita previa en el tel\u00e9fono 950 15 36 35).<\/p>\n<p><span style=\"color: #0000ff\"><strong>\u00bfQUI\u00c9N LO PUEDE SOLICITAR?<\/strong><\/span><\/p>\n<p style=\"text-align: justify\">Dicho procedimiento <strong>est\u00e1 dirigido a<\/strong>:<\/p>\n<p style=\"text-align: justify\">a) Alumnado de Educaci\u00f3n Infantil de 3 a\u00f1os, que desea incorporarse por primera vez a nuestro centro, procedente de Escuelas Infantiles de Primer Ciclo.<br \/>\nb) Alumnado de nueva incorporaci\u00f3n a nuestro Sistema Educativo, y que no ha estado matriculado en ning\u00fan centro.<br \/>\nc) Alumnado que en la actualidad est\u00e1 escolarizado en otros colegios y desee incorporarse al nuestro en el curso 2026-2027.<br \/>\nd) Otras casu\u00edsticas acorde con la normativa vigente.<\/p>\n<p>Se recuerda que <strong>el alumnado que actualmente se encuentra ya matriculado en nuestro colegio no tendr\u00e1 que hacer este procedimiento ahora<\/strong> para continuar en nuestro centro y s\u00ed la matr\u00edcula, cuyo plazo ser\u00e1 del 1 al 8 de junio de 2026.<\/p>\n<p>&nbsp;<\/p>\n<p><span style=\"color: #0000ff\"><strong>\u00bfC\u00d3MO SE PUEDE SOLICITAR?<\/strong><\/span><\/p>\n<ul>\n<li><strong><em><span style=\"color: #666699\">DE FORMA PRESENCIAL<\/span><\/em><br \/>\n<\/strong><\/li>\n<\/ul>\n<p style=\"text-align: justify\">Para realizar este procedimiento de manera presencial en la secretar\u00eda del colegio habr\u00e1 que pedir cita previa en el tel\u00e9fono 950153635.<\/p>\n<p>Pueden encontrar el <strong>impreso de solicitud<\/strong> en el centro o descargarlo en el siguiente enlace:<\/p>\n<p><a href=\"https:\/\/blogsaverroes.juntadeandalucia.es\/ceipgabrielcara\/files\/2021\/10\/desc-pdf.jpg\"><img loading=\"lazy\" decoding=\"async\" class=\"wp-image-5396 size-thumbnail alignleft\" src=\"https:\/\/blogsaverroes.juntadeandalucia.es\/ceipgabrielcara\/files\/2021\/10\/desc-pdf-150x150.jpg\" alt=\"\" width=\"150\" height=\"150\" srcset=\"https:\/\/blogsaverroes.juntadeandalucia.es\/ceipgabrielcara\/files\/2021\/10\/desc-pdf-150x150.jpg 150w, https:\/\/blogsaverroes.juntadeandalucia.es\/ceipgabrielcara\/files\/2021\/10\/desc-pdf-300x300.jpg 300w, https:\/\/blogsaverroes.juntadeandalucia.es\/ceipgabrielcara\/files\/2021\/10\/desc-pdf.jpg 450w\" sizes=\"(max-width: 150px) 100vw, 150px\" \/><\/a><\/p>\n<p><a href=\"https:\/\/blogsaverroes.juntadeandalucia.es\/ceipgabrielcara\/files\/2024\/02\/Anexo-III-1.pdf\">ANEXO III &#8211; Solicitud de admisi\u00f3n en centros docentes p\u00fablicos y privados concertados para cursar las ense\u00f1anzas de segundo ciclo de Educaci\u00f3n Infantil, Educaci\u00f3n Primaria, Educaci\u00f3n Especial, Educaci\u00f3n Secundaria Obligatoria y Bachillerato.&nbsp;<\/a><\/p>\n<p>&nbsp;<\/p>\n<p>Adem\u00e1s, deber\u00e1 aportarse fotocopias del DNI o NIE y del libro de familia.<\/p>\n<p>&nbsp;<\/p>\n<ul>\n<li><strong><em><span style=\"color: #666699\">DE FORMA TELEM\u00c1TICA<\/span><\/em><br \/>\n<\/strong><\/li>\n<\/ul>\n<p style=\"text-align: justify\">A trav\u00e9s de la secretar\u00eda virtual de la Junta de Andalucia:<\/p>\n<p><a href=\"https:\/\/secretariavirtual.juntadeandalucia.es\/secretariavirtual\/solicitudes\/\">https:\/\/secretariavirtual.juntadeandalucia.es\/secretariavirtual\/solicitudes\/<\/a><\/p>\n<p>&nbsp;<\/p>\n<p><strong><span style=\"color: #0000ff\">CONSULTA \u00c1REAS DE INFLUENCIA:<\/span><\/strong><\/p>\n<p><a href=\"https:\/\/www.juntadeandalucia.es\/educacion\/educasig\/escolarizacion\/\">https:\/\/www.juntadeandalucia.es\/educacion\/educasig\/escolarizacion\/<\/a><\/p>\n<p>&nbsp;<\/p>\n<p><strong><span style=\"color: #0000ff\">M\u00c1S INFORMACI\u00d3N:<\/span><br \/>\n<\/strong><\/p>\n<p><a href=\"https:\/\/www.juntadeandalucia.es\/educacion\/portals\/web\/escolarizacion\">https:\/\/www.juntadeandalucia.es\/educacion\/portals\/web\/escolarizacion<\/a><\/p>\n<p>&nbsp;<\/p>\n<p style=\"text-align: justify\">&nbsp;<\/p>\n<p style=\"text-align: justify\">&nbsp;<\/p>\n<p style=\"text-align: center\">&nbsp;<\/p>\n<p>&nbsp;<\/p>\n<p style=\"text-align: center\">&nbsp;<\/p>\n","protected":false},"excerpt":{"rendered":"<p>SOLICITUD DE ADMISI\u00d3N PARA EL CURSO 2026-2027 INFORMACI\u00d3N SOBRE EL PROCESO DE ADMISI\u00d3N \u00bfCU\u00c1NDO SE PUEDE SOLICITAR? El plazo de presentaci\u00f3n de solicitudes de admisi\u00f3n para el curso 2026-2027 ser\u00e1 el comprendido desde 1&#46;&#46;&#46;<\/p>\n","protected":false},"author":1904,"featured_media":0,"parent":0,"menu_order":0,"comment_status":"closed","ping_status":"closed","template":"","meta":{"ngg_post_thumbnail":0,"footnotes":""},"aioseo_notices":[],"_links":{"self":[{"href":"https:\/\/blogsaverroes.juntadeandalucia.es\/ceipgabrielcara\/wp-json\/wp\/v2\/pages\/4148"}],"collection":[{"href":"https:\/\/blogsaverroes.juntadeandalucia.es\/ceipgabrielcara\/wp-json\/wp\/v2\/pages"}],"about":[{"href":"https:\/\/blogsaverroes.juntadeandalucia.es\/ceipgabrielcara\/wp-json\/wp\/v2\/types\/page"}],"author":[{"embeddable":true,"href":"https:\/\/blogsaverroes.juntadeandalucia.es\/ceipgabrielcara\/wp-json\/wp\/v2\/users\/1904"}],"replies":[{"embeddable":true,"href":"https:\/\/blogsaverroes.juntadeandalucia.es\/ceipgabrielcara\/wp-json\/wp\/v2\/comments?post=4148"}],"version-history":[{"count":30,"href":"https:\/\/blogsaverroes.juntadeandalucia.es\/ceipgabrielcara\/wp-json\/wp\/v2\/pages\/4148\/revisions"}],"predecessor-version":[{"id":6051,"href":"https:\/\/blogsaverroes.juntadeandalucia.es\/ceipgabrielcara\/wp-json\/wp\/v2\/pages\/4148\/revisions\/6051"}],"wp:attachment":[{"href":"https:\/\/blogsaverroes.juntadeandalucia.es\/ceipgabrielcara\/wp-json\/wp\/v2\/media?parent=4148"}],"curies":[{"name":"wp","href":"https:\/\/api.w.org\/{rel}","templated":true}]}}