{"id":4151,"date":"2018-03-03T01:47:42","date_gmt":"2018-03-03T00:47:42","guid":{"rendered":"http:\/\/blogsaverroes.juntadeandalucia.es\/ceipgabrielcara\/?page_id=4151"},"modified":"2025-09-09T17:21:16","modified_gmt":"2025-09-09T15:21:16","slug":"comedor","status":"publish","type":"page","link":"https:\/\/blogsaverroes.juntadeandalucia.es\/ceipgabrielcara\/comedor\/","title":{"rendered":"Comedor"},"content":{"rendered":"<h1 style=\"text-align: center\"><span style=\"color: #0000ff\"><strong><span style=\"color: #0000ff\">SOLICITUD<\/span> <\/strong><\/span><\/h1>\n<p>El plazo para solicitar los servicios de&nbsp;<strong>Aula Matinal, Comedor y Actividades Extraescolares<\/strong>&nbsp;es del&nbsp;<strong>1 al 10 de junio de 2025, ambos inclusive.<\/strong><\/p>\n<p><strong>Se priorizar\u00e1 la presentaci\u00f3n de la solicitud de manera telem\u00e1tica junto a la matr\u00edcula<\/strong>&nbsp;a trav\u00e9s de la Secretar\u00eda Virtual de la Junta de Andaluc\u00eda, en el siguiente enlace:<\/p>\n<p><u><a href=\"https:\/\/www.juntadeandalucia.es\/educacion\/secretariavirtual\/solicitudes\/\" target=\"_blank\" rel=\"noopener\">https:\/\/www.juntadeandalucia.es\/educacion\/secretariavirtual\/solicitudes\/<\/a><\/u><u><\/u><\/p>\n<p>En caso de que quieran solicitar alguno de estos servicios de manera presencial, deber\u00e1n&nbsp;<strong>pedir cita previa en el tel\u00e9fono 950153635<\/strong>&nbsp;y asistir al centro en horario de secretar\u00eda (de lunes a viernes, de 9:20 a 10:50 horas y de 12:10 a 13:30 horas).&nbsp;<\/p>\n<p>&nbsp;<\/p>\n<p><a href=\"https:\/\/blogsaverroes.juntadeandalucia.es\/ceipgabrielcara\/files\/2021\/10\/desc-pdf.jpg\"><img loading=\"lazy\" decoding=\"async\" class=\"wp-image-5396 size-thumbnail alignleft\" src=\"https:\/\/blogsaverroes.juntadeandalucia.es\/ceipgabrielcara\/files\/2021\/10\/desc-pdf-150x150.jpg\" alt=\"\" width=\"150\" height=\"150\" srcset=\"https:\/\/blogsaverroes.juntadeandalucia.es\/ceipgabrielcara\/files\/2021\/10\/desc-pdf-150x150.jpg 150w, https:\/\/blogsaverroes.juntadeandalucia.es\/ceipgabrielcara\/files\/2021\/10\/desc-pdf-300x300.jpg 300w, https:\/\/blogsaverroes.juntadeandalucia.es\/ceipgabrielcara\/files\/2021\/10\/desc-pdf.jpg 450w\" sizes=\"(max-width: 150px) 100vw, 150px\" \/><\/a><\/p>\n<p>&nbsp;<\/p>\n<p>* <a href=\"https:\/\/blogsaverroes.juntadeandalucia.es\/ceipgabrielcara\/files\/2024\/05\/SOLICITUD-SERVICIOS-COMPLEMENTARIOS.pdf\">Solicitud servicios complementarios (aula matinal, comedor y actividades extraescolares)<\/a><\/p>\n<p>&nbsp;<\/p>\n<p>&nbsp;<\/p>\n<p>&nbsp;<\/p>\n<p>Documentaci\u00f3n a aportar para solicitar Comedor y Aula Matinal:<\/p>\n<ul>\n<li>Impreso Anexo II de solicitud.<\/li>\n<li>Informe de vida laboral de las personas que ostentan la guarda y custodia o certificado de la unidad de personal de su destino como funcionario.<\/li>\n<li>Certificado de empresa con la duraci\u00f3n de la jornada y el horario de trabajo.<\/li>\n<li>En el caso de desarrollar una actividad laboral por cuenta propia, alta en el Impuesto de actividades econ\u00f3micas y una declaraci\u00f3n responsable de la persona interesa sobre la vigencia de la misma y del horario que requiere la actividad.<\/li>\n<li>Otras casu\u00edsticas recogidas en el impreso Anexo II de solicitud.<\/li>\n<\/ul>\n<p>Documentaci\u00f3n a aportar para las Actividades Extraescolares:<\/p>\n<ul>\n<li>Impreso Anexo II de solicitud.<\/li>\n<\/ul>\n<p>Para acreditar la situaci\u00f3n de familia monoparental ser\u00e1 necesario aportar copia autenticada del libro de familia o documento judicial de monoparentalidad.<\/p>\n<p>Les recordamos que la solicitud de&nbsp;<strong><u>bonificaciones<\/u><\/strong>&nbsp;de los servicios de comedor, matinal y actividades extraescolares se realizar\u00e1&nbsp;<strong><u>del 1 al 8 de septiembre de 2025.<\/u><\/strong><\/p>\n<p>&nbsp;<\/p>\n<h2 style=\"text-align: center\"><span style=\"color: #ff6600\"><strong>HORARIO<\/strong><strong>:<\/strong><\/span> 14:00 \u2013 16:00 horas.<\/h2>\n<p><a href=\"https:\/\/blogsaverroes.juntadeandalucia.es\/ceipgabrielcara\/files\/2021\/10\/comedor-manzana.jpg\"><img loading=\"lazy\" decoding=\"async\" class=\"aligncenter size-full wp-image-5400\" src=\"https:\/\/blogsaverroes.juntadeandalucia.es\/ceipgabrielcara\/files\/2021\/10\/comedor-manzana.jpg\" alt=\"\" width=\"300\" height=\"340\" srcset=\"https:\/\/blogsaverroes.juntadeandalucia.es\/ceipgabrielcara\/files\/2021\/10\/comedor-manzana.jpg 300w, https:\/\/blogsaverroes.juntadeandalucia.es\/ceipgabrielcara\/files\/2021\/10\/comedor-manzana-265x300.jpg 265w\" sizes=\"(max-width: 300px) 100vw, 300px\" \/><\/a><\/p>\n<h1><span style=\"color: #0000ff\"><strong><span style=\"color: #33cccc\">&nbsp; &nbsp; <\/span><\/strong><\/span><\/h1>\n<p style=\"text-align: left\">&nbsp;<\/p>\n<p style=\"text-align: justify\">&nbsp;<\/p>\n<p>&nbsp;<\/p>\n<h2 style=\"text-align: center\"><span style=\"color: #339966\"><strong>COMUNICACI\u00d3N DE CAMBIOS, AUSENCIAS Y BAJAS<\/strong><\/span><\/h2>\n<p style=\"text-align: justify\">Se recuerda que, de acuerdo con lo establecido en la <strong>Orden de 17 de abril de 2017<\/strong>, por la que <em>se regula la organizaci\u00f3n y el funcionamiento de los servicios complementarios de aula matinal, comedor escolar y actividades <\/em><em>extraescolares, as\u00ed como el uso de las instalaciones de los centros docentes p\u00fablicos de la Comunidad Aut\u00f3noma de Andaluc\u00eda fuera del horario escolar<\/em>. la <strong>solicitud de baja o modificaci\u00f3n<\/strong> de la opci\u00f3n inicialmente elegida para el servicio de comedor escolar <strong>se comunicar\u00e1<\/strong> a la persona que ejerza la direcci\u00f3n del centro,<strong> antes del \u00faltimo d\u00eda lectivo de la semana anterior a aquella en la que se pretenda hacer efectiva la baja o modificaci\u00f3n.<\/strong><\/p>\n<p><a href=\"https:\/\/blogsaverroes.juntadeandalucia.es\/ceipgabrielcara\/files\/2021\/10\/desc-pdf.jpg\"><img loading=\"lazy\" decoding=\"async\" class=\"alignleft wp-image-5396 size-thumbnail\" src=\"https:\/\/blogsaverroes.juntadeandalucia.es\/ceipgabrielcara\/files\/2021\/10\/desc-pdf-150x150.jpg\" alt=\"\" width=\"150\" height=\"150\" srcset=\"https:\/\/blogsaverroes.juntadeandalucia.es\/ceipgabrielcara\/files\/2021\/10\/desc-pdf-150x150.jpg 150w, https:\/\/blogsaverroes.juntadeandalucia.es\/ceipgabrielcara\/files\/2021\/10\/desc-pdf-300x300.jpg 300w, https:\/\/blogsaverroes.juntadeandalucia.es\/ceipgabrielcara\/files\/2021\/10\/desc-pdf.jpg 450w\" sizes=\"(max-width: 150px) 100vw, 150px\" \/><\/a><\/p>\n<p><a href=\"https:\/\/blogsaverroes.juntadeandalucia.es\/ceipgabrielcara\/files\/2018\/03\/CAMBIO-N\u00ba-CUENTA.pdf\">Cambio n\u00famero de cuenta<\/a><\/p>\n<p><a href=\"https:\/\/blogsaverroes.juntadeandalucia.es\/ceipgabrielcara\/files\/2021\/10\/solicitud_baja_paf.pdf\">Baja comedor<\/a><\/p>\n<p>&nbsp;<\/p>\n<p>&nbsp;<\/p>\n<p>&nbsp;<\/p>\n<p>&nbsp;<\/p>\n<p>&nbsp;<\/p>\n<p style=\"text-align: center\"><a href=\"https:\/\/blogsaverroes.juntadeandalucia.es\/ceipgabrielcara\/files\/2021\/10\/contactar.png\"><img loading=\"lazy\" decoding=\"async\" class=\"aligncenter wp-image-5402 size-thumbnail\" src=\"https:\/\/blogsaverroes.juntadeandalucia.es\/ceipgabrielcara\/files\/2021\/10\/contactar-150x150.png\" alt=\"\" width=\"150\" height=\"150\"><\/a><strong><span style=\"color: #666699\">DATOS DE CONTACTO Y M\u00c1S INFORMACI\u00d3N<\/span><br \/>\n<\/strong><\/p>\n<p style=\"text-align: center\"><em>Datos de contacto de la empresa concesionaria del servicio de comedor:<\/em><\/p>\n<p style=\"text-align: center\">EMPRESA:&nbsp;<strong>ALESSA CATERING SERVICES S.A.U.<\/strong><\/p>\n<p style=\"text-align: center\">FECHA DE INICIO:&nbsp;<strong>10 de septiembre de 2024.<\/strong><\/p>\n<p style=\"text-align: center\">PLAZO DE EJECUCI\u00d3N:&nbsp;<strong>VEINTICUATRO MESES<\/strong><\/p>\n<p style=\"text-align: center\">MODALIDAD:&nbsp;<strong>CATERING<\/strong><\/p>\n<p>&nbsp;<\/p>\n<p>Recuerden que las peticiones de alta y baja para el mes siguiente ha de comunicarse antes de las 10h, 3 d\u00edas naturales anteriores de la fecha efectiva al cambio. <strong><span style=\"text-decoration: underline\">Esta se comunicar\u00e1 tanto al Centro Educativo como a la empresa a trav\u00e9s de la de la APP COLECHEF , mail comedores.alessa@serunion.elior.com o al tel\u00e9fono 950960509.<\/span><\/strong><\/p>\n<p>&nbsp;<\/p>\n<h2 style=\"text-align: center\"><span style=\"color: #339966\"><strong>CIRCULARES INFORMATIVAS EMPRESA<\/strong><\/span><\/h2>\n<p>&nbsp;<\/p>\n<p>&nbsp; &nbsp; &nbsp; <a href=\"https:\/\/blogsaverroes.juntadeandalucia.es\/ceipgabrielcara\/files\/2021\/10\/desc-pdf.jpg\"><img loading=\"lazy\" decoding=\"async\" class=\"wp-image-5396 size-thumbnail alignleft\" src=\"https:\/\/blogsaverroes.juntadeandalucia.es\/ceipgabrielcara\/files\/2021\/10\/desc-pdf-150x150.jpg\" alt=\"\" width=\"150\" height=\"150\" srcset=\"https:\/\/blogsaverroes.juntadeandalucia.es\/ceipgabrielcara\/files\/2021\/10\/desc-pdf-150x150.jpg 150w, https:\/\/blogsaverroes.juntadeandalucia.es\/ceipgabrielcara\/files\/2021\/10\/desc-pdf-300x300.jpg 300w, https:\/\/blogsaverroes.juntadeandalucia.es\/ceipgabrielcara\/files\/2021\/10\/desc-pdf.jpg 450w\" sizes=\"(max-width: 150px) 100vw, 150px\" \/><\/a><\/p>\n<p><a href=\"https:\/\/blogsaverroes.juntadeandalucia.es\/ceipgabrielcara\/files\/2025\/09\/CIRCULAR-COMER-2025-26.pdf\">CIRCULAR COMER 2025-26<\/a><\/p>\n<p><a href=\"https:\/\/blogsaverroes.juntadeandalucia.es\/ceipgabrielcara\/files\/2025\/09\/CARTA-APP-COLECHEF-BIENVENIDA-2025-2026.pdf\">CARTA APP COLECHEF BIENVENIDA 2025-2026<\/a><\/p>\n<p><a href=\"https:\/\/blogsaverroes.juntadeandalucia.es\/ceipgabrielcara\/files\/2025\/09\/CARTA-REGISTRO-APP-COLECHEF.pdf\">CARTA REGISTRO APP COLECHEF<\/a><\/p>\n<p>&nbsp; &nbsp; &nbsp; &nbsp; &nbsp; &nbsp; &nbsp; &nbsp; &nbsp; &nbsp; &nbsp; &nbsp; &nbsp; &nbsp; &nbsp; &nbsp; &nbsp; &nbsp; &nbsp; &nbsp;&nbsp;<\/p>\n<p>&nbsp;<\/p>\n<p style=\"text-align: center\">&nbsp;<\/p>\n<p>&nbsp;<\/p>\n<p>&nbsp;<\/p>\n<p>&nbsp;<\/p>\n<p>&nbsp;<\/p>\n<p>&nbsp;<\/p>\n","protected":false},"excerpt":{"rendered":"<p>SOLICITUD El plazo para solicitar los servicios de&nbsp;Aula Matinal, Comedor y Actividades Extraescolares&nbsp;es del&nbsp;1 al 10 de junio de 2025, ambos inclusive. Se priorizar\u00e1 la presentaci\u00f3n de la solicitud de manera telem\u00e1tica junto a&#46;&#46;&#46;<\/p>\n","protected":false},"author":1904,"featured_media":0,"parent":0,"menu_order":0,"comment_status":"closed","ping_status":"closed","template":"","meta":{"ngg_post_thumbnail":0,"footnotes":""},"aioseo_notices":[],"_links":{"self":[{"href":"https:\/\/blogsaverroes.juntadeandalucia.es\/ceipgabrielcara\/wp-json\/wp\/v2\/pages\/4151"}],"collection":[{"href":"https:\/\/blogsaverroes.juntadeandalucia.es\/ceipgabrielcara\/wp-json\/wp\/v2\/pages"}],"about":[{"href":"https:\/\/blogsaverroes.juntadeandalucia.es\/ceipgabrielcara\/wp-json\/wp\/v2\/types\/page"}],"author":[{"embeddable":true,"href":"https:\/\/blogsaverroes.juntadeandalucia.es\/ceipgabrielcara\/wp-json\/wp\/v2\/users\/1904"}],"replies":[{"embeddable":true,"href":"https:\/\/blogsaverroes.juntadeandalucia.es\/ceipgabrielcara\/wp-json\/wp\/v2\/comments?post=4151"}],"version-history":[{"count":74,"href":"https:\/\/blogsaverroes.juntadeandalucia.es\/ceipgabrielcara\/wp-json\/wp\/v2\/pages\/4151\/revisions"}],"predecessor-version":[{"id":6038,"href":"https:\/\/blogsaverroes.juntadeandalucia.es\/ceipgabrielcara\/wp-json\/wp\/v2\/pages\/4151\/revisions\/6038"}],"wp:attachment":[{"href":"https:\/\/blogsaverroes.juntadeandalucia.es\/ceipgabrielcara\/wp-json\/wp\/v2\/media?parent=4151"}],"curies":[{"name":"wp","href":"https:\/\/api.w.org\/{rel}","templated":true}]}}