{"id":4153,"date":"2018-03-03T01:47:42","date_gmt":"2018-03-03T00:47:42","guid":{"rendered":"http:\/\/blogsaverroes.juntadeandalucia.es\/ceipgabrielcara\/?page_id=4153"},"modified":"2021-10-02T13:21:12","modified_gmt":"2021-10-02T11:21:12","slug":"plan-de-acompanamiento-proa","status":"publish","type":"page","link":"https:\/\/blogsaverroes.juntadeandalucia.es\/ceipgabrielcara\/plan-de-acompanamiento-proa\/","title":{"rendered":"Acompa\u00f1amiento Escolar (PROA)"},"content":{"rendered":"<p>&nbsp;<\/p>\n<p>El Acompa\u00f1amiento Escolar es una actuaci\u00f3n cofinanciada por el Fondo Social Europeo dirigida a mejorar la adquisici\u00f3n de las competencias<br \/>\nclave, especialmente en comunicaci\u00f3n ling\u00fc\u00edstica y razonamiento matem\u00e1tico, del alumnado. LLeva realiz\u00e1ndose en nuestro centro desde el curso 2016\/17.<\/p>\n<p>Durante el presente curso escolar se llevar\u00e1 de nuevo a cabo los martes y jueves de 16 a 18 h, contando con cuatro grupos autorizados que se organizan por nivel: 3\u00ba, 4\u00ba, 5\u00ba y 6\u00ba de Primaria.<\/p>\n<p>&nbsp;<\/p>\n<p><strong>NORMATIVA<\/strong><\/p>\n<p><a href=\"https:\/\/blogsaverroes.juntadeandalucia.es\/ceipgabrielcara\/files\/2021\/10\/desc-pdf.jpg\"><img loading=\"lazy\" decoding=\"async\" class=\"wp-image-5396 size-thumbnail alignleft\" src=\"https:\/\/blogsaverroes.juntadeandalucia.es\/ceipgabrielcara\/files\/2021\/10\/desc-pdf-150x150.jpg\" alt=\"\" width=\"150\" height=\"150\" srcset=\"https:\/\/blogsaverroes.juntadeandalucia.es\/ceipgabrielcara\/files\/2021\/10\/desc-pdf-150x150.jpg 150w, https:\/\/blogsaverroes.juntadeandalucia.es\/ceipgabrielcara\/files\/2021\/10\/desc-pdf-300x300.jpg 300w, https:\/\/blogsaverroes.juntadeandalucia.es\/ceipgabrielcara\/files\/2021\/10\/desc-pdf.jpg 450w\" sizes=\"(max-width: 150px) 100vw, 150px\" \/><\/a><\/p>\n<p>&nbsp;<\/p>\n<p><a href=\"https:\/\/blogsaverroes.juntadeandalucia.es\/ceipgabrielcara\/files\/2021\/10\/Instrucciones-PROAF.pdf\">Instrucciones PROA curso 2021\/22<\/a><\/p>\n<p>&nbsp;<\/p>\n<p>&nbsp;<\/p>\n<p><a href=\"https:\/\/blogsaverroes.juntadeandalucia.es\/ceipgabrielcara\/files\/2020\/12\/PROA-cartel-modificado.png\"><img loading=\"lazy\" decoding=\"async\" class=\"aligncenter size-full wp-image-5203\" src=\"https:\/\/blogsaverroes.juntadeandalucia.es\/ceipgabrielcara\/files\/2020\/12\/PROA-cartel-modificado.png\" alt=\"\" width=\"1131\" height=\"1600\" srcset=\"https:\/\/blogsaverroes.juntadeandalucia.es\/ceipgabrielcara\/files\/2020\/12\/PROA-cartel-modificado.png 1131w, https:\/\/blogsaverroes.juntadeandalucia.es\/ceipgabrielcara\/files\/2020\/12\/PROA-cartel-modificado-212x300.png 212w, https:\/\/blogsaverroes.juntadeandalucia.es\/ceipgabrielcara\/files\/2020\/12\/PROA-cartel-modificado-724x1024.png 724w, https:\/\/blogsaverroes.juntadeandalucia.es\/ceipgabrielcara\/files\/2020\/12\/PROA-cartel-modificado-768x1086.png 768w, https:\/\/blogsaverroes.juntadeandalucia.es\/ceipgabrielcara\/files\/2020\/12\/PROA-cartel-modificado-1086x1536.png 1086w, https:\/\/blogsaverroes.juntadeandalucia.es\/ceipgabrielcara\/files\/2020\/12\/PROA-cartel-modificado-1448x2048.png 1448w, https:\/\/blogsaverroes.juntadeandalucia.es\/ceipgabrielcara\/files\/2020\/12\/PROA-cartel-modificado-17x24.png 17w, https:\/\/blogsaverroes.juntadeandalucia.es\/ceipgabrielcara\/files\/2020\/12\/PROA-cartel-modificado-25x36.png 25w, https:\/\/blogsaverroes.juntadeandalucia.es\/ceipgabrielcara\/files\/2020\/12\/PROA-cartel-modificado-34x48.png 34w\" sizes=\"(max-width: 1131px) 100vw, 1131px\" \/><\/a><\/p>\n","protected":false},"excerpt":{"rendered":"<p>&nbsp; El Acompa\u00f1amiento Escolar es una actuaci\u00f3n cofinanciada por el Fondo Social Europeo dirigida a mejorar la adquisici\u00f3n de las competencias clave, especialmente en comunicaci\u00f3n ling\u00fc\u00edstica y razonamiento matem\u00e1tico, del alumnado. LLeva realiz\u00e1ndose en&#46;&#46;&#46;<\/p>\n","protected":false},"author":1904,"featured_media":0,"parent":0,"menu_order":0,"comment_status":"closed","ping_status":"closed","template":"","meta":{"ngg_post_thumbnail":0,"footnotes":""},"aioseo_notices":[],"_links":{"self":[{"href":"https:\/\/blogsaverroes.juntadeandalucia.es\/ceipgabrielcara\/wp-json\/wp\/v2\/pages\/4153"}],"collection":[{"href":"https:\/\/blogsaverroes.juntadeandalucia.es\/ceipgabrielcara\/wp-json\/wp\/v2\/pages"}],"about":[{"href":"https:\/\/blogsaverroes.juntadeandalucia.es\/ceipgabrielcara\/wp-json\/wp\/v2\/types\/page"}],"author":[{"embeddable":true,"href":"https:\/\/blogsaverroes.juntadeandalucia.es\/ceipgabrielcara\/wp-json\/wp\/v2\/users\/1904"}],"replies":[{"embeddable":true,"href":"https:\/\/blogsaverroes.juntadeandalucia.es\/ceipgabrielcara\/wp-json\/wp\/v2\/comments?post=4153"}],"version-history":[{"count":4,"href":"https:\/\/blogsaverroes.juntadeandalucia.es\/ceipgabrielcara\/wp-json\/wp\/v2\/pages\/4153\/revisions"}],"predecessor-version":[{"id":5423,"href":"https:\/\/blogsaverroes.juntadeandalucia.es\/ceipgabrielcara\/wp-json\/wp\/v2\/pages\/4153\/revisions\/5423"}],"wp:attachment":[{"href":"https:\/\/blogsaverroes.juntadeandalucia.es\/ceipgabrielcara\/wp-json\/wp\/v2\/media?parent=4153"}],"curies":[{"name":"wp","href":"https:\/\/api.w.org\/{rel}","templated":true}]}}