{"id":4285,"date":"2018-03-03T05:17:50","date_gmt":"2018-03-03T04:17:50","guid":{"rendered":"http:\/\/blogsaverroes.juntadeandalucia.es\/ceipgabrielcara\/?page_id=4285"},"modified":"2024-11-14T20:56:04","modified_gmt":"2024-11-14T19:56:04","slug":"plan-de-centro","status":"publish","type":"page","link":"https:\/\/blogsaverroes.juntadeandalucia.es\/ceipgabrielcara\/plan-de-centro\/","title":{"rendered":"Plan de Centro"},"content":{"rendered":"<p>Un centro se define en gran medida por su <strong>Proyecto Educativo<\/strong>. En \u00e9l se plasma el modelo educativo y la concreci\u00f3n de la normativa que un centro realiza respecto a las ense\u00f1anzas que imparte. Aspectos tales como las finalidades educativas, objetivos, atenci\u00f3n a la diversidad, etc.<\/p>\n<p>Como centro de nueva creaci\u00f3n realizamos durante el curso escolar 2015\/16 nuestro <strong>Plan de Centro<\/strong> compuesto por el <strong>Proyecto Educativo<\/strong>, el <strong>Proyecto de Gesti\u00f3n<\/strong> y el <strong>Reglamento de Organizaci\u00f3n y Funcionamiento<\/strong>. Dicho documento es revisado cada a\u00f1o y modificado si se estima conveniente. Su \u00faltima modificaci\u00f3n fue aprobada por el Consejo Escolar el pasado 13 de noviembre de 2024 y puede consultarse a continuaci\u00f3n:<\/p>\n<p><a href=\"https:\/\/blogsaverroes.juntadeandalucia.es\/ceipgabrielcara\/files\/2024\/11\/PLAN-DE-CENTRO-2024-2025.pdf\">Plan de Centro CEIP \u00abGabriel Cara\u00bb<\/a><\/p>\n<p>&nbsp;<\/p>\n","protected":false},"excerpt":{"rendered":"<p>Un centro se define en gran medida por su Proyecto Educativo. En \u00e9l se plasma el modelo educativo y la concreci\u00f3n de la normativa que un centro realiza respecto a las ense\u00f1anzas que imparte.&#46;&#46;&#46;<\/p>\n","protected":false},"author":1904,"featured_media":0,"parent":0,"menu_order":0,"comment_status":"closed","ping_status":"closed","template":"","meta":{"ngg_post_thumbnail":0,"footnotes":""},"aioseo_notices":[],"_links":{"self":[{"href":"https:\/\/blogsaverroes.juntadeandalucia.es\/ceipgabrielcara\/wp-json\/wp\/v2\/pages\/4285"}],"collection":[{"href":"https:\/\/blogsaverroes.juntadeandalucia.es\/ceipgabrielcara\/wp-json\/wp\/v2\/pages"}],"about":[{"href":"https:\/\/blogsaverroes.juntadeandalucia.es\/ceipgabrielcara\/wp-json\/wp\/v2\/types\/page"}],"author":[{"embeddable":true,"href":"https:\/\/blogsaverroes.juntadeandalucia.es\/ceipgabrielcara\/wp-json\/wp\/v2\/users\/1904"}],"replies":[{"embeddable":true,"href":"https:\/\/blogsaverroes.juntadeandalucia.es\/ceipgabrielcara\/wp-json\/wp\/v2\/comments?post=4285"}],"version-history":[{"count":13,"href":"https:\/\/blogsaverroes.juntadeandalucia.es\/ceipgabrielcara\/wp-json\/wp\/v2\/pages\/4285\/revisions"}],"predecessor-version":[{"id":5914,"href":"https:\/\/blogsaverroes.juntadeandalucia.es\/ceipgabrielcara\/wp-json\/wp\/v2\/pages\/4285\/revisions\/5914"}],"wp:attachment":[{"href":"https:\/\/blogsaverroes.juntadeandalucia.es\/ceipgabrielcara\/wp-json\/wp\/v2\/media?parent=4285"}],"curies":[{"name":"wp","href":"https:\/\/api.w.org\/{rel}","templated":true}]}}