{"id":4327,"date":"2018-03-03T12:43:20","date_gmt":"2018-03-03T11:43:20","guid":{"rendered":"http:\/\/blogsaverroes.juntadeandalucia.es\/ceipgabrielcara\/?page_id=4327"},"modified":"2025-06-07T12:23:23","modified_gmt":"2025-06-07T10:23:23","slug":"listados-material","status":"publish","type":"page","link":"https:\/\/blogsaverroes.juntadeandalucia.es\/ceipgabrielcara\/listados-material\/","title":{"rendered":"LISTADOS DE MATERIAL CURSO 2025\/26"},"content":{"rendered":"<p style=\"text-align: center\"><a href=\"https:\/\/blogsaverroes.juntadeandalucia.es\/ceipgabrielcara\/files\/2025\/03\/pdf.jpg\"><img loading=\"lazy\" decoding=\"async\" class=\"size-thumbnail wp-image-5944 aligncenter\" src=\"https:\/\/blogsaverroes.juntadeandalucia.es\/ceipgabrielcara\/files\/2025\/03\/pdf-150x150.jpg\" alt=\"\" width=\"150\" height=\"150\" srcset=\"https:\/\/blogsaverroes.juntadeandalucia.es\/ceipgabrielcara\/files\/2025\/03\/pdf-150x150.jpg 150w, https:\/\/blogsaverroes.juntadeandalucia.es\/ceipgabrielcara\/files\/2025\/03\/pdf.jpg 300w\" sizes=\"(max-width: 150px) 100vw, 150px\" \/><\/a><\/p>\n<h3 style=\"text-align: center\"><strong>INFANTIL<br \/>\n<\/strong><\/h3>\n<p style=\"text-align: center\"><a href=\"https:\/\/blogsaverroes.juntadeandalucia.es\/ceipgabrielcara\/files\/2025\/06\/LISTADO-MATERIAL-INFANTIL-3-ANOS-25-26.pdf\">Listado material 3 a\u00f1os<\/a><\/p>\n<p style=\"text-align: center\"><a href=\"https:\/\/blogsaverroes.juntadeandalucia.es\/ceipgabrielcara\/files\/2025\/06\/LISTADO-MATERIAL-INFANTIL-4-ANOS-25-26.pdf\">Listado material 4 a\u00f1os<\/a><\/p>\n<p style=\"text-align: center\"><a href=\"https:\/\/blogsaverroes.juntadeandalucia.es\/ceipgabrielcara\/files\/2025\/06\/LISTADO-MATERIAL-INFANTIL-5-ANOS-25-26.pdf\">Listado material 5 a\u00f1os<\/a><\/p>\n<p style=\"text-align: center\">&nbsp;<\/p>\n<h3 style=\"text-align: center\"><strong>PRIMARIA<\/strong><\/h3>\n<p style=\"text-align: center\"><a href=\"https:\/\/blogsaverroes.juntadeandalucia.es\/ceipgabrielcara\/files\/2025\/06\/LISTADO-MATERIAL-1o-CICLO-CURSO-25-26.pdf\">Listado material 1\u00ba ciclo<\/a><\/p>\n<p style=\"text-align: center\"><a href=\"https:\/\/blogsaverroes.juntadeandalucia.es\/ceipgabrielcara\/files\/2025\/06\/LISTADO-MATERIAL-2o-CICLO-CURSO-25-26.pdf\">Listado material 2\u00ba ciclo<\/a><\/p>\n<p style=\"text-align: center\"><a href=\"https:\/\/blogsaverroes.juntadeandalucia.es\/ceipgabrielcara\/files\/2025\/06\/LISTADO-MATERIAL-3o-CICLO-CURSO-25-26.pdf\">Listado material 3\u00ba ciclo<\/a><\/p>\n<p style=\"text-align: center\">&nbsp;<\/p>\n<h3 style=\"text-align: center\"><strong>AULA TEA<br \/>\n<\/strong><\/h3>\n<p style=\"text-align: center\"><a href=\"https:\/\/blogsaverroes.juntadeandalucia.es\/ceipgabrielcara\/files\/2025\/06\/LISTADO-MATERIAL-AULA-TEA-CURSO-25-26.pdf\">Listado material aula TEA<\/a><\/p>\n<p style=\"text-align: center\">&nbsp;<\/p>\n<p style=\"text-align: center\"><a href=\"https:\/\/blogsaverroes.juntadeandalucia.es\/ceipgabrielcara\/files\/2025\/06\/material-escolar.png\"><img loading=\"lazy\" decoding=\"async\" class=\"aligncenter wp-image-6026 size-full\" src=\"https:\/\/blogsaverroes.juntadeandalucia.es\/ceipgabrielcara\/files\/2025\/06\/material-escolar.png\" alt=\"\" width=\"225\" height=\"225\" srcset=\"https:\/\/blogsaverroes.juntadeandalucia.es\/ceipgabrielcara\/files\/2025\/06\/material-escolar.png 225w, https:\/\/blogsaverroes.juntadeandalucia.es\/ceipgabrielcara\/files\/2025\/06\/material-escolar-150x150.png 150w, https:\/\/blogsaverroes.juntadeandalucia.es\/ceipgabrielcara\/files\/2025\/06\/material-escolar-80x80.png 80w\" sizes=\"(max-width: 225px) 100vw, 225px\" \/><\/a><\/p>\n<p style=\"text-align: center\">&nbsp;<\/p>\n<h3 style=\"text-align: center\">&nbsp;<\/h3>\n<h4 style=\"text-align: center\">&nbsp;<\/h4>\n<p style=\"text-align: center\">&nbsp;<\/p>\n<p style=\"text-align: center\">&nbsp;<\/p>\n","protected":false},"excerpt":{"rendered":"<p>INFANTIL Listado material 3 a\u00f1os Listado material 4 a\u00f1os Listado material 5 a\u00f1os &nbsp; PRIMARIA Listado material 1\u00ba ciclo Listado material 2\u00ba ciclo Listado material 3\u00ba ciclo &nbsp; AULA TEA Listado material aula TEA&#46;&#46;&#46;<\/p>\n","protected":false},"author":1904,"featured_media":0,"parent":0,"menu_order":0,"comment_status":"closed","ping_status":"closed","template":"","meta":{"ngg_post_thumbnail":0,"footnotes":""},"aioseo_notices":[],"_links":{"self":[{"href":"https:\/\/blogsaverroes.juntadeandalucia.es\/ceipgabrielcara\/wp-json\/wp\/v2\/pages\/4327"}],"collection":[{"href":"https:\/\/blogsaverroes.juntadeandalucia.es\/ceipgabrielcara\/wp-json\/wp\/v2\/pages"}],"about":[{"href":"https:\/\/blogsaverroes.juntadeandalucia.es\/ceipgabrielcara\/wp-json\/wp\/v2\/types\/page"}],"author":[{"embeddable":true,"href":"https:\/\/blogsaverroes.juntadeandalucia.es\/ceipgabrielcara\/wp-json\/wp\/v2\/users\/1904"}],"replies":[{"embeddable":true,"href":"https:\/\/blogsaverroes.juntadeandalucia.es\/ceipgabrielcara\/wp-json\/wp\/v2\/comments?post=4327"}],"version-history":[{"count":43,"href":"https:\/\/blogsaverroes.juntadeandalucia.es\/ceipgabrielcara\/wp-json\/wp\/v2\/pages\/4327\/revisions"}],"predecessor-version":[{"id":6028,"href":"https:\/\/blogsaverroes.juntadeandalucia.es\/ceipgabrielcara\/wp-json\/wp\/v2\/pages\/4327\/revisions\/6028"}],"wp:attachment":[{"href":"https:\/\/blogsaverroes.juntadeandalucia.es\/ceipgabrielcara\/wp-json\/wp\/v2\/media?parent=4327"}],"curies":[{"name":"wp","href":"https:\/\/api.w.org\/{rel}","templated":true}]}}