{"id":4461,"date":"2018-04-04T23:03:06","date_gmt":"2018-04-04T21:03:06","guid":{"rendered":"http:\/\/blogsaverroes.juntadeandalucia.es\/ceipgabrielcara\/?page_id=4461"},"modified":"2025-10-11T02:00:22","modified_gmt":"2025-10-11T00:00:22","slug":"plan-de-bilinguismo","status":"publish","type":"page","link":"https:\/\/blogsaverroes.juntadeandalucia.es\/ceipgabrielcara\/plan-de-bilinguismo\/","title":{"rendered":"Plan Biling\u00fce"},"content":{"rendered":"<h2>Curso 25\/26<\/h2>\n<h2><span style=\"color: #0000ff\">D\u00eda Europeo de las Lenguas<\/span><\/h2>\n<p>El pasado 26 de septiembre celebramos el D\u00eda Europeo de las Lenguas. A continuaci\u00f3n dejamos una presentaci\u00f3n a modo de resumen de la actividad desarrollada.&nbsp;<\/p>\n<p>&nbsp;<\/p>\n<p style=\"text-align: center\"><em>(click sobre la imagen para acceder)<\/em><\/p>\n<h2><a href=\"https:\/\/www.canva.com\/design\/DAG1basBB9M\/X7r_cKsTfR6TWK9s6UIoZg\/view?utm_content=DAG1basBB9M&amp;utm_campaign=designshare&amp;utm_medium=link2&amp;utm_source=uniquelinks&amp;utlId=hc6c320a293\"><img loading=\"lazy\" decoding=\"async\" class=\"aligncenter size-large wp-image-6041\" src=\"https:\/\/blogsaverroes.juntadeandalucia.es\/ceipgabrielcara\/files\/2025\/10\/DIA-EUROPEO-DE-LAS-LENGUAS-25-26-1024x576.png\" alt=\"\" width=\"1024\" height=\"576\" srcset=\"https:\/\/blogsaverroes.juntadeandalucia.es\/ceipgabrielcara\/files\/2025\/10\/DIA-EUROPEO-DE-LAS-LENGUAS-25-26-1024x576.png 1024w, https:\/\/blogsaverroes.juntadeandalucia.es\/ceipgabrielcara\/files\/2025\/10\/DIA-EUROPEO-DE-LAS-LENGUAS-25-26-300x169.png 300w, https:\/\/blogsaverroes.juntadeandalucia.es\/ceipgabrielcara\/files\/2025\/10\/DIA-EUROPEO-DE-LAS-LENGUAS-25-26-768x432.png 768w, https:\/\/blogsaverroes.juntadeandalucia.es\/ceipgabrielcara\/files\/2025\/10\/DIA-EUROPEO-DE-LAS-LENGUAS-25-26-1536x864.png 1536w, https:\/\/blogsaverroes.juntadeandalucia.es\/ceipgabrielcara\/files\/2025\/10\/DIA-EUROPEO-DE-LAS-LENGUAS-25-26.png 1600w\" sizes=\"(max-width: 1024px) 100vw, 1024px\" \/><\/a><\/h2>\n<p>&nbsp;<\/p>\n<h2 style=\"text-align: center\">INFORMACI\u00d3N PARA AUXILIARES DE CONVERSACI\u00d3N<\/h2>\n<h2 style=\"text-align: center\"><span style=\"color: #0000ff\">INFORMATION FOR LANGUAGE ASSISTANTS<\/span><\/h2>\n<h3>&nbsp; <a href=\"https:\/\/blogsaverroes.juntadeandalucia.es\/ceipgabrielcara\/files\/2025\/03\/pdf.jpg\"><img loading=\"lazy\" decoding=\"async\" class=\"alignleft wp-image-5944 size-thumbnail\" src=\"https:\/\/blogsaverroes.juntadeandalucia.es\/ceipgabrielcara\/files\/2025\/03\/pdf-150x150.jpg\" alt=\"\" width=\"150\" height=\"150\" srcset=\"https:\/\/blogsaverroes.juntadeandalucia.es\/ceipgabrielcara\/files\/2025\/03\/pdf-150x150.jpg 150w, https:\/\/blogsaverroes.juntadeandalucia.es\/ceipgabrielcara\/files\/2025\/03\/pdf.jpg 300w\" sizes=\"(max-width: 150px) 100vw, 150px\" \/><\/a> &nbsp; &nbsp; &nbsp; &nbsp; &nbsp;&nbsp;<\/h3>\n<h3>&nbsp;<\/h3>\n<h3><a href=\"https:\/\/blogsaverroes.juntadeandalucia.es\/ceipgabrielcara\/files\/2025\/03\/ESPANOL_Ficha-Informativa-para-AACC-25.26.pdf\"><span style=\"color: #000000\">Ficha de Informaci\u00f3n para Auxiliares de Conversaci\u00f3n<\/span><\/a><\/h3>\n<h3><a href=\"https:\/\/blogsaverroes.juntadeandalucia.es\/ceipgabrielcara\/files\/2025\/03\/English_Information-sheet-for-LA-25.26.pdf\">Information Sheet for Language Assistants<\/a><\/h3>\n<h3>&nbsp; &nbsp; &nbsp; &nbsp; &nbsp; &nbsp;<\/h3>\n<p>&nbsp;<\/p>\n<p>&nbsp;<\/p>\n<p><iframe loading=\"lazy\" title=\"LANGUAGE ASSISTANTS INTERVIEW 2023\" width=\"500\" height=\"281\" src=\"https:\/\/www.youtube.com\/embed\/BuuO_EUK7jg?feature=oembed&#038;wmode=opaque\" frameborder=\"0\" allow=\"accelerometer; autoplay; clipboard-write; encrypted-media; gyroscope; picture-in-picture; web-share\" referrerpolicy=\"strict-origin-when-cross-origin\" allowfullscreen><\/iframe><\/p>\n<p>&nbsp;<\/p>\n","protected":false},"excerpt":{"rendered":"<p>Curso 25\/26 D\u00eda Europeo de las Lenguas El pasado 26 de septiembre celebramos el D\u00eda Europeo de las Lenguas. A continuaci\u00f3n dejamos una presentaci\u00f3n a modo de resumen de la actividad desarrollada.&nbsp; &nbsp; (click&#46;&#46;&#46;<\/p>\n","protected":false},"author":1904,"featured_media":0,"parent":0,"menu_order":0,"comment_status":"closed","ping_status":"closed","template":"","meta":{"ngg_post_thumbnail":0,"footnotes":""},"aioseo_notices":[],"_links":{"self":[{"href":"https:\/\/blogsaverroes.juntadeandalucia.es\/ceipgabrielcara\/wp-json\/wp\/v2\/pages\/4461"}],"collection":[{"href":"https:\/\/blogsaverroes.juntadeandalucia.es\/ceipgabrielcara\/wp-json\/wp\/v2\/pages"}],"about":[{"href":"https:\/\/blogsaverroes.juntadeandalucia.es\/ceipgabrielcara\/wp-json\/wp\/v2\/types\/page"}],"author":[{"embeddable":true,"href":"https:\/\/blogsaverroes.juntadeandalucia.es\/ceipgabrielcara\/wp-json\/wp\/v2\/users\/1904"}],"replies":[{"embeddable":true,"href":"https:\/\/blogsaverroes.juntadeandalucia.es\/ceipgabrielcara\/wp-json\/wp\/v2\/comments?post=4461"}],"version-history":[{"count":13,"href":"https:\/\/blogsaverroes.juntadeandalucia.es\/ceipgabrielcara\/wp-json\/wp\/v2\/pages\/4461\/revisions"}],"predecessor-version":[{"id":6048,"href":"https:\/\/blogsaverroes.juntadeandalucia.es\/ceipgabrielcara\/wp-json\/wp\/v2\/pages\/4461\/revisions\/6048"}],"wp:attachment":[{"href":"https:\/\/blogsaverroes.juntadeandalucia.es\/ceipgabrielcara\/wp-json\/wp\/v2\/media?parent=4461"}],"curies":[{"name":"wp","href":"https:\/\/api.w.org\/{rel}","templated":true}]}}