{"id":4605,"date":"2018-11-05T17:12:51","date_gmt":"2018-11-05T16:12:51","guid":{"rendered":"https:\/\/blogsaverroes.juntadeandalucia.es\/ceipgabrielcara\/?page_id=4605"},"modified":"2019-12-15T22:19:35","modified_gmt":"2019-12-15T21:19:35","slug":"plan-de-lectura-y-biblioteca","status":"publish","type":"page","link":"https:\/\/blogsaverroes.juntadeandalucia.es\/ceipgabrielcara\/plan-de-lectura-y-biblioteca\/","title":{"rendered":"Plan de Lectura y Biblioteca"},"content":{"rendered":"<p>Tal y como se recoge en nuestro Proyecto Educativo, el Plan de Lectura y Bibliotecas se est\u00e1 realizando en nuestro centro desde el curso escolar 2015\/16. Su objetivo primordial es motivar al alumnado para que encuentre la lectura como un medio de entretenimiento y aprendizaje mejorando su comprensi\u00f3n lectora a trav\u00e9s de una metodolog\u00eda activa y participativa.<\/p>\n<p>Desde el presente curso escolar 2019\/20 nuestra biblioteca cuenta con su propio blog educativo. Para ampliar la informaci\u00f3n sobre dicho Plan, pueden acceder a \u00e9l en el siguiente enlace:<\/p>\n<h1 style=\"text-align: center\"><a href=\"https:\/\/bibliotecagabrielcara.blogspot.com\/search\/label\/Mensaje%20de%20bienvenida\"><span style=\"color: #ff9900\"><strong>BIBLIOTEC-ARTE<\/strong><\/span><\/a><\/h1>\n<p>&nbsp;<\/p>\n<p><a href=\"https:\/\/blogsaverroes.juntadeandalucia.es\/ceipgabrielcara\/files\/2019\/10\/blog-biblio.jpg\"><img loading=\"lazy\" decoding=\"async\" class=\"aligncenter size-full wp-image-4769\" src=\"https:\/\/blogsaverroes.juntadeandalucia.es\/ceipgabrielcara\/files\/2019\/10\/blog-biblio.jpg\" alt=\"\" width=\"1165\" height=\"628\"><\/a><\/p>\n<p>Estimadas familias:<\/p>\n<p>En primer lugar queremos agradecerles su participaci\u00f3n en relaci\u00f3n a las dos actividades propuestas desde el Plan de Biblioteca.<\/p>\n<p>Ha sido un \u00e9xito y es por ello que queremos animarles a que visiten el hall de entrada de Infantil, donde est\u00e1n expuestas, en un \u00e1rbol muy especial, todas las fotos de \u00abGuapos leyendo\u00bb, bajo el lema: \u00bb En Navidad, regala libros, regala ilusi\u00f3n\u00bb.<\/p>\n<p><a href=\"https:\/\/blogsaverroes.juntadeandalucia.es\/ceipgabrielcara\/files\/2019\/12\/mural.jpeg\"><img loading=\"lazy\" decoding=\"async\" class=\"aligncenter size-full wp-image-4839\" src=\"https:\/\/blogsaverroes.juntadeandalucia.es\/ceipgabrielcara\/files\/2019\/12\/mural.jpeg\" alt=\"\" width=\"967\" height=\"1290\" srcset=\"https:\/\/blogsaverroes.juntadeandalucia.es\/ceipgabrielcara\/files\/2019\/12\/mural.jpeg 967w, https:\/\/blogsaverroes.juntadeandalucia.es\/ceipgabrielcara\/files\/2019\/12\/mural-225x300.jpeg 225w, https:\/\/blogsaverroes.juntadeandalucia.es\/ceipgabrielcara\/files\/2019\/12\/mural-768x1024.jpeg 768w, https:\/\/blogsaverroes.juntadeandalucia.es\/ceipgabrielcara\/files\/2019\/12\/mural-18x24.jpeg 18w, https:\/\/blogsaverroes.juntadeandalucia.es\/ceipgabrielcara\/files\/2019\/12\/mural-27x36.jpeg 27w, https:\/\/blogsaverroes.juntadeandalucia.es\/ceipgabrielcara\/files\/2019\/12\/mural-36x48.jpeg 36w\" sizes=\"(max-width: 967px) 100vw, 967px\" \/><\/a><\/p>\n<p><a href=\"https:\/\/blogsaverroes.juntadeandalucia.es\/ceipgabrielcara\/files\/2019\/12\/guapos.jpeg\"><img loading=\"lazy\" decoding=\"async\" class=\"aligncenter size-full wp-image-4840\" src=\"https:\/\/blogsaverroes.juntadeandalucia.es\/ceipgabrielcara\/files\/2019\/12\/guapos.jpeg\" alt=\"\" width=\"1260\" height=\"953\" srcset=\"https:\/\/blogsaverroes.juntadeandalucia.es\/ceipgabrielcara\/files\/2019\/12\/guapos.jpeg 1260w, https:\/\/blogsaverroes.juntadeandalucia.es\/ceipgabrielcara\/files\/2019\/12\/guapos-300x227.jpeg 300w, https:\/\/blogsaverroes.juntadeandalucia.es\/ceipgabrielcara\/files\/2019\/12\/guapos-768x581.jpeg 768w, https:\/\/blogsaverroes.juntadeandalucia.es\/ceipgabrielcara\/files\/2019\/12\/guapos-1024x775.jpeg 1024w, https:\/\/blogsaverroes.juntadeandalucia.es\/ceipgabrielcara\/files\/2019\/12\/guapos-24x18.jpeg 24w, https:\/\/blogsaverroes.juntadeandalucia.es\/ceipgabrielcara\/files\/2019\/12\/guapos-36x27.jpeg 36w, https:\/\/blogsaverroes.juntadeandalucia.es\/ceipgabrielcara\/files\/2019\/12\/guapos-48x36.jpeg 48w\" sizes=\"(max-width: 1260px) 100vw, 1260px\" \/><\/a><\/p>\n<p>En segundo lugar dar las gracias tambi\u00e9n a todas las familias que han participado en la I Muestra de Postales Navide\u00f1as, que han quedado expuestas en el hall de entrada a Primaria. Les animamos tambi\u00e9n a visitarlo.<\/p>\n<p>Aprovechamos para recordarles que pueden suscribirse en nuestro blog: bibliotecagabrielcara.blogspot.com y ahora tambi\u00e9n en nuestro instagram : bibliotec_arte.<\/p>\n<p>Por \u00faltimo, queremos compartir con ustedes este enlace,<\/p>\n<p><a href=\"https:\/\/bibliotecagabrielcara.blogspot.com\/p\/plan-lector-familiar.html?m=0\">https:\/\/bibliotecagabrielcara.blogspot.com\/p\/plan-lector-familiar.html?m=0<\/a><\/p>\n<p>donde pueden encontrar un listado de libros recomendados, distribuidos por edades, por si no saben qu\u00e9 regalar en Navidad &#8230;\u263a, \u00abRegala libros, regala ilusi\u00f3n!!<\/p>\n<p>\u00a1\u00a1Felices Fiestas!!<\/p>\n","protected":false},"excerpt":{"rendered":"<p>Tal y como se recoge en nuestro Proyecto Educativo, el Plan de Lectura y Bibliotecas se est\u00e1 realizando en nuestro centro desde el curso escolar 2015\/16. Su objetivo primordial es motivar al alumnado para&#46;&#46;&#46;<\/p>\n","protected":false},"author":1904,"featured_media":0,"parent":0,"menu_order":0,"comment_status":"closed","ping_status":"closed","template":"","meta":{"ngg_post_thumbnail":0,"footnotes":""},"aioseo_notices":[],"_links":{"self":[{"href":"https:\/\/blogsaverroes.juntadeandalucia.es\/ceipgabrielcara\/wp-json\/wp\/v2\/pages\/4605"}],"collection":[{"href":"https:\/\/blogsaverroes.juntadeandalucia.es\/ceipgabrielcara\/wp-json\/wp\/v2\/pages"}],"about":[{"href":"https:\/\/blogsaverroes.juntadeandalucia.es\/ceipgabrielcara\/wp-json\/wp\/v2\/types\/page"}],"author":[{"embeddable":true,"href":"https:\/\/blogsaverroes.juntadeandalucia.es\/ceipgabrielcara\/wp-json\/wp\/v2\/users\/1904"}],"replies":[{"embeddable":true,"href":"https:\/\/blogsaverroes.juntadeandalucia.es\/ceipgabrielcara\/wp-json\/wp\/v2\/comments?post=4605"}],"version-history":[{"count":7,"href":"https:\/\/blogsaverroes.juntadeandalucia.es\/ceipgabrielcara\/wp-json\/wp\/v2\/pages\/4605\/revisions"}],"predecessor-version":[{"id":4841,"href":"https:\/\/blogsaverroes.juntadeandalucia.es\/ceipgabrielcara\/wp-json\/wp\/v2\/pages\/4605\/revisions\/4841"}],"wp:attachment":[{"href":"https:\/\/blogsaverroes.juntadeandalucia.es\/ceipgabrielcara\/wp-json\/wp\/v2\/media?parent=4605"}],"curies":[{"name":"wp","href":"https:\/\/api.w.org\/{rel}","templated":true}]}}