{"id":5709,"date":"2023-04-17T23:54:39","date_gmt":"2023-04-17T21:54:39","guid":{"rendered":"https:\/\/blogsaverroes.juntadeandalucia.es\/ceipgabrielcara\/?page_id=5709"},"modified":"2023-07-04T16:31:40","modified_gmt":"2023-07-04T14:31:40","slug":"programa-impulsa","status":"publish","type":"page","link":"https:\/\/blogsaverroes.juntadeandalucia.es\/ceipgabrielcara\/programa-impulsa\/","title":{"rendered":"Programa IMPULSA"},"content":{"rendered":"<p>A partir del segundo trimestre, se ha estado desarrollando en el centro el Programa Impulsa. A trav\u00e9s de \u00e9ste, hemos podido disfrutar de 16 sesiones de Terapia Asistida con Perros y cuatro sesiones de nataci\u00f3n adaptada. Con ambas actividades nuestro alumnado ha disfrutado much\u00edsimo y han experimentado nuevos aprendizajes en contextos diferentes al habitual.<\/p>\n<p><iframe loading=\"lazy\" title=\"Proyecto Impulsa - Terapia Asistida con Perritos\" width=\"500\" height=\"281\" src=\"https:\/\/www.youtube.com\/embed\/NMP9rJDArT4?feature=oembed&#038;wmode=opaque\" frameborder=\"0\" allow=\"accelerometer; autoplay; clipboard-write; encrypted-media; gyroscope; picture-in-picture; web-share\" referrerpolicy=\"strict-origin-when-cross-origin\" allowfullscreen><\/iframe><\/p>\n<p><iframe loading=\"lazy\" title=\"Nataci\u00f3n adaptada - P. IMPULSA\" width=\"500\" height=\"281\" src=\"https:\/\/www.youtube.com\/embed\/MTjVOisUdO0?feature=oembed&#038;wmode=opaque\" frameborder=\"0\" allow=\"accelerometer; autoplay; clipboard-write; encrypted-media; gyroscope; picture-in-picture; web-share\" referrerpolicy=\"strict-origin-when-cross-origin\" allowfullscreen><\/iframe><\/p>\n<p>&nbsp;<\/p>\n<p><iframe loading=\"lazy\" title=\"Terapia Asistida Con Perros  CEIP GABRIEL CARA\" width=\"500\" height=\"281\" src=\"https:\/\/www.youtube.com\/embed\/JGs2PkPZdhw?feature=oembed&#038;wmode=opaque\" frameborder=\"0\" allow=\"accelerometer; autoplay; clipboard-write; encrypted-media; gyroscope; picture-in-picture; web-share\" referrerpolicy=\"strict-origin-when-cross-origin\" allowfullscreen><\/iframe><\/p>\n","protected":false},"excerpt":{"rendered":"<p>A partir del segundo trimestre, se ha estado desarrollando en el centro el Programa Impulsa. A trav\u00e9s de \u00e9ste, hemos podido disfrutar de 16 sesiones de Terapia Asistida con Perros y cuatro sesiones de&#46;&#46;&#46;<\/p>\n","protected":false},"author":1904,"featured_media":0,"parent":0,"menu_order":0,"comment_status":"closed","ping_status":"closed","template":"","meta":{"ngg_post_thumbnail":0,"footnotes":""},"aioseo_notices":[],"_links":{"self":[{"href":"https:\/\/blogsaverroes.juntadeandalucia.es\/ceipgabrielcara\/wp-json\/wp\/v2\/pages\/5709"}],"collection":[{"href":"https:\/\/blogsaverroes.juntadeandalucia.es\/ceipgabrielcara\/wp-json\/wp\/v2\/pages"}],"about":[{"href":"https:\/\/blogsaverroes.juntadeandalucia.es\/ceipgabrielcara\/wp-json\/wp\/v2\/types\/page"}],"author":[{"embeddable":true,"href":"https:\/\/blogsaverroes.juntadeandalucia.es\/ceipgabrielcara\/wp-json\/wp\/v2\/users\/1904"}],"replies":[{"embeddable":true,"href":"https:\/\/blogsaverroes.juntadeandalucia.es\/ceipgabrielcara\/wp-json\/wp\/v2\/comments?post=5709"}],"version-history":[{"count":5,"href":"https:\/\/blogsaverroes.juntadeandalucia.es\/ceipgabrielcara\/wp-json\/wp\/v2\/pages\/5709\/revisions"}],"predecessor-version":[{"id":5777,"href":"https:\/\/blogsaverroes.juntadeandalucia.es\/ceipgabrielcara\/wp-json\/wp\/v2\/pages\/5709\/revisions\/5777"}],"wp:attachment":[{"href":"https:\/\/blogsaverroes.juntadeandalucia.es\/ceipgabrielcara\/wp-json\/wp\/v2\/media?parent=5709"}],"curies":[{"name":"wp","href":"https:\/\/api.w.org\/{rel}","templated":true}]}}