{"id":113,"date":"2015-03-16T08:06:00","date_gmt":"2015-03-16T08:06:00","guid":{"rendered":"http:\/\/blogsaverroes.juntadeandalucia.es\/pre\/ceip\/?page_id=113"},"modified":"2022-10-31T14:38:54","modified_gmt":"2022-10-31T14:38:54","slug":"biblioteca","status":"publish","type":"page","link":"https:\/\/blogsaverroes.juntadeandalucia.es\/ceipgaldames\/biblioteca\/","title":{"rendered":"Biblioteca"},"content":{"rendered":"<p>La <strong>Biblioteca Escolar<\/strong> es coordinada por la docente <em>D\u00aa Laura Breva L\u00f3pez<\/em>, junto a su equipo de Biblioteca <em>D\u00aa Mar\u00eda del Carmen Dom\u00ednguez Calvo, D\u00aa Mar\u00eda Espina Navarro y D\u00aa Julia L\u00f3pez Soriano<\/em>. A su vez, contamos con la implicaci\u00f3n de nuestra compa\u00f1era de PROA+ \u00abTransf\u00f3rmate\u00bb que participa de forma activa en su organizaci\u00f3n y puesta en funcionamiento.<\/p>\n<p>Actualmente, contamos con un servicio puesto en marcha para nuestro alumnado que fomenta la lectura en el tiempo libre \u00abBibliopatio\u00bb pretendiendo que la leer no sea \u00fanicamente por obligaci\u00f3n, sino tambi\u00e9n una elecci\u00f3n.<\/p>\n<p><a href=\"https:\/\/blogsaverroes.juntadeandalucia.es\/ceipgaldames\/files\/2022\/06\/BIBLIOPATIO.png\"><img loading=\"lazy\" decoding=\"async\" class=\"size-medium wp-image-2264 aligncenter\" src=\"https:\/\/blogsaverroes.juntadeandalucia.es\/ceipgaldames\/files\/2022\/06\/BIBLIOPATIO-222x300.png\" alt=\"\" width=\"222\" height=\"300\" srcset=\"https:\/\/blogsaverroes.juntadeandalucia.es\/ceipgaldames\/files\/2022\/06\/BIBLIOPATIO-222x300.png 222w, https:\/\/blogsaverroes.juntadeandalucia.es\/ceipgaldames\/files\/2022\/06\/BIBLIOPATIO.png 441w\" sizes=\"(max-width: 222px) 100vw, 222px\" \/><\/a><\/p>\n<p>A lo largo del curso se ir\u00e1n incorporando nuevas ideas y se os ir\u00e1 informando de las mismas.<\/p>\n<p>Un abrazo<\/p>\n<p>&nbsp;<\/p>\n","protected":false},"excerpt":{"rendered":"<p>La Biblioteca Escolar es coordinada por la docente D\u00aa Laura Breva L\u00f3pez, junto a su equipo de Biblioteca D\u00aa Mar\u00eda del Carmen Dom\u00ednguez Calvo, D\u00aa&hellip;<\/p>\n","protected":false},"author":1,"featured_media":0,"parent":0,"menu_order":0,"comment_status":"closed","ping_status":"open","template":"page-cs.php","meta":{"ngg_post_thumbnail":0,"footnotes":"","_mc_calendar":[]},"aioseo_notices":[],"_links":{"self":[{"href":"https:\/\/blogsaverroes.juntadeandalucia.es\/ceipgaldames\/wp-json\/wp\/v2\/pages\/113"}],"collection":[{"href":"https:\/\/blogsaverroes.juntadeandalucia.es\/ceipgaldames\/wp-json\/wp\/v2\/pages"}],"about":[{"href":"https:\/\/blogsaverroes.juntadeandalucia.es\/ceipgaldames\/wp-json\/wp\/v2\/types\/page"}],"author":[{"embeddable":true,"href":"https:\/\/blogsaverroes.juntadeandalucia.es\/ceipgaldames\/wp-json\/wp\/v2\/users\/1"}],"replies":[{"embeddable":true,"href":"https:\/\/blogsaverroes.juntadeandalucia.es\/ceipgaldames\/wp-json\/wp\/v2\/comments?post=113"}],"version-history":[{"count":8,"href":"https:\/\/blogsaverroes.juntadeandalucia.es\/ceipgaldames\/wp-json\/wp\/v2\/pages\/113\/revisions"}],"predecessor-version":[{"id":2286,"href":"https:\/\/blogsaverroes.juntadeandalucia.es\/ceipgaldames\/wp-json\/wp\/v2\/pages\/113\/revisions\/2286"}],"wp:attachment":[{"href":"https:\/\/blogsaverroes.juntadeandalucia.es\/ceipgaldames\/wp-json\/wp\/v2\/media?parent=113"}],"curies":[{"name":"wp","href":"https:\/\/api.w.org\/{rel}","templated":true}]}}