{"id":42,"date":"2015-03-13T08:40:47","date_gmt":"2015-03-13T08:40:47","guid":{"rendered":"http:\/\/blogsaverroes.juntadeandalucia.es\/pre\/ceip\/?page_id=42"},"modified":"2024-11-30T18:15:44","modified_gmt":"2024-11-30T18:15:44","slug":"equipo-directivo","status":"publish","type":"page","link":"https:\/\/blogsaverroes.juntadeandalucia.es\/ceipgaldames\/equipo-directivo\/","title":{"rendered":"Equipo directivo"},"content":{"rendered":"<p>&nbsp;equipo directivo se conforma de los siguientes componentes:<\/p>\n<p><strong>Direcci\u00f3n:&nbsp;<\/strong>D\u00aa Nuria Casado Fern\u00e1ndez<\/p>\n<p><strong>Jefatura de estudios:&nbsp;<\/strong>D\u00aa Virginia Mac\u00edas Dom\u00ednguez<\/p>\n<p><strong>Secretar\u00eda<\/strong>: D\u00aa Laura Breva L\u00f3pez<\/p>\n<p>&nbsp;<\/p>\n<p><a href=\"https:\/\/blogsaverroes.juntadeandalucia.es\/ceipgaldames\/files\/2024\/11\/hordir-1.pdf\">Horario de atenci\u00f3n<\/a><\/p>\n","protected":false},"excerpt":{"rendered":"<p>&nbsp;equipo directivo se conforma de los siguientes componentes: Direcci\u00f3n:&nbsp;D\u00aa Nuria Casado Fern\u00e1ndez Jefatura de estudios:&nbsp;D\u00aa Virginia Mac\u00edas Dom\u00ednguez Secretar\u00eda: D\u00aa Laura Breva L\u00f3pez &nbsp; Horario&hellip;<\/p>\n","protected":false},"author":1,"featured_media":0,"parent":0,"menu_order":0,"comment_status":"closed","ping_status":"open","template":"","meta":{"ngg_post_thumbnail":0,"footnotes":"","_mc_calendar":[]},"aioseo_notices":[],"_links":{"self":[{"href":"https:\/\/blogsaverroes.juntadeandalucia.es\/ceipgaldames\/wp-json\/wp\/v2\/pages\/42"}],"collection":[{"href":"https:\/\/blogsaverroes.juntadeandalucia.es\/ceipgaldames\/wp-json\/wp\/v2\/pages"}],"about":[{"href":"https:\/\/blogsaverroes.juntadeandalucia.es\/ceipgaldames\/wp-json\/wp\/v2\/types\/page"}],"author":[{"embeddable":true,"href":"https:\/\/blogsaverroes.juntadeandalucia.es\/ceipgaldames\/wp-json\/wp\/v2\/users\/1"}],"replies":[{"embeddable":true,"href":"https:\/\/blogsaverroes.juntadeandalucia.es\/ceipgaldames\/wp-json\/wp\/v2\/comments?post=42"}],"version-history":[{"count":9,"href":"https:\/\/blogsaverroes.juntadeandalucia.es\/ceipgaldames\/wp-json\/wp\/v2\/pages\/42\/revisions"}],"predecessor-version":[{"id":2402,"href":"https:\/\/blogsaverroes.juntadeandalucia.es\/ceipgaldames\/wp-json\/wp\/v2\/pages\/42\/revisions\/2402"}],"wp:attachment":[{"href":"https:\/\/blogsaverroes.juntadeandalucia.es\/ceipgaldames\/wp-json\/wp\/v2\/media?parent=42"}],"curies":[{"name":"wp","href":"https:\/\/api.w.org\/{rel}","templated":true}]}}