{"id":44,"date":"2025-03-13T08:42:15","date_gmt":"2025-03-13T08:42:15","guid":{"rendered":"http:\/\/blogsaverroes.juntadeandalucia.es\/pre\/ceip\/?page_id=44"},"modified":"2025-03-13T18:12:59","modified_gmt":"2025-03-13T18:12:59","slug":"planes-y-proyectos","status":"publish","type":"page","link":"https:\/\/blogsaverroes.juntadeandalucia.es\/ceipgaldames\/planes-y-proyectos\/","title":{"rendered":"Planes y Programas"},"content":{"rendered":"<p><img loading=\"lazy\" decoding=\"async\" class=\"alignnone size-medium wp-image-1667\" src=\"https:\/\/blogsaverroes.juntadeandalucia.es\/ceipgaldames\/files\/2015\/03\/planes-300x150.png\" alt=\"planes\" width=\"300\" height=\"150\" srcset=\"https:\/\/blogsaverroes.juntadeandalucia.es\/ceipgaldames\/files\/2015\/03\/planes-300x150.png 300w, https:\/\/blogsaverroes.juntadeandalucia.es\/ceipgaldames\/files\/2015\/03\/planes.png 640w\" sizes=\"(max-width: 300px) 100vw, 300px\" \/><\/p>\n<p>Cada centro personaliza y adapta su Proyecto Educativo adhiri\u00e9ndose a diferentes <strong>Planes y Programas<\/strong> promovidos desde la Consejer\u00eda de Educaci\u00f3n, Cultura y Deporte.<\/p>\n<p>Este apartado recoge la descripci\u00f3n, finalidades, actividades, coordinador\/a, etc. de estos Planes y Programas desarrollados por el centro. A continuaci\u00f3n se muestran algunos de ellos y sus respectivos coordinadores.<\/p>\n<ul>\n<li><strong>Plan de igualdad de g\u00e9nero en educaci\u00f3n. D\u00aa Virginia Mac\u00edas Dom\u00ednguez.<\/strong><\/li>\n<li><strong>Plan de apertura de centros docentes. D\u00aa Nuria Casado Fern\u00e1ndez.<\/strong><\/li>\n<li><strong>Plan de Salud Laboral y P.R.L. D\u00aa Nuria Casado Fern\u00e1ndez.<\/strong><\/li>\n<li><strong>Programa Jos\u00e9 Saramago. D\u00aa Sara Fern\u00e1ndez Rodr\u00edguez.<\/strong><\/li>\n<li><strong>Programa CIMA. D\u00aa Celia Inarejos Fresneda<\/strong><\/li>\n<li><strong>Transformaci\u00f3n Digital Educativa. D\u00aa Sara Fern\u00e1ndez Rodr\u00edguez.<\/strong>\n<ul>\n<li><a href=\"https:\/\/blogsaverroes.juntadeandalucia.es\/ceipgaldames\/files\/2022\/11\/GUIA-DE-USO-RESPONSABLE-DISPOSITIVOS-DIGITALES.pdf\">GUIA DE USO RESPONSABLE DISPOSITIVOS DIGITALES<\/a><\/li>\n<\/ul>\n<\/li>\n<\/ul>\n<p>&nbsp;<\/p>\n","protected":false},"excerpt":{"rendered":"<p>Cada centro personaliza y adapta su Proyecto Educativo adhiri\u00e9ndose a diferentes Planes y Programas promovidos desde la Consejer\u00eda de Educaci\u00f3n, Cultura y Deporte. Este apartado&hellip;<\/p>\n","protected":false},"author":1,"featured_media":0,"parent":0,"menu_order":0,"comment_status":"closed","ping_status":"closed","template":"","meta":{"ngg_post_thumbnail":0,"footnotes":"","_mc_calendar":[]},"aioseo_notices":[],"_links":{"self":[{"href":"https:\/\/blogsaverroes.juntadeandalucia.es\/ceipgaldames\/wp-json\/wp\/v2\/pages\/44"}],"collection":[{"href":"https:\/\/blogsaverroes.juntadeandalucia.es\/ceipgaldames\/wp-json\/wp\/v2\/pages"}],"about":[{"href":"https:\/\/blogsaverroes.juntadeandalucia.es\/ceipgaldames\/wp-json\/wp\/v2\/types\/page"}],"author":[{"embeddable":true,"href":"https:\/\/blogsaverroes.juntadeandalucia.es\/ceipgaldames\/wp-json\/wp\/v2\/users\/1"}],"replies":[{"embeddable":true,"href":"https:\/\/blogsaverroes.juntadeandalucia.es\/ceipgaldames\/wp-json\/wp\/v2\/comments?post=44"}],"version-history":[{"count":9,"href":"https:\/\/blogsaverroes.juntadeandalucia.es\/ceipgaldames\/wp-json\/wp\/v2\/pages\/44\/revisions"}],"predecessor-version":[{"id":2576,"href":"https:\/\/blogsaverroes.juntadeandalucia.es\/ceipgaldames\/wp-json\/wp\/v2\/pages\/44\/revisions\/2576"}],"wp:attachment":[{"href":"https:\/\/blogsaverroes.juntadeandalucia.es\/ceipgaldames\/wp-json\/wp\/v2\/media?parent=44"}],"curies":[{"name":"wp","href":"https:\/\/api.w.org\/{rel}","templated":true}]}}