{"id":82,"date":"2015-03-16T06:59:55","date_gmt":"2015-03-16T06:59:55","guid":{"rendered":"http:\/\/blogsaverroes.juntadeandalucia.es\/pre\/ceip\/?page_id=82"},"modified":"2024-11-30T18:21:19","modified_gmt":"2024-11-30T18:21:19","slug":"horarios","status":"publish","type":"page","link":"https:\/\/blogsaverroes.juntadeandalucia.es\/ceipgaldames\/horarios\/","title":{"rendered":"Horarios Extraescolares y comedor"},"content":{"rendered":"<p><img loading=\"lazy\" decoding=\"async\" class=\"alignnone size-medium wp-image-1675\" src=\"https:\/\/blogsaverroes.juntadeandalucia.es\/ceipgaldames\/files\/2015\/03\/horario2-300x211.jpg\" alt=\"horario2\" width=\"300\" height=\"211\" srcset=\"https:\/\/blogsaverroes.juntadeandalucia.es\/ceipgaldames\/files\/2015\/03\/horario2-300x211.jpg 300w, https:\/\/blogsaverroes.juntadeandalucia.es\/ceipgaldames\/files\/2015\/03\/horario2.jpg 640w\" sizes=\"(max-width: 300px) 100vw, 300px\" \/><\/p>\n<p>El horario de las actividades extraescolares ofrecidas por el centro es:<\/p>\n<p>Ingl\u00e9s: lunes y mi\u00e9rcoles de 16:00 a 17:00 horas.<\/p>\n<p>Educaci\u00f3n art\u00edstica: martes y jueves de 16:00 a 17:00 horas.<\/p>\n<p>El comedor escolar se encuentra a disposici\u00f3n de las familias en horario de 14:00 a 16:00 horas, existiendo unos turnos de salida.<\/p>\n<p><a href=\"https:\/\/blogsaverroes.juntadeandalucia.es\/ceipgaldames\/files\/2024\/11\/Salida-comedor.png\"><img loading=\"lazy\" decoding=\"async\" class=\"alignnone size-medium wp-image-2404\" src=\"https:\/\/blogsaverroes.juntadeandalucia.es\/ceipgaldames\/files\/2024\/11\/Salida-comedor-214x300.png\" alt=\"\" width=\"214\" height=\"300\" srcset=\"https:\/\/blogsaverroes.juntadeandalucia.es\/ceipgaldames\/files\/2024\/11\/Salida-comedor-214x300.png 214w, https:\/\/blogsaverroes.juntadeandalucia.es\/ceipgaldames\/files\/2024\/11\/Salida-comedor.png 436w\" sizes=\"(max-width: 214px) 100vw, 214px\" \/><\/a><\/p>\n","protected":false},"excerpt":{"rendered":"<p>El horario de las actividades extraescolares ofrecidas por el centro es: Ingl\u00e9s: lunes y mi\u00e9rcoles de 16:00 a 17:00 horas. Educaci\u00f3n art\u00edstica: martes y jueves&hellip;<\/p>\n","protected":false},"author":1,"featured_media":0,"parent":0,"menu_order":0,"comment_status":"closed","ping_status":"open","template":"","meta":{"ngg_post_thumbnail":0,"footnotes":"","_mc_calendar":[]},"aioseo_notices":[],"_links":{"self":[{"href":"https:\/\/blogsaverroes.juntadeandalucia.es\/ceipgaldames\/wp-json\/wp\/v2\/pages\/82"}],"collection":[{"href":"https:\/\/blogsaverroes.juntadeandalucia.es\/ceipgaldames\/wp-json\/wp\/v2\/pages"}],"about":[{"href":"https:\/\/blogsaverroes.juntadeandalucia.es\/ceipgaldames\/wp-json\/wp\/v2\/types\/page"}],"author":[{"embeddable":true,"href":"https:\/\/blogsaverroes.juntadeandalucia.es\/ceipgaldames\/wp-json\/wp\/v2\/users\/1"}],"replies":[{"embeddable":true,"href":"https:\/\/blogsaverroes.juntadeandalucia.es\/ceipgaldames\/wp-json\/wp\/v2\/comments?post=82"}],"version-history":[{"count":6,"href":"https:\/\/blogsaverroes.juntadeandalucia.es\/ceipgaldames\/wp-json\/wp\/v2\/pages\/82\/revisions"}],"predecessor-version":[{"id":2406,"href":"https:\/\/blogsaverroes.juntadeandalucia.es\/ceipgaldames\/wp-json\/wp\/v2\/pages\/82\/revisions\/2406"}],"wp:attachment":[{"href":"https:\/\/blogsaverroes.juntadeandalucia.es\/ceipgaldames\/wp-json\/wp\/v2\/media?parent=82"}],"curies":[{"name":"wp","href":"https:\/\/api.w.org\/{rel}","templated":true}]}}