{"id":869,"date":"2020-11-02T16:18:52","date_gmt":"2020-11-02T16:18:52","guid":{"rendered":"http:\/\/blogsaverroes.juntadeandalucia.es\/pre\/ceip\/?page_id=84"},"modified":"2025-03-12T21:40:32","modified_gmt":"2025-03-12T21:40:32","slug":"calendario-escolar","status":"publish","type":"page","link":"https:\/\/blogsaverroes.juntadeandalucia.es\/ceipgaldames\/calendario-escolar\/","title":{"rendered":"Calendario escolar 2024\/25"},"content":{"rendered":"<p><a href=\"https:\/\/blogsaverroes.juntadeandalucia.es\/ceipgaldames\/files\/2024\/11\/Calendario_escolar_Ayamonte_2425_20240808_170551_0000.pdf\">Calendario_escolar_Ayamonte_2425_20240808_170551_0000<\/a><\/p>\n<p>Ten\u00e9is acceso al calendario escolar del curso 2024\/25 si pinch\u00e1is sobre calendario. En \u00e9l se reflejan los d\u00edas de libre disposici\u00f3n.<\/p>\n","protected":false},"excerpt":{"rendered":"<p>Calendario_escolar_Ayamonte_2425_20240808_170551_0000 Ten\u00e9is acceso al calendario escolar del curso 2024\/25 si pinch\u00e1is sobre calendario. En \u00e9l se reflejan los d\u00edas de libre disposici\u00f3n.<\/p>\n","protected":false},"author":1,"featured_media":2502,"parent":0,"menu_order":0,"comment_status":"closed","ping_status":"open","template":"","meta":{"ngg_post_thumbnail":0,"footnotes":"","_mc_calendar":{"weekends":"true","shortcode":"[my_calendar weekends=&quot;true&quot;]","append":""}},"aioseo_notices":[],"_links":{"self":[{"href":"https:\/\/blogsaverroes.juntadeandalucia.es\/ceipgaldames\/wp-json\/wp\/v2\/pages\/869"}],"collection":[{"href":"https:\/\/blogsaverroes.juntadeandalucia.es\/ceipgaldames\/wp-json\/wp\/v2\/pages"}],"about":[{"href":"https:\/\/blogsaverroes.juntadeandalucia.es\/ceipgaldames\/wp-json\/wp\/v2\/types\/page"}],"author":[{"embeddable":true,"href":"https:\/\/blogsaverroes.juntadeandalucia.es\/ceipgaldames\/wp-json\/wp\/v2\/users\/1"}],"replies":[{"embeddable":true,"href":"https:\/\/blogsaverroes.juntadeandalucia.es\/ceipgaldames\/wp-json\/wp\/v2\/comments?post=869"}],"version-history":[{"count":9,"href":"https:\/\/blogsaverroes.juntadeandalucia.es\/ceipgaldames\/wp-json\/wp\/v2\/pages\/869\/revisions"}],"predecessor-version":[{"id":2409,"href":"https:\/\/blogsaverroes.juntadeandalucia.es\/ceipgaldames\/wp-json\/wp\/v2\/pages\/869\/revisions\/2409"}],"wp:featuredmedia":[{"embeddable":true,"href":"https:\/\/blogsaverroes.juntadeandalucia.es\/ceipgaldames\/wp-json\/wp\/v2\/media\/2502"}],"wp:attachment":[{"href":"https:\/\/blogsaverroes.juntadeandalucia.es\/ceipgaldames\/wp-json\/wp\/v2\/media?parent=869"}],"curies":[{"name":"wp","href":"https:\/\/api.w.org\/{rel}","templated":true}]}}