{"id":2434,"date":"2020-02-28T15:49:43","date_gmt":"2020-02-28T15:49:43","guid":{"rendered":"https:\/\/blogsaverroes.juntadeandalucia.es\/ceipgandhi\/?page_id=2434"},"modified":"2025-09-04T09:58:04","modified_gmt":"2025-09-04T09:58:04","slug":"consejo-escolar","status":"publish","type":"page","link":"https:\/\/blogsaverroes.juntadeandalucia.es\/ceipgandhi\/?page_id=2434","title":{"rendered":"Consejo Escolar"},"content":{"rendered":"<p>&nbsp;<\/p>\n<table style=\"height: 418px;width: 82.4113%\" width=\"589\">\n<tbody>\n<tr style=\"height: 24px\">\n<td style=\"width: 98.9726%;text-align: center;height: 24px\">Paneque Ben\u00edtez, Raquel (Directora)<\/td>\n<\/tr>\n<tr style=\"height: 24px\">\n<td style=\"width: 98.9726%;text-align: center;height: 24px\">G\u00f3mez Bueno, Mar\u00eda Jos\u00e9 (Jefa de Estudios)<\/td>\n<\/tr>\n<tr style=\"height: 24px\">\n<td style=\"width: 98.9726%;text-align: center;height: 24px\">Garc\u00eda G\u00f3mez, Ana Mar\u00eda (Secretaria)<\/td>\n<\/tr>\n<tr>\n<td style=\"width: 98.9726%;text-align: center\">Alba Mart\u00ednez, Ana<\/td>\n<\/tr>\n<tr style=\"height: 24px\">\n<td style=\"width: 98.9726%;text-align: center;height: 24px\">Fern\u00e1ndez Leiva, Mar\u00eda Luisa<\/td>\n<\/tr>\n<tr style=\"height: 24px\">\n<td style=\"width: 98.9726%;text-align: center;height: 24px\">Ort\u00edz Rodr\u00edguez, M\u00aa Carmen&nbsp;<\/td>\n<\/tr>\n<tr style=\"height: 24px\">\n<td style=\"width: 98.9726%;text-align: center;height: 24px\">Romero Alarc\u00f3n, Lourdes<\/td>\n<\/tr>\n<tr>\n<td style=\"width: 98.9726%;text-align: center\">V\u00e1zquez Mar\u00edn, Amparo<\/td>\n<\/tr>\n<tr style=\"height: 24px\">\n<td style=\"width: 98.9726%;text-align: center;height: 24px\"><em><strong>REPRESENTANTES DE PADRES\/MADRES\/TUTORES<\/strong><\/em><\/td>\n<\/tr>\n<tr>\n<td style=\"width: 98.9726%;text-align: center\">Paniagua Ru\u00edz, Estefan\u00eda<\/td>\n<\/tr>\n<tr>\n<td style=\"width: 98.9726%;text-align: center\">Garc\u00eda De la Torre, \u00c1lvaro<\/td>\n<\/tr>\n<tr style=\"height: 24px\">\n<td style=\"width: 98.9726%;text-align: center;height: 24px\">Garc\u00eda Martos, Irene<\/td>\n<\/tr>\n<tr>\n<td style=\"width: 98.9726%;text-align: center\">Callejas Herv\u00e1s, M\u00aa Teresa<\/td>\n<\/tr>\n<tr>\n<td style=\"width: 98.9726%;text-align: center\">Ru\u00edz Guti\u00e9rrez, Carolina<\/td>\n<\/tr>\n<tr style=\"height: 24px\">\n<td style=\"width: 98.9726%;text-align: center;height: 24px\"><em><strong>REPRESENTANTES DE AMPA MAYORITARIA<\/strong><\/em><\/td>\n<\/tr>\n<tr style=\"height: 24px\">\n<td style=\"width: 98.9726%;text-align: center;height: 24px\">Bueno P\u00e9rez, Patricia<\/td>\n<\/tr>\n<tr style=\"height: 24px\">\n<td style=\"width: 98.9726%;text-align: center;height: 24px\"><em><strong>REPRESENTANTES DEL PERSONAL ADM\u00d3N. Y SERVICIOS<\/strong><\/em><\/td>\n<\/tr>\n<tr style=\"height: 24px\">\n<td style=\"width: 98.9726%;text-align: center;height: 24px\">S\u00e1nchez Garc\u00eda, Mar\u00eda \u00c1ngeles<\/td>\n<\/tr>\n<tr style=\"height: 24px\">\n<td style=\"width: 98.9726%;text-align: center;height: 24px\"><em><strong>REPRESENTANTES DEL AYUNTAMIENTO<\/strong><\/em><\/td>\n<\/tr>\n<tr style=\"height: 24px\">\n<td style=\"width: 98.9726%;text-align: center;height: 24px\">Vila Moncayo, Jos\u00e9<\/td>\n<\/tr>\n<\/tbody>\n<\/table>\n<p>&nbsp;<\/p>\n","protected":false},"excerpt":{"rendered":"<p>&nbsp; Paneque Ben\u00edtez, Raquel (Directora) G\u00f3mez Bueno, Mar\u00eda Jos\u00e9 (Jefa de Estudios)&#46;&#46;&#46;<\/p>\n","protected":false},"author":8489,"featured_media":0,"parent":0,"menu_order":0,"comment_status":"closed","ping_status":"closed","template":"","meta":{"ngg_post_thumbnail":0,"footnotes":"","_mc_calendar":[]},"aioseo_notices":[],"_links":{"self":[{"href":"https:\/\/blogsaverroes.juntadeandalucia.es\/ceipgandhi\/index.php?rest_route=\/wp\/v2\/pages\/2434"}],"collection":[{"href":"https:\/\/blogsaverroes.juntadeandalucia.es\/ceipgandhi\/index.php?rest_route=\/wp\/v2\/pages"}],"about":[{"href":"https:\/\/blogsaverroes.juntadeandalucia.es\/ceipgandhi\/index.php?rest_route=\/wp\/v2\/types\/page"}],"author":[{"embeddable":true,"href":"https:\/\/blogsaverroes.juntadeandalucia.es\/ceipgandhi\/index.php?rest_route=\/wp\/v2\/users\/8489"}],"replies":[{"embeddable":true,"href":"https:\/\/blogsaverroes.juntadeandalucia.es\/ceipgandhi\/index.php?rest_route=%2Fwp%2Fv2%2Fcomments&post=2434"}],"version-history":[{"count":11,"href":"https:\/\/blogsaverroes.juntadeandalucia.es\/ceipgandhi\/index.php?rest_route=\/wp\/v2\/pages\/2434\/revisions"}],"predecessor-version":[{"id":8079,"href":"https:\/\/blogsaverroes.juntadeandalucia.es\/ceipgandhi\/index.php?rest_route=\/wp\/v2\/pages\/2434\/revisions\/8079"}],"wp:attachment":[{"href":"https:\/\/blogsaverroes.juntadeandalucia.es\/ceipgandhi\/index.php?rest_route=%2Fwp%2Fv2%2Fmedia&parent=2434"}],"curies":[{"name":"wp","href":"https:\/\/api.w.org\/{rel}","templated":true}]}}