{"id":2449,"date":"2020-02-28T15:49:45","date_gmt":"2020-02-28T15:49:45","guid":{"rendered":"https:\/\/blogsaverroes.juntadeandalucia.es\/ceipgandhi\/?page_id=2449"},"modified":"2022-03-24T10:08:06","modified_gmt":"2022-03-24T10:08:06","slug":"ampa","status":"publish","type":"page","link":"https:\/\/blogsaverroes.juntadeandalucia.es\/ceipgandhi\/?page_id=2449","title":{"rendered":"AMPA"},"content":{"rendered":"<p style=\"text-align: justify\">El&nbsp;pr\u00f3ximo 06 de Abril iniciamos desde \ud83c\udf3fAMPA Los Ramos\ud83c\udf3fla Escuela de Familias. Las Escuelas de familias tienen como objetivo proporcionar a los padres informaci\u00f3n, orientaci\u00f3n, formaci\u00f3n y asesoramiento para su importante tarea de actuar como tales y, lograr as\u00ed, un mayor desarrollo de la personalidad de sus hijos. Para ello invitamos a todas las madres y padres que quieran asistir, a una primera charla contra el acoso escolar. Para inscribiros solo ten\u00e9is que escribirnos a ampagandhi@hotmail.com.<\/p>\n<p style=\"text-align: justify\">No falt\u00e9is!<\/p>\n<p><a href=\"https:\/\/blogsaverroes.juntadeandalucia.es\/ceipgandhi\/?attachment_id=5117\" rel=\"attachment wp-att-5117\"><img loading=\"lazy\" decoding=\"async\" class=\"aligncenter size-full wp-image-5117\" src=\"https:\/\/blogsaverroes.juntadeandalucia.es\/ceipgandhi\/files\/2022\/03\/WhatsApp-Image-2022-03-23-at-10.36.28-AM.jpeg\" alt=\"\" width=\"1131\" height=\"1600\" srcset=\"https:\/\/blogsaverroes.juntadeandalucia.es\/ceipgandhi\/files\/2022\/03\/WhatsApp-Image-2022-03-23-at-10.36.28-AM.jpeg 1131w, https:\/\/blogsaverroes.juntadeandalucia.es\/ceipgandhi\/files\/2022\/03\/WhatsApp-Image-2022-03-23-at-10.36.28-AM-212x300.jpeg 212w, https:\/\/blogsaverroes.juntadeandalucia.es\/ceipgandhi\/files\/2022\/03\/WhatsApp-Image-2022-03-23-at-10.36.28-AM-724x1024.jpeg 724w, https:\/\/blogsaverroes.juntadeandalucia.es\/ceipgandhi\/files\/2022\/03\/WhatsApp-Image-2022-03-23-at-10.36.28-AM-768x1086.jpeg 768w, https:\/\/blogsaverroes.juntadeandalucia.es\/ceipgandhi\/files\/2022\/03\/WhatsApp-Image-2022-03-23-at-10.36.28-AM-1086x1536.jpeg 1086w\" sizes=\"(max-width: 1131px) 100vw, 1131px\" \/><\/a><\/p>\n","protected":false},"excerpt":{"rendered":"<p>El&nbsp;pr\u00f3ximo 06 de Abril iniciamos desde \ud83c\udf3fAMPA Los Ramos\ud83c\udf3fla Escuela de Familias.&#46;&#46;&#46;<\/p>\n","protected":false},"author":8489,"featured_media":0,"parent":0,"menu_order":0,"comment_status":"closed","ping_status":"closed","template":"","meta":{"ngg_post_thumbnail":0,"footnotes":"","_mc_calendar":[]},"aioseo_notices":[],"_links":{"self":[{"href":"https:\/\/blogsaverroes.juntadeandalucia.es\/ceipgandhi\/index.php?rest_route=\/wp\/v2\/pages\/2449"}],"collection":[{"href":"https:\/\/blogsaverroes.juntadeandalucia.es\/ceipgandhi\/index.php?rest_route=\/wp\/v2\/pages"}],"about":[{"href":"https:\/\/blogsaverroes.juntadeandalucia.es\/ceipgandhi\/index.php?rest_route=\/wp\/v2\/types\/page"}],"author":[{"embeddable":true,"href":"https:\/\/blogsaverroes.juntadeandalucia.es\/ceipgandhi\/index.php?rest_route=\/wp\/v2\/users\/8489"}],"replies":[{"embeddable":true,"href":"https:\/\/blogsaverroes.juntadeandalucia.es\/ceipgandhi\/index.php?rest_route=%2Fwp%2Fv2%2Fcomments&post=2449"}],"version-history":[{"count":2,"href":"https:\/\/blogsaverroes.juntadeandalucia.es\/ceipgandhi\/index.php?rest_route=\/wp\/v2\/pages\/2449\/revisions"}],"predecessor-version":[{"id":5128,"href":"https:\/\/blogsaverroes.juntadeandalucia.es\/ceipgandhi\/index.php?rest_route=\/wp\/v2\/pages\/2449\/revisions\/5128"}],"wp:attachment":[{"href":"https:\/\/blogsaverroes.juntadeandalucia.es\/ceipgandhi\/index.php?rest_route=%2Fwp%2Fv2%2Fmedia&parent=2449"}],"curies":[{"name":"wp","href":"https:\/\/api.w.org\/{rel}","templated":true}]}}