{"id":3681,"date":"2020-04-08T15:38:11","date_gmt":"2020-04-08T15:38:11","guid":{"rendered":"https:\/\/blogsaverroes.juntadeandalucia.es\/ceipgandhi\/?page_id=3681"},"modified":"2020-04-08T15:52:53","modified_gmt":"2020-04-08T15:52:53","slug":"plan-de-apertura","status":"publish","type":"page","link":"https:\/\/blogsaverroes.juntadeandalucia.es\/ceipgandhi\/?page_id=3681","title":{"rendered":"Plan de Apertura"},"content":{"rendered":"<p style=\"text-align: center\"><span style=\"text-decoration: underline\"><strong>PLAN DE APERTURA DE CENTRO<\/strong><\/span><\/p>\n<p style=\"text-align: center\"><span style=\"text-decoration: underline\"><em><strong>AULA MATINAL<\/strong><\/em><\/span><\/p>\n<p style=\"text-align: left\">Esta actividad pretende dar respuesta a la creciente demanda originada por las exigencias laborales de los padres y madres del centro, y hacer as\u00ed posible la conciliaci\u00f3n laboral y familiar.<br \/>\nEl horario es de 7:30 a 9:00 h., momento en el que da comienzo la actividad escolar.<br \/>\nDurante este per\u00edodo de tiempo, los ni\u00f1os y ni\u00f1as realizan diversas actividades de car\u00e1cter l\u00fadico y educativo adecuadas a su edad y desarrollo madurativo.<br \/>\nEntre otras muchas, se realizan actividades pl\u00e1sticas, dibujo, lectura, juegos populares, etc.<br \/>\nLa atenci\u00f3n al alumnado de aula matinal se realiza por personal cualificado, entre cuyas funciones est\u00e1n las medidas de vigilancia y atenci\u00f3n educativa que precisen los menores en funci\u00f3n de su edad y necesidades.<\/p>\n<p style=\"text-align: center\">\n<span style=\"text-decoration: underline\"><strong>COMEDOR ESCOLAR<\/strong><\/span><\/p>\n<p style=\"text-align: left\">El centro presta el servicio de comedor escolar para el alumnado durante un tiempo m\u00e1ximo de dos horas a partir de la finalizaci\u00f3n de la jornada lectiva de ma\u00f1ana, de 14.00 a 16:00 horas.<br \/>\nEl horario de este servicio proporciona a los padres y a las madres un apoyo que les permite compatibilizar sus obligaciones familiares y profesionales, por tanto, el comedor escolar constituyen un servicio complementario de gran utilidad para conciliar la vida laboral y familiar. Es, adem\u00e1s, una pieza importante en todas las medidas dirigidas a mejorar los h\u00e1bitos alimenticios de los ni\u00f1os y ni\u00f1as y prevenir problemas de salud como la obesidad.<br \/>\nEn la organizaci\u00f3n del servicio de comedor escolar, el centro considera la atenci\u00f3n al alumnado usuario, tanto en el tiempo destinado a la comida, como en los per\u00edodos inmediatamente anteriores y posteriores a la misma, todo ello en el marco de la concepci\u00f3n educativa integral que tiene este servicio en los centros.<br \/>\nLa gesti\u00f3n diaria del servicio se realiza teniendo en cuenta el aforo y el n\u00famero de comensales que hacen uso de dicho servicio.<br \/>\nLa atenci\u00f3n al alumnado en el comedor escolar se lleva a cabo por personal cualificado cuyas funciones son las siguientes:<\/p>\n<p style=\"text-align: left\">\u2666 Atender y custodiar al alumnado durante las comidas y en el tiempo anterior y posterior a las mismas.<br \/>\n\u2666 Resolver las incidencias que pudieran presentarse durante ese per\u00edodo.<br \/>\n\u2666 Prestar especial atenci\u00f3n a la labor educativa del comedor: adquisici\u00f3n de h\u00e1bitos sociales e higi\u00e9nico-sanitarios y correcta utilizaci\u00f3n del menaje del comedor.<br \/>\n\u2666 Cualquier otra funci\u00f3n que le pueda ser encomendada por la persona que ejerce la direcci\u00f3n del centro, para el adecuado funcionamiento del comedor escolar.<br \/>\nEstos profesionales ejercen una labor educativa dirigida a favorecer la adquisici\u00f3n de buenos h\u00e1bitos sociales, higi\u00e9nicos y alimenticios.<\/p>\n<p style=\"text-align: left\">El servicio de comedor escolar se solicita en el mes de junio en la matriculaci\u00f3n del alumnado, y la solicitud de bonificaciones al precio p\u00fablico de dicho servicio se realiza a principios del mes de septiembre para posibilitar que los ingresos de referencia para el c\u00e1lculo de la bonificaci\u00f3n sea el del a\u00f1o inmediatamente anterior, y adecuarse en lo posible a la capacidad econ\u00f3mica real de las familias.<br \/>\nLos men\u00fas que se sirven en el comedor escolar siguen las recomendaciones de los organismos responsables en materia de sanidad en cuanto a alimentaci\u00f3n saludable, por lo que se puede afirmar que la situaci\u00f3n de los comedores escolares de Andaluc\u00eda es ejemplar desde el punto de vista nutricional.<\/p>\n<p style=\"text-align: center\"><span style=\"text-decoration: underline\"><em><strong>ACTIVIDADES EXTRAESCOLARES<\/strong><\/em><\/span><\/p>\n<p style=\"text-align: left\">El centro docente mantiene abiertas sus instalaciones hasta las 18:00 horas con la finalidad de programar actividades extraescolares que abordan aspectos formativos de inter\u00e9s para el alumnado: idiomas, actividades deportivas, art\u00edsticas, etc.<br \/>\nLas actividades extraescolares tienen un car\u00e1cter voluntario para el alumnado y en ning\u00fan caso forman parte del proceso de evaluaci\u00f3n del alumnado.<br \/>\nLa atenci\u00f3n a este tipo de alumnado se realiza con personal que cuenta con la formaci\u00f3n y cualificaci\u00f3n adecuada a las actividades a desarrollar.<\/p>\n","protected":false},"excerpt":{"rendered":"<p>PLAN DE APERTURA DE CENTRO AULA MATINAL Esta actividad pretende dar respuesta&#46;&#46;&#46;<\/p>\n","protected":false},"author":8489,"featured_media":0,"parent":0,"menu_order":0,"comment_status":"closed","ping_status":"closed","template":"","meta":{"ngg_post_thumbnail":0,"footnotes":"","_mc_calendar":[]},"aioseo_notices":[],"_links":{"self":[{"href":"https:\/\/blogsaverroes.juntadeandalucia.es\/ceipgandhi\/index.php?rest_route=\/wp\/v2\/pages\/3681"}],"collection":[{"href":"https:\/\/blogsaverroes.juntadeandalucia.es\/ceipgandhi\/index.php?rest_route=\/wp\/v2\/pages"}],"about":[{"href":"https:\/\/blogsaverroes.juntadeandalucia.es\/ceipgandhi\/index.php?rest_route=\/wp\/v2\/types\/page"}],"author":[{"embeddable":true,"href":"https:\/\/blogsaverroes.juntadeandalucia.es\/ceipgandhi\/index.php?rest_route=\/wp\/v2\/users\/8489"}],"replies":[{"embeddable":true,"href":"https:\/\/blogsaverroes.juntadeandalucia.es\/ceipgandhi\/index.php?rest_route=%2Fwp%2Fv2%2Fcomments&post=3681"}],"version-history":[{"count":3,"href":"https:\/\/blogsaverroes.juntadeandalucia.es\/ceipgandhi\/index.php?rest_route=\/wp\/v2\/pages\/3681\/revisions"}],"predecessor-version":[{"id":3690,"href":"https:\/\/blogsaverroes.juntadeandalucia.es\/ceipgandhi\/index.php?rest_route=\/wp\/v2\/pages\/3681\/revisions\/3690"}],"wp:attachment":[{"href":"https:\/\/blogsaverroes.juntadeandalucia.es\/ceipgandhi\/index.php?rest_route=%2Fwp%2Fv2%2Fmedia&parent=3681"}],"curies":[{"name":"wp","href":"https:\/\/api.w.org\/{rel}","templated":true}]}}