{"id":3733,"date":"2020-04-23T17:09:06","date_gmt":"2020-04-23T17:09:06","guid":{"rendered":"https:\/\/blogsaverroes.juntadeandalucia.es\/ceipgandhi\/?page_id=3733"},"modified":"2020-04-23T17:09:07","modified_gmt":"2020-04-23T17:09:07","slug":"presentations-des-petit-dejeuners-eleves-6o","status":"publish","type":"page","link":"https:\/\/blogsaverroes.juntadeandalucia.es\/ceipgandhi\/?page_id=3733","title":{"rendered":"Pr\u00e9sentations des petit d\u00e9jeuners. \u00c9l\u00e8ves 6\u00ba"},"content":{"rendered":"<p>Hola a todos, aqu\u00ed os dejo un montaje que ha realizado la se\u00f1o Carmen de Franc\u00e9s con sus alumnos de 6\u00ba. Espero que os guste. Un saludo a todos, pronto volveremos a la normalidad, mientras tanto, qu\u00e9date en casa.<\/p>\n<p>&nbsp;<br \/>\n[youtube https:\/\/www.youtube.com\/watch?v=ske-vxF9yRA&#038;w=560&#038;h=315]<\/p>\n","protected":false},"excerpt":{"rendered":"<p>Hola a todos, aqu\u00ed os dejo un montaje que ha realizado la&#46;&#46;&#46;<\/p>\n","protected":false},"author":8489,"featured_media":0,"parent":0,"menu_order":0,"comment_status":"closed","ping_status":"closed","template":"","meta":{"ngg_post_thumbnail":0,"footnotes":"","_mc_calendar":[]},"aioseo_notices":[],"_links":{"self":[{"href":"https:\/\/blogsaverroes.juntadeandalucia.es\/ceipgandhi\/index.php?rest_route=\/wp\/v2\/pages\/3733"}],"collection":[{"href":"https:\/\/blogsaverroes.juntadeandalucia.es\/ceipgandhi\/index.php?rest_route=\/wp\/v2\/pages"}],"about":[{"href":"https:\/\/blogsaverroes.juntadeandalucia.es\/ceipgandhi\/index.php?rest_route=\/wp\/v2\/types\/page"}],"author":[{"embeddable":true,"href":"https:\/\/blogsaverroes.juntadeandalucia.es\/ceipgandhi\/index.php?rest_route=\/wp\/v2\/users\/8489"}],"replies":[{"embeddable":true,"href":"https:\/\/blogsaverroes.juntadeandalucia.es\/ceipgandhi\/index.php?rest_route=%2Fwp%2Fv2%2Fcomments&post=3733"}],"version-history":[{"count":2,"href":"https:\/\/blogsaverroes.juntadeandalucia.es\/ceipgandhi\/index.php?rest_route=\/wp\/v2\/pages\/3733\/revisions"}],"predecessor-version":[{"id":3737,"href":"https:\/\/blogsaverroes.juntadeandalucia.es\/ceipgandhi\/index.php?rest_route=\/wp\/v2\/pages\/3733\/revisions\/3737"}],"wp:attachment":[{"href":"https:\/\/blogsaverroes.juntadeandalucia.es\/ceipgandhi\/index.php?rest_route=%2Fwp%2Fv2%2Fmedia&parent=3733"}],"curies":[{"name":"wp","href":"https:\/\/api.w.org\/{rel}","templated":true}]}}