{"id":6173,"date":"2023-08-31T11:16:50","date_gmt":"2023-08-31T11:16:50","guid":{"rendered":"https:\/\/blogsaverroes.juntadeandalucia.es\/ceipgandhi\/?page_id=6173"},"modified":"2024-04-10T12:10:54","modified_gmt":"2024-04-10T12:10:54","slug":"procedimientos-y-criterios-de-evaluacion-y-promocion-del-alumnado-revisado-en-abril-2021","status":"publish","type":"page","link":"https:\/\/blogsaverroes.juntadeandalucia.es\/ceipgandhi\/?page_id=6173","title":{"rendered":"PROCEDIMIENTOS Y CRITERIOS DE EVALUACI\u00d3N Y PROMOCI\u00d3N DEL ALUMNADO"},"content":{"rendered":"<p>PROCEDIMIENTOS Y CRITERIOS DE EVALUACI\u00d3N Y PROMOCI\u00d3N DEL ALUMNADO EN LOS DIFERENTES CICLOS:<\/p>\n<ol>\n<li><a href=\"https:\/\/drive.google.com\/file\/d\/1U4e2rPUd0vq_8VPYgv_D7YLXKAyzBKbW\/view?usp=sharing\">EDUCACI\u00d3N INFANTIL<\/a><\/li>\n<li><a href=\"https:\/\/docs.google.com\/document\/d\/1hfVeu2qEQBhU81MXFtoiq3sA15ccobyL\/edit?usp=sharing&amp;ouid=115242778226025376273&amp;rtpof=true&amp;sd=true\">EDUCACI\u00d3N INFANTIL INGL\u00c9S<\/a><\/li>\n<li><a href=\"https:\/\/drive.google.com\/file\/d\/1wOStyucca0J-jsQlm4_IDASx1FiEKxHa\/view?usp=sharing\">1\u00ba CICLO DE EDUCACI\u00d3N PRIMARIA<\/a><\/li>\n<li><a href=\"https:\/\/drive.google.com\/file\/d\/1nYUxcWvE1h1_SzUb2-WsSQ7GmaEaD8zu\/view?usp=sharing\">2\u00ba CICLO DE EDUCACI\u00d3N PRIMARIA<\/a><\/li>\n<li><a href=\"https:\/\/drive.google.com\/file\/d\/1CXL2iaMswH4lXePLhuSppHa_CrqzgYpQ\/view?usp=sharing\">3\u00ba CICLO DE EDUCACI\u00d3N PRIMARIA<\/a><\/li>\n<li><a href=\"https:\/\/docs.google.com\/document\/d\/1WVOwStM_LBsF-k9AHtslHr3__GRvLnIK\/edit?usp=share_link&amp;ouid=115242778226025376273&amp;rtpof=true&amp;sd=true\">RELIGI\u00d3N<\/a><\/li>\n<\/ol>\n","protected":false},"excerpt":{"rendered":"<p>PROCEDIMIENTOS Y CRITERIOS DE EVALUACI\u00d3N Y PROMOCI\u00d3N DEL ALUMNADO EN LOS DIFERENTES&#46;&#46;&#46;<\/p>\n","protected":false},"author":8489,"featured_media":0,"parent":0,"menu_order":0,"comment_status":"closed","ping_status":"closed","template":"","meta":{"ngg_post_thumbnail":0,"footnotes":"","_mc_calendar":[]},"aioseo_notices":[],"_links":{"self":[{"href":"https:\/\/blogsaverroes.juntadeandalucia.es\/ceipgandhi\/index.php?rest_route=\/wp\/v2\/pages\/6173"}],"collection":[{"href":"https:\/\/blogsaverroes.juntadeandalucia.es\/ceipgandhi\/index.php?rest_route=\/wp\/v2\/pages"}],"about":[{"href":"https:\/\/blogsaverroes.juntadeandalucia.es\/ceipgandhi\/index.php?rest_route=\/wp\/v2\/types\/page"}],"author":[{"embeddable":true,"href":"https:\/\/blogsaverroes.juntadeandalucia.es\/ceipgandhi\/index.php?rest_route=\/wp\/v2\/users\/8489"}],"replies":[{"embeddable":true,"href":"https:\/\/blogsaverroes.juntadeandalucia.es\/ceipgandhi\/index.php?rest_route=%2Fwp%2Fv2%2Fcomments&post=6173"}],"version-history":[{"count":4,"href":"https:\/\/blogsaverroes.juntadeandalucia.es\/ceipgandhi\/index.php?rest_route=\/wp\/v2\/pages\/6173\/revisions"}],"predecessor-version":[{"id":6711,"href":"https:\/\/blogsaverroes.juntadeandalucia.es\/ceipgandhi\/index.php?rest_route=\/wp\/v2\/pages\/6173\/revisions\/6711"}],"wp:attachment":[{"href":"https:\/\/blogsaverroes.juntadeandalucia.es\/ceipgandhi\/index.php?rest_route=%2Fwp%2Fv2%2Fmedia&parent=6173"}],"curies":[{"name":"wp","href":"https:\/\/api.w.org\/{rel}","templated":true}]}}