{"id":99,"date":"2015-03-16T07:22:54","date_gmt":"2015-03-16T07:22:54","guid":{"rendered":"http:\/\/blogsaverroes.juntadeandalucia.es\/pre\/ceip\/?page_id=99"},"modified":"2021-02-01T12:56:37","modified_gmt":"2021-02-01T12:56:37","slug":"comedor-escolar","status":"publish","type":"page","link":"https:\/\/blogsaverroes.juntadeandalucia.es\/ceipgandhi\/?page_id=99","title":{"rendered":"Comedor escolar"},"content":{"rendered":"<h4>Estimadas familias:<\/h4>\n<p style=\"text-align: justify\">Los comedores escolares son un servicio complementario que resulta de gran utilidad a padres y madres para ayudarles a&nbsp;conciliar la vida laboral y familiar. Tienen una duraci\u00f3n de hasta dos horas desde que acaba la jornada escolar de la ma\u00f1ana (de 14.00 a 16.00 horas).<\/p>\n<p style=\"text-align: justify\">Deben registrarse con el DNI del tutor y recibir\u00e1n la contrase\u00f1a al correo electr\u00f3nico que tengamos registrado.<\/p>\n<p style=\"text-align: justify\">Las comunicaciones sobre ausencias, bajas o cambios deben dirigirse al correo del centro <strong>29602049.edu@juntadeandalucia.es<\/strong> , as\u00ed como a los correos de la empresa <strong>administracion.andalucia@mediterranea-group.com <\/strong>o al tel\u00e9fono <strong>952038248.<\/strong><\/p>\n<p style=\"text-align: justify\">En caso de alg\u00fan cambio en la dieta, comunicar una alergia o intolerancia deben dirigirse a&nbsp;<\/p>\n<p style=\"text-align: justify\"><strong>dietetica.andalucia@mediterranea-group.com<\/strong><\/p>\n","protected":false},"excerpt":{"rendered":"<p>Estimadas familias: Los comedores escolares son un servicio complementario que resulta de&#46;&#46;&#46;<\/p>\n","protected":false},"author":1,"featured_media":0,"parent":0,"menu_order":0,"comment_status":"closed","ping_status":"open","template":"","meta":{"ngg_post_thumbnail":0,"footnotes":"","_mc_calendar":[]},"aioseo_notices":[],"_links":{"self":[{"href":"https:\/\/blogsaverroes.juntadeandalucia.es\/ceipgandhi\/index.php?rest_route=\/wp\/v2\/pages\/99"}],"collection":[{"href":"https:\/\/blogsaverroes.juntadeandalucia.es\/ceipgandhi\/index.php?rest_route=\/wp\/v2\/pages"}],"about":[{"href":"https:\/\/blogsaverroes.juntadeandalucia.es\/ceipgandhi\/index.php?rest_route=\/wp\/v2\/types\/page"}],"author":[{"embeddable":true,"href":"https:\/\/blogsaverroes.juntadeandalucia.es\/ceipgandhi\/index.php?rest_route=\/wp\/v2\/users\/1"}],"replies":[{"embeddable":true,"href":"https:\/\/blogsaverroes.juntadeandalucia.es\/ceipgandhi\/index.php?rest_route=%2Fwp%2Fv2%2Fcomments&post=99"}],"version-history":[{"count":7,"href":"https:\/\/blogsaverroes.juntadeandalucia.es\/ceipgandhi\/index.php?rest_route=\/wp\/v2\/pages\/99\/revisions"}],"predecessor-version":[{"id":4249,"href":"https:\/\/blogsaverroes.juntadeandalucia.es\/ceipgandhi\/index.php?rest_route=\/wp\/v2\/pages\/99\/revisions\/4249"}],"wp:attachment":[{"href":"https:\/\/blogsaverroes.juntadeandalucia.es\/ceipgandhi\/index.php?rest_route=%2Fwp%2Fv2%2Fmedia&parent=99"}],"curies":[{"name":"wp","href":"https:\/\/api.w.org\/{rel}","templated":true}]}}