{"id":1113,"date":"2015-03-12T11:00:55","date_gmt":"2015-03-12T11:00:55","guid":{"rendered":"http:\/\/blogsaverroes.juntadeandalucia.es\/pre\/ceip\/?page_id=2"},"modified":"2025-11-07T11:20:46","modified_gmt":"2025-11-07T11:20:46","slug":"4o","status":"publish","type":"page","link":"https:\/\/blogsaverroes.juntadeandalucia.es\/ceipgarciadeleaniz\/4o\/","title":{"rendered":"ED. PRIMARIA 4\u00ba"},"content":{"rendered":"<p style=\"text-align: center\">&nbsp; <a href=\"https:\/\/blogsaverroes.juntadeandalucia.es\/ceipgarciadeleaniz\/files\/2015\/03\/libros1.png\"><img loading=\"lazy\" decoding=\"async\" class=\"wp-image-571 aligncenter\" src=\"https:\/\/blogsaverroes.juntadeandalucia.es\/ceipgarciadeleaniz\/files\/2015\/03\/libros1-300x246.png\" alt=\"\" width=\"224\" height=\"185\" srcset=\"https:\/\/blogsaverroes.juntadeandalucia.es\/ceipgarciadeleaniz\/files\/2015\/03\/libros1-300x246.png 300w, https:\/\/blogsaverroes.juntadeandalucia.es\/ceipgarciadeleaniz\/files\/2015\/03\/libros1.png 640w\" sizes=\"(max-width: 224px) 100vw, 224px\" \/><\/a><\/p>\n<h1 style=\"text-align: justify\"><strong><span style=\"color: #ff0000\">4\u00ba A<\/span><\/strong><\/h1>\n<h6><strong>TUTORA: FRANCISCA M\u00aa LAGUNA CA\u00d1ERO<\/strong><\/h6>\n<p>Correo electr\u00f3nico: <a href=\"mailto:flagcan957@g.educaand.es\">flagcan957@g.educaand.es<\/a><\/p>\n<h1 style=\"text-align: justify\"><span style=\"color: #ff0000\"><strong>4\u00ba B<\/strong><\/span><\/h1>\n<h6><strong>TUTORA:<\/strong><strong style=\"font-size: 10.72px\">&nbsp;YOLANDA VERA MART\u00cdNEZ<\/strong><\/h6>\n<p>Correo electr\u00f3nico:&nbsp;<a style=\"font-family: 'Open Sans', sans-serif;font-size: 15px;font-style: normal;font-weight: 400;color: #d54e21;text-align: center\" href=\"mailto:yvermar237@g.educaand.es\">yvermar237@g.educaand.es<\/a><a href=\"https:\/\/classroom.google.com\/u\/0\/h?hl=es\"><img loading=\"lazy\" decoding=\"async\" class=\"size-medium wp-image-3791 aligncenter\" src=\"https:\/\/blogsaverroes.juntadeandalucia.es\/ceipgarciadeleaniz\/files\/2020\/09\/descarga-300x164.jpg\" alt=\"\" width=\"300\" height=\"164\" srcset=\"https:\/\/blogsaverroes.juntadeandalucia.es\/ceipgarciadeleaniz\/files\/2020\/09\/descarga-300x164.jpg 300w, https:\/\/blogsaverroes.juntadeandalucia.es\/ceipgarciadeleaniz\/files\/2020\/09\/descarga-24x13.jpg 24w, https:\/\/blogsaverroes.juntadeandalucia.es\/ceipgarciadeleaniz\/files\/2020\/09\/descarga-36x20.jpg 36w, https:\/\/blogsaverroes.juntadeandalucia.es\/ceipgarciadeleaniz\/files\/2020\/09\/descarga-48x26.jpg 48w, https:\/\/blogsaverroes.juntadeandalucia.es\/ceipgarciadeleaniz\/files\/2020\/09\/descarga.jpg 304w\" sizes=\"(max-width: 300px) 100vw, 300px\" \/><\/a><\/p>\n<p>&nbsp;<\/p>\n<h3 style=\"text-align: center\">Pincha aqu\u00ed para acceder a recursos de las asignaturas:<\/h3>\n<h1 style=\"text-align: center\"><span style=\"color: #0000ff\"><a style=\"color: #0000ff\" href=\"https:\/\/blogsaverroes.juntadeandalucia.es\/ceipgarciadeleaniz\/category\/lengua\/\">LENGUA<\/a><\/span><\/h1>\n<h2 style=\"text-align: center\"><a href=\"https:\/\/blogsaverroes.juntadeandalucia.es\/ceipgarciadeleaniz\/category\/matematicas\/\"><span style=\"color: #ff0000\">MATEM\u00c1TICAS<\/span><\/a><\/h2>\n<h2 style=\"text-align: center\"><a href=\"https:\/\/blogsaverroes.juntadeandalucia.es\/ceipgarciadeleaniz\/category\/conocimiento-del-medio\/\"><span style=\"color: #00ff00\">CONOCIMIENTO DEL MEDIO<\/span><\/a><\/h2>\n<h2 style=\"text-align: center\"><a href=\"https:\/\/blogsaverroes.juntadeandalucia.es\/ceipgarciadeleaniz\/category\/ingles-2\/\"><span style=\"color: #ffcc00\">INGL\u00c9S<\/span><\/a><\/h2>\n<h2 style=\"text-align: center\"><a href=\"https:\/\/blogsaverroes.juntadeandalucia.es\/ceipgarciadeleaniz\/category\/musica\/\"><span style=\"color: #800080\">M\u00daSICA<\/span><\/a><\/h2>\n<h2 style=\"text-align: center\"><a href=\"https:\/\/blogsaverroes.juntadeandalucia.es\/ceipgarciadeleaniz\/category\/ed-fisica\/\"><span style=\"color: #000080\">EDUCACI\u00d3N F\u00cdSICA<\/span><\/a><\/h2>\n<h2 style=\"text-align: center\"><a href=\"https:\/\/blogsaverroes.juntadeandalucia.es\/ceipgarciadeleaniz\/category\/religion-2\/\"><span style=\"color: #00ffff\">RELIGI\u00d3N<\/span><\/a><\/h2>\n<h2 style=\"text-align: center\"><span style=\"color: #ff00ff\"><a style=\"color: #ff00ff\" href=\"https:\/\/blogsaverroes.juntadeandalucia.es\/ceipgarciadeleaniz\/category\/ed-plastica\/\">PL\u00c1STICA<\/a><\/span><\/h2>\n<h2 style=\"text-align: center\"><a href=\"https:\/\/blogsaverroes.juntadeandalucia.es\/ceipgarciadeleaniz\/category\/e-ciudadania\/\"><span style=\"color: #008000\">CIUDADAN\u00cdA<\/span><\/a><\/h2>\n<p>&nbsp;<\/p>\n<p>&nbsp;<\/p>\n<p>&nbsp;<\/p>\n","protected":false},"excerpt":{"rendered":"<p>&nbsp; 4\u00ba A TUTORA: FRANCISCA M\u00aa LAGUNA CA\u00d1ERO Correo electr\u00f3nico: flagcan957@g.educaand.es 4\u00ba B TUTORA:&nbsp;YOLANDA VERA MART\u00cdNEZ Correo electr\u00f3nico:&nbsp;yvermar237@g.educaand.es &nbsp; Pincha aqu\u00ed para acceder a recursos de las asignaturas: LENGUA MATEM\u00c1TICAS CONOCIMIENTO DEL MEDIO INGL\u00c9S M\u00daSICA EDUCACI\u00d3N F\u00cdSICA RELIGI\u00d3N PL\u00c1STICA CIUDADAN\u00cdA &nbsp; &nbsp; &nbsp;<\/p>\n","protected":false},"author":1,"featured_media":0,"parent":0,"menu_order":0,"comment_status":"open","ping_status":"open","template":"","meta":{"ngg_post_thumbnail":0,"footnotes":"","_mc_calendar":[]},"aioseo_notices":[],"_links":{"self":[{"href":"https:\/\/blogsaverroes.juntadeandalucia.es\/ceipgarciadeleaniz\/wp-json\/wp\/v2\/pages\/1113"}],"collection":[{"href":"https:\/\/blogsaverroes.juntadeandalucia.es\/ceipgarciadeleaniz\/wp-json\/wp\/v2\/pages"}],"about":[{"href":"https:\/\/blogsaverroes.juntadeandalucia.es\/ceipgarciadeleaniz\/wp-json\/wp\/v2\/types\/page"}],"author":[{"embeddable":true,"href":"https:\/\/blogsaverroes.juntadeandalucia.es\/ceipgarciadeleaniz\/wp-json\/wp\/v2\/users\/1"}],"replies":[{"embeddable":true,"href":"https:\/\/blogsaverroes.juntadeandalucia.es\/ceipgarciadeleaniz\/wp-json\/wp\/v2\/comments?post=1113"}],"version-history":[{"count":24,"href":"https:\/\/blogsaverroes.juntadeandalucia.es\/ceipgarciadeleaniz\/wp-json\/wp\/v2\/pages\/1113\/revisions"}],"predecessor-version":[{"id":5486,"href":"https:\/\/blogsaverroes.juntadeandalucia.es\/ceipgarciadeleaniz\/wp-json\/wp\/v2\/pages\/1113\/revisions\/5486"}],"wp:attachment":[{"href":"https:\/\/blogsaverroes.juntadeandalucia.es\/ceipgarciadeleaniz\/wp-json\/wp\/v2\/media?parent=1113"}],"curies":[{"name":"wp","href":"https:\/\/api.w.org\/{rel}","templated":true}]}}