{"id":144,"date":"2015-03-17T07:46:28","date_gmt":"2015-03-17T07:46:28","guid":{"rendered":"http:\/\/blogsaverroes.juntadeandalucia.es\/pre\/ceip\/?page_id=144"},"modified":"2025-11-07T11:23:33","modified_gmt":"2025-11-07T11:23:33","slug":"5o","status":"publish","type":"page","link":"https:\/\/blogsaverroes.juntadeandalucia.es\/ceipgarciadeleaniz\/5o\/","title":{"rendered":"ED. PRIMARIA 5\u00ba"},"content":{"rendered":"<p><a href=\"https:\/\/blogsaverroes.juntadeandalucia.es\/ceipgarciadeleaniz\/files\/2015\/03\/horario2.jpg\"><img loading=\"lazy\" decoding=\"async\" class=\"wp-image-1675 aligncenter\" src=\"https:\/\/blogsaverroes.juntadeandalucia.es\/ceipgarciadeleaniz\/files\/2015\/03\/horario2-300x211.jpg\" alt=\"\" width=\"242\" height=\"173\"><\/a><\/p>\n<h1 style=\"text-align: justify\"><strong><span style=\"color: #ff0000\">5\u00ba A<\/span><\/strong><\/h1>\n<h6><strong>TUTORA: M\u00aa CARMEN ARCOS ORD\u00d3\u00d1EZ<br \/>\n<\/strong><\/h6>\n<p>Correo electr\u00f3nico: <a href=\"mailto:marcord403@g.educaand.es\">marcord403@g.educaand.es<\/a><\/p>\n<p>&nbsp;<\/p>\n<h1 style=\"text-align: justify\"><span style=\"color: #ff0000\"><strong>5\u00ba B<\/strong><\/span><\/h1>\n<h6><strong>TUTOR:LUIS ALCAL\u00c1 VIDA<\/strong><\/h6>\n<p>Correo electr\u00f3nico: &nbsp;<a href=\"mailto:lalcvid055@g.educaand.es\">lalcvid055@g.educaand.es<\/a><\/p>\n<p style=\"text-align: left\">&nbsp;<\/p>\n<p><a href=\"https:\/\/classroom.google.com\/u\/0\/h?hl=es\"><img loading=\"lazy\" decoding=\"async\" class=\"size-medium wp-image-3928 aligncenter\" src=\"https:\/\/blogsaverroes.juntadeandalucia.es\/ceipgarciadeleaniz\/files\/2020\/11\/descarga-300x164.jpg\" alt=\"\" width=\"300\" height=\"164\" srcset=\"https:\/\/blogsaverroes.juntadeandalucia.es\/ceipgarciadeleaniz\/files\/2020\/11\/descarga-300x164.jpg 300w, https:\/\/blogsaverroes.juntadeandalucia.es\/ceipgarciadeleaniz\/files\/2020\/11\/descarga-24x13.jpg 24w, https:\/\/blogsaverroes.juntadeandalucia.es\/ceipgarciadeleaniz\/files\/2020\/11\/descarga-36x20.jpg 36w, https:\/\/blogsaverroes.juntadeandalucia.es\/ceipgarciadeleaniz\/files\/2020\/11\/descarga-48x26.jpg 48w, https:\/\/blogsaverroes.juntadeandalucia.es\/ceipgarciadeleaniz\/files\/2020\/11\/descarga.jpg 304w\" sizes=\"(max-width: 300px) 100vw, 300px\" \/><\/a><\/p>\n<p>&nbsp;<\/p>\n<h3 style=\"text-align: center\">Pincha aqu\u00ed para acceder a recursos de las asignaturas:<\/h3>\n<h1 style=\"text-align: center\"><span style=\"color: #0000ff\"><a style=\"color: #0000ff\" href=\"https:\/\/blogsaverroes.juntadeandalucia.es\/ceipgarciadeleaniz\/category\/lengua\/\">LENGUA<\/a><\/span><\/h1>\n<h2 style=\"text-align: center\"><a href=\"https:\/\/blogsaverroes.juntadeandalucia.es\/ceipgarciadeleaniz\/category\/matematicas\/\"><span style=\"color: #ff0000\">MATEM\u00c1TICAS<\/span><\/a><\/h2>\n<h2 style=\"text-align: center\"><a href=\"https:\/\/blogsaverroes.juntadeandalucia.es\/ceipgarciadeleaniz\/category\/conocimiento-del-medio\/\"><span style=\"color: #00ff00\">CONOCIMIENTO DEL MEDIO<\/span><\/a><\/h2>\n<h2 style=\"text-align: center\"><span style=\"color: #ffcc00\"><a style=\"color: #ffcc00\" href=\"https:\/\/blogsaverroes.juntadeandalucia.es\/ceipgarciadeleaniz\/category\/ingles-2\/\">INGL\u00c9S<\/a><\/span><\/h2>\n<h2 style=\"text-align: center\"><span style=\"color: #800080\"><a style=\"color: #800080\" href=\"https:\/\/blogsaverroes.juntadeandalucia.es\/ceipgarciadeleaniz\/category\/musica\/\">M\u00daSICA<\/a><\/span><\/h2>\n<h2 style=\"text-align: center\"><a href=\"https:\/\/blogsaverroes.juntadeandalucia.es\/ceipgarciadeleaniz\/category\/ed-fisica\/\"><span style=\"color: #000080\">EDUCACI\u00d3N F\u00cdSICA<\/span><\/a><\/h2>\n<h2 style=\"text-align: center\"><a href=\"https:\/\/blogsaverroes.juntadeandalucia.es\/ceipgarciadeleaniz\/category\/religion-2\/\"><span style=\"color: #00ffff\">RELIGI\u00d3N<\/span><\/a><\/h2>\n<h2 style=\"text-align: center\"><a href=\"https:\/\/blogsaverroes.juntadeandalucia.es\/ceipgarciadeleaniz\/category\/ed-plastica\/\"><span style=\"color: #ff00ff\">PL\u00c1STICA<\/span><\/a><\/h2>\n<h2 style=\"text-align: center\"><a href=\"https:\/\/blogsaverroes.juntadeandalucia.es\/ceipgarciadeleaniz\/category\/frances\/\"><span style=\"color: #ff6600\">FRANC\u00c9S<\/span><\/a><\/h2>\n","protected":false},"excerpt":{"rendered":"<p>5\u00ba A TUTORA: M\u00aa CARMEN ARCOS ORD\u00d3\u00d1EZ Correo electr\u00f3nico: marcord403@g.educaand.es &nbsp; 5\u00ba B TUTOR:LUIS ALCAL\u00c1 VIDA Correo electr\u00f3nico: &nbsp;lalcvid055@g.educaand.es &nbsp; &nbsp; Pincha aqu\u00ed para acceder a recursos de las asignaturas: LENGUA MATEM\u00c1TICAS CONOCIMIENTO DEL MEDIO INGL\u00c9S M\u00daSICA EDUCACI\u00d3N F\u00cdSICA RELIGI\u00d3N PL\u00c1STICA FRANC\u00c9S<\/p>\n","protected":false},"author":1,"featured_media":0,"parent":0,"menu_order":0,"comment_status":"open","ping_status":"open","template":"","meta":{"ngg_post_thumbnail":0,"footnotes":"","_mc_calendar":[]},"aioseo_notices":[],"_links":{"self":[{"href":"https:\/\/blogsaverroes.juntadeandalucia.es\/ceipgarciadeleaniz\/wp-json\/wp\/v2\/pages\/144"}],"collection":[{"href":"https:\/\/blogsaverroes.juntadeandalucia.es\/ceipgarciadeleaniz\/wp-json\/wp\/v2\/pages"}],"about":[{"href":"https:\/\/blogsaverroes.juntadeandalucia.es\/ceipgarciadeleaniz\/wp-json\/wp\/v2\/types\/page"}],"author":[{"embeddable":true,"href":"https:\/\/blogsaverroes.juntadeandalucia.es\/ceipgarciadeleaniz\/wp-json\/wp\/v2\/users\/1"}],"replies":[{"embeddable":true,"href":"https:\/\/blogsaverroes.juntadeandalucia.es\/ceipgarciadeleaniz\/wp-json\/wp\/v2\/comments?post=144"}],"version-history":[{"count":19,"href":"https:\/\/blogsaverroes.juntadeandalucia.es\/ceipgarciadeleaniz\/wp-json\/wp\/v2\/pages\/144\/revisions"}],"predecessor-version":[{"id":5488,"href":"https:\/\/blogsaverroes.juntadeandalucia.es\/ceipgarciadeleaniz\/wp-json\/wp\/v2\/pages\/144\/revisions\/5488"}],"wp:attachment":[{"href":"https:\/\/blogsaverroes.juntadeandalucia.es\/ceipgarciadeleaniz\/wp-json\/wp\/v2\/media?parent=144"}],"curies":[{"name":"wp","href":"https:\/\/api.w.org\/{rel}","templated":true}]}}