{"id":1725,"date":"2015-05-21T19:52:41","date_gmt":"2015-05-21T19:52:41","guid":{"rendered":"http:\/\/blogsaverroes.juntadeandalucia.es\/temahueman\/?page_id=1725"},"modified":"2025-11-07T10:27:12","modified_gmt":"2025-11-07T10:27:12","slug":"informacion","status":"publish","type":"page","link":"https:\/\/blogsaverroes.juntadeandalucia.es\/ceipgarciadeleaniz\/informacion\/","title":{"rendered":"INFANTIL 5 A\u00d1OS"},"content":{"rendered":"<h3 style=\"text-align: center\"><a href=\"https:\/\/blogsaverroes.juntadeandalucia.es\/ceipgarciadeleaniz\/files\/2020\/03\/descarga.jpg\"><img loading=\"lazy\" decoding=\"async\" class=\"size-full wp-image-2695 aligncenter\" src=\"https:\/\/blogsaverroes.juntadeandalucia.es\/ceipgarciadeleaniz\/files\/2020\/03\/descarga.jpg\" alt=\"\" width=\"275\" height=\"183\" srcset=\"https:\/\/blogsaverroes.juntadeandalucia.es\/ceipgarciadeleaniz\/files\/2020\/03\/descarga.jpg 275w, https:\/\/blogsaverroes.juntadeandalucia.es\/ceipgarciadeleaniz\/files\/2020\/03\/descarga-24x16.jpg 24w, https:\/\/blogsaverroes.juntadeandalucia.es\/ceipgarciadeleaniz\/files\/2020\/03\/descarga-36x24.jpg 36w, https:\/\/blogsaverroes.juntadeandalucia.es\/ceipgarciadeleaniz\/files\/2020\/03\/descarga-48x32.jpg 48w\" sizes=\"(max-width: 275px) 100vw, 275px\" \/><\/a><\/h3>\n<h1 style=\"text-align: justify\"><strong><span style=\"color: #ff0000\">5 a\u00f1os&nbsp;<\/span><\/strong><\/h1>\n<h6><strong><span style=\"font-weight: normal\">TUTORA: \u00c1NGELA TOLEDANO MAR\u00cdN<\/span><\/strong><\/h6>\n<p>Correo electr\u00f3nico: <a href=\"mailto:atolmar719@g.educaand.es\">atolmar719@g.educaand.es<\/a><\/p>\n<p>&nbsp;<\/p>\n<p>&nbsp;<\/p>\n<p><a href=\"https:\/\/classroom.google.com\/u\/0\/h?hl=es\"><img loading=\"lazy\" decoding=\"async\" class=\"size-medium wp-image-3928 aligncenter\" src=\"https:\/\/blogsaverroes.juntadeandalucia.es\/ceipgarciadeleaniz\/files\/2020\/11\/descarga-300x164.jpg\" alt=\"\" width=\"300\" height=\"164\" srcset=\"https:\/\/blogsaverroes.juntadeandalucia.es\/ceipgarciadeleaniz\/files\/2020\/11\/descarga-300x164.jpg 300w, https:\/\/blogsaverroes.juntadeandalucia.es\/ceipgarciadeleaniz\/files\/2020\/11\/descarga-24x13.jpg 24w, https:\/\/blogsaverroes.juntadeandalucia.es\/ceipgarciadeleaniz\/files\/2020\/11\/descarga-36x20.jpg 36w, https:\/\/blogsaverroes.juntadeandalucia.es\/ceipgarciadeleaniz\/files\/2020\/11\/descarga-48x26.jpg 48w, https:\/\/blogsaverroes.juntadeandalucia.es\/ceipgarciadeleaniz\/files\/2020\/11\/descarga.jpg 304w\" sizes=\"(max-width: 300px) 100vw, 300px\" \/><\/a><\/p>\n<h2>JUEGOS Y <a href=\"https:\/\/blogsaverroes.juntadeandalucia.es\/ceipgarciadeleaniz\/category\/infantil-5-anos\/\">ACTIVIDADES <em>(PINCHA<\/em> AQUI)<\/a><\/h2>\n<p><a href=\"https:\/\/blogsaverroes.juntadeandalucia.es\/ceipgarciadeleaniz\/files\/2020\/03\/f02b599d55c05825554ded12f0e84af0-ilustracion-de-asignatura-de-ingles-1.jpg\"><img loading=\"lazy\" decoding=\"async\" class=\"wp-image-2646 aligncenter\" src=\"https:\/\/blogsaverroes.juntadeandalucia.es\/ceipgarciadeleaniz\/files\/2020\/03\/f02b599d55c05825554ded12f0e84af0-ilustracion-de-asignatura-de-ingles-1-300x176.jpg\" alt=\"\" width=\"162\" height=\"98\" srcset=\"https:\/\/blogsaverroes.juntadeandalucia.es\/ceipgarciadeleaniz\/files\/2020\/03\/f02b599d55c05825554ded12f0e84af0-ilustracion-de-asignatura-de-ingles-1-268x164.jpg 268w, https:\/\/blogsaverroes.juntadeandalucia.es\/ceipgarciadeleaniz\/files\/2020\/03\/f02b599d55c05825554ded12f0e84af0-ilustracion-de-asignatura-de-ingles-1-24x14.jpg 24w, https:\/\/blogsaverroes.juntadeandalucia.es\/ceipgarciadeleaniz\/files\/2020\/03\/f02b599d55c05825554ded12f0e84af0-ilustracion-de-asignatura-de-ingles-1-36x21.jpg 36w, https:\/\/blogsaverroes.juntadeandalucia.es\/ceipgarciadeleaniz\/files\/2020\/03\/f02b599d55c05825554ded12f0e84af0-ilustracion-de-asignatura-de-ingles-1-48x28.jpg 48w\" sizes=\"(max-width: 162px) 100vw, 162px\" \/><\/a><\/p>\n<h6><strong>MAESTRA: M\u00aa DEL CARMEN ARCOS ORD\u00d3\u00d1EZ<br \/>\n<\/strong><\/h6>\n<p>Correo electr\u00f3nico: <a href=\"mailto:marcord403@g.educaand.es\">marcord403@g.educaand.es<\/a><\/p>\n<p style=\"text-align: center\"><span style=\"color: #0000ff\">\u2192 MATERIAL DE TRABAJO<\/span><\/p>\n<p><a href=\"https:\/\/www.vicensvives.com\/vvweb\/view\/pages\/p01\/load.php?id=13\"><img loading=\"lazy\" decoding=\"async\" class=\"alignnone size-medium wp-image-2922\" src=\"https:\/\/blogsaverroes.juntadeandalucia.es\/ceipgarciadeleaniz\/files\/2020\/03\/2b3ec965d81d0ba75c970f0dd26f6270-300x101.gif\" alt=\"\" width=\"300\" height=\"101\" srcset=\"https:\/\/blogsaverroes.juntadeandalucia.es\/ceipgarciadeleaniz\/files\/2020\/03\/2b3ec965d81d0ba75c970f0dd26f6270-300x101.gif 300w, https:\/\/blogsaverroes.juntadeandalucia.es\/ceipgarciadeleaniz\/files\/2020\/03\/2b3ec965d81d0ba75c970f0dd26f6270-332x112.gif 332w, https:\/\/blogsaverroes.juntadeandalucia.es\/ceipgarciadeleaniz\/files\/2020\/03\/2b3ec965d81d0ba75c970f0dd26f6270-24x8.gif 24w, https:\/\/blogsaverroes.juntadeandalucia.es\/ceipgarciadeleaniz\/files\/2020\/03\/2b3ec965d81d0ba75c970f0dd26f6270-36x12.gif 36w, https:\/\/blogsaverroes.juntadeandalucia.es\/ceipgarciadeleaniz\/files\/2020\/03\/2b3ec965d81d0ba75c970f0dd26f6270-48x16.gif 48w\" sizes=\"(max-width: 300px) 100vw, 300px\" \/><\/a><\/p>\n<p>&nbsp; &nbsp; &nbsp; &nbsp; &nbsp; &nbsp; &nbsp; (pincha en la imagen)<\/p>\n<p>&nbsp;<\/p>\n","protected":false},"excerpt":{"rendered":"<p>5 a\u00f1os&nbsp; TUTORA: \u00c1NGELA TOLEDANO MAR\u00cdN Correo electr\u00f3nico: atolmar719@g.educaand.es &nbsp; &nbsp; JUEGOS Y ACTIVIDADES (PINCHA AQUI) MAESTRA: M\u00aa DEL CARMEN ARCOS ORD\u00d3\u00d1EZ Correo electr\u00f3nico: marcord403@g.educaand.es \u2192 MATERIAL DE TRABAJO &nbsp; &nbsp; &nbsp; &nbsp; &nbsp; &nbsp; &nbsp; (pincha en la imagen) &nbsp;<\/p>\n","protected":false},"author":1,"featured_media":0,"parent":0,"menu_order":0,"comment_status":"open","ping_status":"closed","template":"","meta":{"ngg_post_thumbnail":0,"footnotes":"","_mc_calendar":[]},"aioseo_notices":[],"_links":{"self":[{"href":"https:\/\/blogsaverroes.juntadeandalucia.es\/ceipgarciadeleaniz\/wp-json\/wp\/v2\/pages\/1725"}],"collection":[{"href":"https:\/\/blogsaverroes.juntadeandalucia.es\/ceipgarciadeleaniz\/wp-json\/wp\/v2\/pages"}],"about":[{"href":"https:\/\/blogsaverroes.juntadeandalucia.es\/ceipgarciadeleaniz\/wp-json\/wp\/v2\/types\/page"}],"author":[{"embeddable":true,"href":"https:\/\/blogsaverroes.juntadeandalucia.es\/ceipgarciadeleaniz\/wp-json\/wp\/v2\/users\/1"}],"replies":[{"embeddable":true,"href":"https:\/\/blogsaverroes.juntadeandalucia.es\/ceipgarciadeleaniz\/wp-json\/wp\/v2\/comments?post=1725"}],"version-history":[{"count":22,"href":"https:\/\/blogsaverroes.juntadeandalucia.es\/ceipgarciadeleaniz\/wp-json\/wp\/v2\/pages\/1725\/revisions"}],"predecessor-version":[{"id":5482,"href":"https:\/\/blogsaverroes.juntadeandalucia.es\/ceipgarciadeleaniz\/wp-json\/wp\/v2\/pages\/1725\/revisions\/5482"}],"wp:attachment":[{"href":"https:\/\/blogsaverroes.juntadeandalucia.es\/ceipgarciadeleaniz\/wp-json\/wp\/v2\/media?parent=1725"}],"curies":[{"name":"wp","href":"https:\/\/api.w.org\/{rel}","templated":true}]}}