{"id":2,"date":"2014-08-25T11:09:05","date_gmt":"2014-08-25T11:09:05","guid":{"rendered":"http:\/\/blogsaverroes.juntadeandalucia.es\/igge\/?page_id=2"},"modified":"2025-11-07T10:25:26","modified_gmt":"2025-11-07T10:25:26","slug":"pagina-ejemplo","status":"publish","type":"page","link":"https:\/\/blogsaverroes.juntadeandalucia.es\/ceipgarciadeleaniz\/pagina-ejemplo\/","title":{"rendered":"INFANTIL 4 A\u00d1OS"},"content":{"rendered":"<h3 style=\"text-align: center\"><a href=\"https:\/\/blogsaverroes.juntadeandalucia.es\/ceipgarciadeleaniz\/files\/2020\/03\/descarga.jpg\"><img loading=\"lazy\" decoding=\"async\" class=\"size-full wp-image-2695 aligncenter\" src=\"https:\/\/blogsaverroes.juntadeandalucia.es\/ceipgarciadeleaniz\/files\/2020\/03\/descarga.jpg\" alt=\"\" width=\"275\" height=\"183\" srcset=\"https:\/\/blogsaverroes.juntadeandalucia.es\/ceipgarciadeleaniz\/files\/2020\/03\/descarga.jpg 275w, https:\/\/blogsaverroes.juntadeandalucia.es\/ceipgarciadeleaniz\/files\/2020\/03\/descarga-24x16.jpg 24w, https:\/\/blogsaverroes.juntadeandalucia.es\/ceipgarciadeleaniz\/files\/2020\/03\/descarga-36x24.jpg 36w, https:\/\/blogsaverroes.juntadeandalucia.es\/ceipgarciadeleaniz\/files\/2020\/03\/descarga-48x32.jpg 48w\" sizes=\"(max-width: 275px) 100vw, 275px\" \/><\/a><\/h3>\n<h1 style=\"text-align: justify\"><strong><span style=\"color: #ff0000\">4 a\u00f1os A<\/span><\/strong><\/h1>\n<h6><strong>TUTORA: M \u00aa DEL CARMEN MALAG\u00d3N Y\u00c9BES<\/strong><\/h6>\n<p>Correo electr\u00f3nico: <a href=\"mailto:mmalyeb252@g.educaand.es\">mmalyeb252@g.educaand.es<\/a><\/p>\n<p>&nbsp;<\/p>\n<p>&nbsp;<\/p>\n<h1 style=\"text-align: justify\"><strong><span style=\"color: #ff0000\">4 a\u00f1os B<\/span><\/strong><\/h1>\n<h6><strong>TUTORA:&nbsp; ARACELI OJEDA FERN\u00c1NDEZ<\/strong><\/h6>\n<p>Correo electr\u00f3nico:<a href=\"mailto:aojefer447@g.educaand.es\">aojefer447@g.educaand.es<\/a><\/p>\n<p>&nbsp;<\/p>\n<p>&nbsp;<\/p>\n<p><a href=\"https:\/\/blogsaverroes.juntadeandalucia.es\/ceipgarciadeleaniz\/files\/2020\/03\/f02b599d55c05825554ded12f0e84af0-ilustracion-de-asignatura-de-ingles-1.jpg\"><img loading=\"lazy\" decoding=\"async\" class=\"wp-image-2646 aligncenter\" src=\"https:\/\/blogsaverroes.juntadeandalucia.es\/ceipgarciadeleaniz\/files\/2020\/03\/f02b599d55c05825554ded12f0e84af0-ilustracion-de-asignatura-de-ingles-1-300x176.jpg\" alt=\"\" width=\"162\" height=\"98\" srcset=\"https:\/\/blogsaverroes.juntadeandalucia.es\/ceipgarciadeleaniz\/files\/2020\/03\/f02b599d55c05825554ded12f0e84af0-ilustracion-de-asignatura-de-ingles-1-268x164.jpg 268w, https:\/\/blogsaverroes.juntadeandalucia.es\/ceipgarciadeleaniz\/files\/2020\/03\/f02b599d55c05825554ded12f0e84af0-ilustracion-de-asignatura-de-ingles-1-24x14.jpg 24w, https:\/\/blogsaverroes.juntadeandalucia.es\/ceipgarciadeleaniz\/files\/2020\/03\/f02b599d55c05825554ded12f0e84af0-ilustracion-de-asignatura-de-ingles-1-36x21.jpg 36w, https:\/\/blogsaverroes.juntadeandalucia.es\/ceipgarciadeleaniz\/files\/2020\/03\/f02b599d55c05825554ded12f0e84af0-ilustracion-de-asignatura-de-ingles-1-48x28.jpg 48w\" sizes=\"(max-width: 162px) 100vw, 162px\" \/><\/a><\/p>\n<h6><strong>MAESTRA: YOLANDA VERA MART\u00cdNEZ<br \/>\n<\/strong><\/h6>\n<p>Correo electr\u00f3nico:&nbsp; <a href=\"mailto:yvermar237@g.educaand.es\">&nbsp;yvermar237@g.educaand.es<\/a><\/p>\n<p><a href=\"https:\/\/classroom.google.com\/u\/0\/h?hl=es\"><img loading=\"lazy\" decoding=\"async\" class=\"size-medium wp-image-3928 aligncenter\" src=\"https:\/\/blogsaverroes.juntadeandalucia.es\/ceipgarciadeleaniz\/files\/2020\/11\/descarga-300x164.jpg\" alt=\"\" width=\"300\" height=\"164\" srcset=\"https:\/\/blogsaverroes.juntadeandalucia.es\/ceipgarciadeleaniz\/files\/2020\/11\/descarga-300x164.jpg 300w, https:\/\/blogsaverroes.juntadeandalucia.es\/ceipgarciadeleaniz\/files\/2020\/11\/descarga-24x13.jpg 24w, https:\/\/blogsaverroes.juntadeandalucia.es\/ceipgarciadeleaniz\/files\/2020\/11\/descarga-36x20.jpg 36w, https:\/\/blogsaverroes.juntadeandalucia.es\/ceipgarciadeleaniz\/files\/2020\/11\/descarga-48x26.jpg 48w, https:\/\/blogsaverroes.juntadeandalucia.es\/ceipgarciadeleaniz\/files\/2020\/11\/descarga.jpg 304w\" sizes=\"(max-width: 300px) 100vw, 300px\" \/><\/a><\/p>\n<p style=\"text-align: center\"><span style=\"color: #0000ff\">\u2192 MATERIAL DE TRABAJO<\/span><\/p>\n<p><a href=\"https:\/\/www.vicensvives.com\/vvweb\/view\/pages\/p01\/load.php?id=13\"><img loading=\"lazy\" decoding=\"async\" class=\"alignnone size-medium wp-image-2922\" src=\"https:\/\/blogsaverroes.juntadeandalucia.es\/ceipgarciadeleaniz\/files\/2020\/03\/2b3ec965d81d0ba75c970f0dd26f6270-300x101.gif\" alt=\"\" width=\"300\" height=\"101\" srcset=\"https:\/\/blogsaverroes.juntadeandalucia.es\/ceipgarciadeleaniz\/files\/2020\/03\/2b3ec965d81d0ba75c970f0dd26f6270-300x101.gif 300w, https:\/\/blogsaverroes.juntadeandalucia.es\/ceipgarciadeleaniz\/files\/2020\/03\/2b3ec965d81d0ba75c970f0dd26f6270-332x112.gif 332w, https:\/\/blogsaverroes.juntadeandalucia.es\/ceipgarciadeleaniz\/files\/2020\/03\/2b3ec965d81d0ba75c970f0dd26f6270-24x8.gif 24w, https:\/\/blogsaverroes.juntadeandalucia.es\/ceipgarciadeleaniz\/files\/2020\/03\/2b3ec965d81d0ba75c970f0dd26f6270-36x12.gif 36w, https:\/\/blogsaverroes.juntadeandalucia.es\/ceipgarciadeleaniz\/files\/2020\/03\/2b3ec965d81d0ba75c970f0dd26f6270-48x16.gif 48w\" sizes=\"(max-width: 300px) 100vw, 300px\" \/><\/a><\/p>\n<p>&nbsp; &nbsp; &nbsp; &nbsp; &nbsp; &nbsp; &nbsp; (pincha en la imagen)<\/p>\n<h4>&nbsp;<\/h4>\n<p>&nbsp;<\/p>\n","protected":false},"excerpt":{"rendered":"<p>4 a\u00f1os A TUTORA: M \u00aa DEL CARMEN MALAG\u00d3N Y\u00c9BES Correo electr\u00f3nico: mmalyeb252@g.educaand.es &nbsp; &nbsp; 4 a\u00f1os B TUTORA:&nbsp; ARACELI OJEDA FERN\u00c1NDEZ Correo electr\u00f3nico:aojefer447@g.educaand.es &nbsp; &nbsp; MAESTRA: YOLANDA VERA MART\u00cdNEZ Correo electr\u00f3nico:&nbsp; &nbsp;yvermar237@g.educaand.es \u2192 MATERIAL DE TRABAJO &nbsp; &nbsp; &nbsp; &nbsp; &nbsp; &nbsp; &nbsp; (pincha en la imagen) &nbsp; &nbsp;<\/p>\n","protected":false},"author":1,"featured_media":0,"parent":0,"menu_order":0,"comment_status":"open","ping_status":"open","template":"","meta":{"ngg_post_thumbnail":0,"footnotes":"","_mc_calendar":[]},"aioseo_notices":[],"_links":{"self":[{"href":"https:\/\/blogsaverroes.juntadeandalucia.es\/ceipgarciadeleaniz\/wp-json\/wp\/v2\/pages\/2"}],"collection":[{"href":"https:\/\/blogsaverroes.juntadeandalucia.es\/ceipgarciadeleaniz\/wp-json\/wp\/v2\/pages"}],"about":[{"href":"https:\/\/blogsaverroes.juntadeandalucia.es\/ceipgarciadeleaniz\/wp-json\/wp\/v2\/types\/page"}],"author":[{"embeddable":true,"href":"https:\/\/blogsaverroes.juntadeandalucia.es\/ceipgarciadeleaniz\/wp-json\/wp\/v2\/users\/1"}],"replies":[{"embeddable":true,"href":"https:\/\/blogsaverroes.juntadeandalucia.es\/ceipgarciadeleaniz\/wp-json\/wp\/v2\/comments?post=2"}],"version-history":[{"count":24,"href":"https:\/\/blogsaverroes.juntadeandalucia.es\/ceipgarciadeleaniz\/wp-json\/wp\/v2\/pages\/2\/revisions"}],"predecessor-version":[{"id":5481,"href":"https:\/\/blogsaverroes.juntadeandalucia.es\/ceipgarciadeleaniz\/wp-json\/wp\/v2\/pages\/2\/revisions\/5481"}],"wp:attachment":[{"href":"https:\/\/blogsaverroes.juntadeandalucia.es\/ceipgarciadeleaniz\/wp-json\/wp\/v2\/media?parent=2"}],"curies":[{"name":"wp","href":"https:\/\/api.w.org\/{rel}","templated":true}]}}