{"id":428,"date":"2015-03-20T07:06:21","date_gmt":"2015-03-20T07:06:21","guid":{"rendered":"http:\/\/blogsaverroes.juntadeandalucia.es\/pre\/ceip\/?page_id=428"},"modified":"2025-11-21T10:01:28","modified_gmt":"2025-11-21T10:01:28","slug":"ed-primaria","status":"publish","type":"page","link":"https:\/\/blogsaverroes.juntadeandalucia.es\/ceipgarciadeleaniz\/ed-primaria\/","title":{"rendered":"ED. PRIMARIA 1\u00ba"},"content":{"rendered":"<p><img loading=\"lazy\" decoding=\"async\" class=\"wp-image-1615 aligncenter\" src=\"http:\/\/blogsaverroes.juntadeandalucia.es\/temahueman\/files\/2015\/03\/educacion1-300x182.jpg\" alt=\"educacion1\" width=\"316\" height=\"192\" srcset=\"https:\/\/blogsaverroes.juntadeandalucia.es\/ceipgarciadeleaniz\/files\/2015\/03\/educacion1-300x182.jpg 300w, https:\/\/blogsaverroes.juntadeandalucia.es\/ceipgarciadeleaniz\/files\/2015\/03\/educacion1.jpg 512w\" sizes=\"(max-width: 316px) 100vw, 316px\" \/><\/p>\n<h1 style=\"text-align: justify\"><strong><span style=\"color: #ff0000\">1\u00ba A<\/span><\/strong><\/h1>\n<h6><strong>TUTORA: TERESA ARREBOLA G\u00d3MEZ<\/strong><\/h6>\n<p>Correo electr\u00f3nico: <a href=\"mailto:tarrgom400@g.educaand.es\">tarrgom400@g.educaand.es<\/a><\/p>\n<h1 style=\"text-align: justify\"><span style=\"color: #ff0000\"><strong>1\u00ba B<\/strong><\/span><\/h1>\n<h6><strong>TUTOR: JUAN DOMINGO LINARES ESCOBAR<\/strong><\/h6>\n<p>Correo electr\u00f3nico:<a href=\"mailto:jlinesc249@g.educaand.es\">jlinesc249@g.educaand.es<\/a><\/p>\n<p><a href=\"https:\/\/classroom.google.com\/u\/0\/h\"><img loading=\"lazy\" decoding=\"async\" class=\"wp-image-2738 aligncenter\" src=\"https:\/\/blogsaverroes.juntadeandalucia.es\/ceipgarciadeleaniz\/files\/2020\/03\/google-classroom-logo-300x232.png\" alt=\"\" width=\"90\" height=\"71\" srcset=\"https:\/\/blogsaverroes.juntadeandalucia.es\/ceipgarciadeleaniz\/files\/2020\/03\/google-classroom-logo-300x232.png 300w, https:\/\/blogsaverroes.juntadeandalucia.es\/ceipgarciadeleaniz\/files\/2020\/03\/google-classroom-logo-24x19.png 24w, https:\/\/blogsaverroes.juntadeandalucia.es\/ceipgarciadeleaniz\/files\/2020\/03\/google-classroom-logo-36x28.png 36w, https:\/\/blogsaverroes.juntadeandalucia.es\/ceipgarciadeleaniz\/files\/2020\/03\/google-classroom-logo-48x37.png 48w\" sizes=\"(max-width: 90px) 100vw, 90px\" \/><\/a><\/p>\n<h3 style=\"text-align: center\">Pincha aqu\u00ed para acceder a recursos de las asignaturas:<\/h3>\n<h1 style=\"text-align: center\"><span style=\"color: #0000ff\"><a style=\"color: #0000ff\" href=\"https:\/\/blogsaverroes.juntadeandalucia.es\/ceipgarciadeleaniz\/category\/lengua\/\">LENGUA<\/a><\/span><\/h1>\n<h2 style=\"text-align: center\"><span style=\"color: #ff0000\"><a style=\"color: #ff0000\" href=\"https:\/\/blogsaverroes.juntadeandalucia.es\/ceipgarciadeleaniz\/category\/matematicas\/\">MATEM\u00c1TICAS<\/a><\/span><\/h2>\n<h2 style=\"text-align: center\"><a href=\"https:\/\/blogsaverroes.juntadeandalucia.es\/ceipgarciadeleaniz\/category\/conocimiento-del-medio\/\"><span style=\"color: #00ff00\">CONOCIMIENTO DEL MEDIO<\/span><\/a><\/h2>\n<h2 style=\"text-align: center\"><span style=\"color: #ffcc00\"><a style=\"color: #ffcc00\" href=\"https:\/\/blogsaverroes.juntadeandalucia.es\/ceipgarciadeleaniz\/category\/ingles-2\/\">INGL\u00c9S<\/a><\/span><\/h2>\n<h2 style=\"text-align: center\"><a href=\"https:\/\/blogsaverroes.juntadeandalucia.es\/ceipgarciadeleaniz\/category\/musica\/\"><span style=\"color: #800080\">M\u00daSICA<\/span><\/a><\/h2>\n<h2 style=\"text-align: center\"><a href=\"https:\/\/blogsaverroes.juntadeandalucia.es\/ceipgarciadeleaniz\/category\/ed-fisica\/\"><span style=\"color: #000080\">EDUCACI\u00d3N F\u00cdSICA<\/span><\/a><\/h2>\n<h2 style=\"text-align: center\"><span style=\"color: #00ffff\"><a style=\"color: #00ffff\" href=\"https:\/\/blogsaverroes.juntadeandalucia.es\/ceipgarciadeleaniz\/category\/religion-2\/\">RELIGI\u00d3N<\/a><\/span><\/h2>\n<h2 style=\"text-align: center\"><a href=\"https:\/\/blogsaverroes.juntadeandalucia.es\/ceipgarciadeleaniz\/category\/ed-plastica\/\"><span style=\"color: #ff00ff\">PL\u00c1STICA<\/span><\/a><\/h2>\n<p style=\"text-align: center\">&nbsp;<\/p>\n","protected":false},"excerpt":{"rendered":"<p>1\u00ba A TUTORA: TERESA ARREBOLA G\u00d3MEZ Correo electr\u00f3nico: tarrgom400@g.educaand.es 1\u00ba B TUTOR: JUAN DOMINGO LINARES ESCOBAR Correo electr\u00f3nico:jlinesc249@g.educaand.es Pincha aqu\u00ed para acceder a recursos de las asignaturas: LENGUA MATEM\u00c1TICAS CONOCIMIENTO DEL MEDIO INGL\u00c9S M\u00daSICA EDUCACI\u00d3N F\u00cdSICA RELIGI\u00d3N PL\u00c1STICA &nbsp;<\/p>\n","protected":false},"author":1,"featured_media":0,"parent":0,"menu_order":0,"comment_status":"open","ping_status":"open","template":"","meta":{"ngg_post_thumbnail":0,"footnotes":"","_mc_calendar":[]},"aioseo_notices":[],"_links":{"self":[{"href":"https:\/\/blogsaverroes.juntadeandalucia.es\/ceipgarciadeleaniz\/wp-json\/wp\/v2\/pages\/428"}],"collection":[{"href":"https:\/\/blogsaverroes.juntadeandalucia.es\/ceipgarciadeleaniz\/wp-json\/wp\/v2\/pages"}],"about":[{"href":"https:\/\/blogsaverroes.juntadeandalucia.es\/ceipgarciadeleaniz\/wp-json\/wp\/v2\/types\/page"}],"author":[{"embeddable":true,"href":"https:\/\/blogsaverroes.juntadeandalucia.es\/ceipgarciadeleaniz\/wp-json\/wp\/v2\/users\/1"}],"replies":[{"embeddable":true,"href":"https:\/\/blogsaverroes.juntadeandalucia.es\/ceipgarciadeleaniz\/wp-json\/wp\/v2\/comments?post=428"}],"version-history":[{"count":42,"href":"https:\/\/blogsaverroes.juntadeandalucia.es\/ceipgarciadeleaniz\/wp-json\/wp\/v2\/pages\/428\/revisions"}],"predecessor-version":[{"id":5512,"href":"https:\/\/blogsaverroes.juntadeandalucia.es\/ceipgarciadeleaniz\/wp-json\/wp\/v2\/pages\/428\/revisions\/5512"}],"wp:attachment":[{"href":"https:\/\/blogsaverroes.juntadeandalucia.es\/ceipgarciadeleaniz\/wp-json\/wp\/v2\/media?parent=428"}],"curies":[{"name":"wp","href":"https:\/\/api.w.org\/{rel}","templated":true}]}}