{"id":436,"date":"2015-03-20T07:08:17","date_gmt":"2015-03-20T07:08:17","guid":{"rendered":"http:\/\/blogsaverroes.juntadeandalucia.es\/pre\/ceip\/?page_id=436"},"modified":"2025-11-21T10:02:57","modified_gmt":"2025-11-21T10:02:57","slug":"ed-primaria-2o","status":"publish","type":"page","link":"https:\/\/blogsaverroes.juntadeandalucia.es\/ceipgarciadeleaniz\/ed-primaria-2o\/","title":{"rendered":"ED.PRIMARIA 2\u00ba"},"content":{"rendered":"<p><a href=\"https:\/\/blogsaverroes.juntadeandalucia.es\/ceipgarciadeleaniz\/files\/2014\/12\/lapices3.jpg\"><img loading=\"lazy\" decoding=\"async\" class=\" wp-image-548 aligncenter\" src=\"https:\/\/blogsaverroes.juntadeandalucia.es\/ceipgarciadeleaniz\/files\/2014\/12\/lapices3-300x199.jpg\" alt=\"\" width=\"248\" height=\"168\"><\/a><\/p>\n<h1 style=\"text-align: justify\"><strong><span style=\"color: #ff0000\">2\u00ba A<\/span><\/strong><\/h1>\n<h6><strong>TUTORA: GLORIA HENARES LUQUE<\/strong><\/h6>\n<p>Correo electr\u00f3nico: <a href=\"mailto:ghenluq164@g.educaand.es\">ghenluq164@g.educaand.es<\/a><\/p>\n<h1 style=\"text-align: justify\"><span style=\"color: #ff0000\"><strong>2\u00ba B<\/strong><\/span><\/h1>\n<h6><strong>TUTORA: M\u00aa CARMEN G\u00d3NGORA BERGILLOS<\/strong><\/h6>\n<p>Correo electr\u00f3nico: <a href=\"mailto:molagu569@g.educaand.es\">molagu569@g.educaand.es<\/a><\/p>\n<p>&nbsp;<\/p>\n<h3 style=\"text-align: center\">&nbsp;<\/h3>\n<h3 style=\"text-align: center\">Pincha aqu\u00ed para acceder a recursos de las asignaturas:<\/h3>\n<h1 style=\"text-align: center\"><a href=\"https:\/\/classroom.google.com\/u\/0\/h?hl=es\"><img loading=\"lazy\" decoding=\"async\" class=\"alignnone size-medium wp-image-3791\" src=\"https:\/\/blogsaverroes.juntadeandalucia.es\/ceipgarciadeleaniz\/files\/2020\/09\/descarga-300x164.jpg\" alt=\"\" width=\"300\" height=\"164\" srcset=\"https:\/\/blogsaverroes.juntadeandalucia.es\/ceipgarciadeleaniz\/files\/2020\/09\/descarga-300x164.jpg 300w, https:\/\/blogsaverroes.juntadeandalucia.es\/ceipgarciadeleaniz\/files\/2020\/09\/descarga-24x13.jpg 24w, https:\/\/blogsaverroes.juntadeandalucia.es\/ceipgarciadeleaniz\/files\/2020\/09\/descarga-36x20.jpg 36w, https:\/\/blogsaverroes.juntadeandalucia.es\/ceipgarciadeleaniz\/files\/2020\/09\/descarga-48x26.jpg 48w, https:\/\/blogsaverroes.juntadeandalucia.es\/ceipgarciadeleaniz\/files\/2020\/09\/descarga.jpg 304w\" sizes=\"(max-width: 300px) 100vw, 300px\" \/><\/a><\/h1>\n<h1 style=\"text-align: center\"><a href=\"https:\/\/blogsaverroes.juntadeandalucia.es\/ceipgarciadeleaniz\/category\/lengua\/\"><span style=\"color: #0000ff\"> LENGUA<\/span><\/a><\/h1>\n<h2 style=\"text-align: center\"><a href=\"https:\/\/blogsaverroes.juntadeandalucia.es\/ceipgarciadeleaniz\/category\/matematicas\/\"><span style=\"color: #ff0000\">MATEM\u00c1TICAS<\/span><\/a><\/h2>\n<h2 style=\"text-align: center\"><a href=\"https:\/\/blogsaverroes.juntadeandalucia.es\/ceipgarciadeleaniz\/category\/conocimiento-del-medio\/\"><span style=\"color: #00ff00\">CONOCIMIENTO DEL MEDIO<\/span><\/a><\/h2>\n<h2 style=\"text-align: center\"><a href=\"https:\/\/blogsaverroes.juntadeandalucia.es\/ceipgarciadeleaniz\/category\/ingles-2\/\"><span style=\"color: #ffcc00\">INGL\u00c9S<\/span><\/a><\/h2>\n<h2 style=\"text-align: center\"><a href=\"https:\/\/blogsaverroes.juntadeandalucia.es\/ceipgarciadeleaniz\/category\/musica\/\"><span style=\"color: #800080\">M\u00daSICA<\/span><\/a><\/h2>\n<h2 style=\"text-align: center\"><a href=\"https:\/\/blogsaverroes.juntadeandalucia.es\/ceipgarciadeleaniz\/category\/ed-fisica\/\"><span style=\"color: #333399\">EDUCACI\u00d3N F\u00cdSICA<\/span><\/a><\/h2>\n<h2 style=\"text-align: center\"><a href=\"https:\/\/blogsaverroes.juntadeandalucia.es\/ceipgarciadeleaniz\/category\/religion-2\/\"><span style=\"color: #00ffff\">RELIGI\u00d3N<\/span><\/a><\/h2>\n<h2 style=\"text-align: center\"><a href=\"https:\/\/blogsaverroes.juntadeandalucia.es\/ceipgarciadeleaniz\/category\/ed-plastica\/\"><span style=\"color: #ff00ff\">PL\u00c1STICA<\/span><\/a><\/h2>\n<p>&nbsp;<\/p>\n","protected":false},"excerpt":{"rendered":"<p>2\u00ba A TUTORA: GLORIA HENARES LUQUE Correo electr\u00f3nico: ghenluq164@g.educaand.es 2\u00ba B TUTORA: M\u00aa CARMEN G\u00d3NGORA BERGILLOS Correo electr\u00f3nico: molagu569@g.educaand.es &nbsp; &nbsp; Pincha aqu\u00ed para acceder a recursos de las asignaturas: LENGUA MATEM\u00c1TICAS CONOCIMIENTO DEL MEDIO INGL\u00c9S M\u00daSICA EDUCACI\u00d3N F\u00cdSICA RELIGI\u00d3N PL\u00c1STICA &nbsp;<\/p>\n","protected":false},"author":1,"featured_media":0,"parent":0,"menu_order":0,"comment_status":"open","ping_status":"open","template":"","meta":{"ngg_post_thumbnail":0,"footnotes":"","_mc_calendar":[]},"aioseo_notices":[],"_links":{"self":[{"href":"https:\/\/blogsaverroes.juntadeandalucia.es\/ceipgarciadeleaniz\/wp-json\/wp\/v2\/pages\/436"}],"collection":[{"href":"https:\/\/blogsaverroes.juntadeandalucia.es\/ceipgarciadeleaniz\/wp-json\/wp\/v2\/pages"}],"about":[{"href":"https:\/\/blogsaverroes.juntadeandalucia.es\/ceipgarciadeleaniz\/wp-json\/wp\/v2\/types\/page"}],"author":[{"embeddable":true,"href":"https:\/\/blogsaverroes.juntadeandalucia.es\/ceipgarciadeleaniz\/wp-json\/wp\/v2\/users\/1"}],"replies":[{"embeddable":true,"href":"https:\/\/blogsaverroes.juntadeandalucia.es\/ceipgarciadeleaniz\/wp-json\/wp\/v2\/comments?post=436"}],"version-history":[{"count":42,"href":"https:\/\/blogsaverroes.juntadeandalucia.es\/ceipgarciadeleaniz\/wp-json\/wp\/v2\/pages\/436\/revisions"}],"predecessor-version":[{"id":5513,"href":"https:\/\/blogsaverroes.juntadeandalucia.es\/ceipgarciadeleaniz\/wp-json\/wp\/v2\/pages\/436\/revisions\/5513"}],"wp:attachment":[{"href":"https:\/\/blogsaverroes.juntadeandalucia.es\/ceipgarciadeleaniz\/wp-json\/wp\/v2\/media?parent=436"}],"curies":[{"name":"wp","href":"https:\/\/api.w.org\/{rel}","templated":true}]}}