{"id":77,"date":"2015-03-16T06:54:56","date_gmt":"2015-03-16T06:54:56","guid":{"rendered":"http:\/\/blogsaverroes.juntadeandalucia.es\/pre\/ceip\/?page_id=77"},"modified":"2020-05-26T08:50:00","modified_gmt":"2020-05-26T08:50:00","slug":"secretaria","status":"publish","type":"page","link":"https:\/\/blogsaverroes.juntadeandalucia.es\/ceipgarciadeleaniz\/secretaria\/","title":{"rendered":"Secretar\u00eda"},"content":{"rendered":"<h2 style=\"text-align: center\"><strong>PLAZO DE ADMISI\u00d3N Y MATRICULACI\u00d3N PARA EL CURSO 2020\/2021<\/strong><\/h2>\n<p style=\"text-align: justify\">La Consejer\u00eda de Educaci\u00f3n y Deporte ha establecido el plazo&nbsp; de presentaci\u00f3n de <strong>solicitudes de admisi\u00f3n<\/strong> para el curso 2020\/21, tanto presencial como telem\u00e1tica, <strong>del 18 de mayo al 1 de junio, <\/strong>ambos d\u00edas incluidos.<\/p>\n<p>El plazo de <strong>matriculaci\u00f3n<\/strong> para el curso 2020\/2021 ser\u00e1 del<strong> 2 al 8 de junio<\/strong> (alumnado ya matriculado en el centro en cursos anteriores).<\/p>\n<p style=\"text-align: justify\">Para realizar estos tr\u00e1mites es<strong> recomendable<\/strong> utilizar la <strong><em>Secretar\u00eda Virtual<\/em> <\/strong>de los Centros Educativos ( Ahora mismo s\u00f3lo se puede acceder a admisi\u00f3n)<a href=\"https:\/\/www.juntadeandalucia.es\/educacion\/secretariavirtual\/\"><br \/>\n<\/a><br \/>\n<a href=\"https:\/\/www.juntadeandalucia.es\/educacion\/secretariavirtual\/accesoTramite\/439\/\"><img loading=\"lazy\" decoding=\"async\" class=\"size-full wp-image-3260 aligncenter\" src=\"https:\/\/blogsaverroes.juntadeandalucia.es\/ceipgarciadeleaniz\/files\/2020\/05\/images.png\" alt=\"\" width=\"275\" height=\"183\" srcset=\"https:\/\/blogsaverroes.juntadeandalucia.es\/ceipgarciadeleaniz\/files\/2020\/05\/images.png 275w, https:\/\/blogsaverroes.juntadeandalucia.es\/ceipgarciadeleaniz\/files\/2020\/05\/images-24x16.png 24w, https:\/\/blogsaverroes.juntadeandalucia.es\/ceipgarciadeleaniz\/files\/2020\/05\/images-36x24.png 36w, https:\/\/blogsaverroes.juntadeandalucia.es\/ceipgarciadeleaniz\/files\/2020\/05\/images-48x32.png 48w\" sizes=\"(max-width: 275px) 100vw, 275px\" \/><\/a><\/p>\n<p style=\"text-align: center\"><em>P\u00f3ngase en contacto con el Centro si tiene alguna duda para llevar a cabo el proceso telem\u00e1tico.<\/em><\/p>\n<p style=\"text-align: justify\">En caso de no poder realizar los tr\u00e1mites de admisi\u00f3n o matriculaci\u00f3n por esta v\u00eda,se podr\u00e1n realizar tambi\u00e9n de <em><strong>forma presencial<\/strong><\/em>. Deber\u00e1 acudir al centro el <strong>d\u00eda y la hora<\/strong> que se indique en una nota informativa que se enviar\u00e1 a cada curso por medio de las madres delegadas.<\/p>\n<p>&nbsp; &nbsp; &nbsp; &nbsp; &nbsp; &nbsp; Aqu\u00ed puede descargar los impresos de matr\u00edcula y admisi\u00f3n para agilizar el proceso:<\/p>\n<p style=\"text-align: center\"><a href=\"https:\/\/blogsaverroes.juntadeandalucia.es\/ceipgarciadeleaniz\/files\/2020\/05\/0022535-A00-V03-00.pdf\">Impreso de admisi\u00f3n (nuevo alumnado)<\/a><\/p>\n<p style=\"text-align: center\"><a href=\"https:\/\/blogsaverroes.juntadeandalucia.es\/ceipgarciadeleaniz\/files\/2020\/05\/ANEXO_RELIGION_2021_200227.pdf\">Solicitud para cursar la ense\u00f1anza de Religi\u00f3n.<\/a><\/p>\n<p style=\"text-align: center\"><a href=\"https:\/\/blogsaverroes.juntadeandalucia.es\/ceipgarciadeleaniz\/files\/2020\/05\/Matr\u00edcula-Aula-especifica.pdf\">Impreso de matriculaci\u00f3n Aula Espec\u00edfica<\/a><\/p>\n<p style=\"text-align: center\"><a href=\"https:\/\/blogsaverroes.juntadeandalucia.es\/ceipgarciadeleaniz\/files\/2020\/05\/Matr\u00edcula-Infantil.pdf\">Impreso de matriculaci\u00f3n en Segundo Ciclo de Educaci\u00f3n Infantil<\/a><\/p>\n<p style=\"text-align: center\"><a href=\"https:\/\/blogsaverroes.juntadeandalucia.es\/ceipgarciadeleaniz\/files\/2020\/05\/Matr\u00edcula-Primaria.pdf\">Impreso de matriculaci\u00f3n en Educaci\u00f3n Primaria<\/a><\/p>\n<p style=\"text-align: center\">&nbsp;<a href=\"https:\/\/blogsaverroes.juntadeandalucia.es\/ceipgarciadeleaniz\/files\/2020\/05\/0025631A05DR.pdf\">Solicitud Aula Matinal, Comedor y\/o Actividades Extraescolares.<\/a><\/p>\n<p style=\"text-align: center\">No olvide tampoco fotocopia del DNI del padre, de la madre y del ni\u00f1o\/a (si lo tiene), del Libro de Familia y de la primera p\u00e1gina de la cartilla bancaria en caso de solicitar Aula Matinal, Comedor y\/o actividades extraescolares.<\/p>\n","protected":false},"excerpt":{"rendered":"<p>PLAZO DE ADMISI\u00d3N Y MATRICULACI\u00d3N PARA EL CURSO 2020\/2021 La Consejer\u00eda de Educaci\u00f3n y Deporte ha establecido el plazo&nbsp; de presentaci\u00f3n de solicitudes de admisi\u00f3n para el curso 2020\/21, tanto presencial como telem\u00e1tica, del 18 de mayo al 1 de junio, ambos d\u00edas incluidos. El plazo de matriculaci\u00f3n para el curso 2020\/2021 ser\u00e1 del 2 &hellip; <\/p>\n<p><a class=\"more-link btn\" href=\"https:\/\/blogsaverroes.juntadeandalucia.es\/ceipgarciadeleaniz\/secretaria\/\">Seguir leyendo<\/a><\/p>\n","protected":false},"author":1,"featured_media":0,"parent":0,"menu_order":0,"comment_status":"open","ping_status":"open","template":"","meta":{"ngg_post_thumbnail":0,"footnotes":"","_mc_calendar":[]},"aioseo_notices":[],"_links":{"self":[{"href":"https:\/\/blogsaverroes.juntadeandalucia.es\/ceipgarciadeleaniz\/wp-json\/wp\/v2\/pages\/77"}],"collection":[{"href":"https:\/\/blogsaverroes.juntadeandalucia.es\/ceipgarciadeleaniz\/wp-json\/wp\/v2\/pages"}],"about":[{"href":"https:\/\/blogsaverroes.juntadeandalucia.es\/ceipgarciadeleaniz\/wp-json\/wp\/v2\/types\/page"}],"author":[{"embeddable":true,"href":"https:\/\/blogsaverroes.juntadeandalucia.es\/ceipgarciadeleaniz\/wp-json\/wp\/v2\/users\/1"}],"replies":[{"embeddable":true,"href":"https:\/\/blogsaverroes.juntadeandalucia.es\/ceipgarciadeleaniz\/wp-json\/wp\/v2\/comments?post=77"}],"version-history":[{"count":16,"href":"https:\/\/blogsaverroes.juntadeandalucia.es\/ceipgarciadeleaniz\/wp-json\/wp\/v2\/pages\/77\/revisions"}],"predecessor-version":[{"id":3407,"href":"https:\/\/blogsaverroes.juntadeandalucia.es\/ceipgarciadeleaniz\/wp-json\/wp\/v2\/pages\/77\/revisions\/3407"}],"wp:attachment":[{"href":"https:\/\/blogsaverroes.juntadeandalucia.es\/ceipgarciadeleaniz\/wp-json\/wp\/v2\/media?parent=77"}],"curies":[{"name":"wp","href":"https:\/\/api.w.org\/{rel}","templated":true}]}}