{"id":80,"date":"2015-03-16T06:57:36","date_gmt":"2015-03-16T06:57:36","guid":{"rendered":"http:\/\/blogsaverroes.juntadeandalucia.es\/pre\/ceip\/?page_id=80"},"modified":"2025-11-07T12:15:21","modified_gmt":"2025-11-07T12:15:21","slug":"curso-escolar","status":"publish","type":"page","link":"https:\/\/blogsaverroes.juntadeandalucia.es\/ceipgarciadeleaniz\/curso-escolar\/","title":{"rendered":"P.T."},"content":{"rendered":"<h3 style=\"text-align: center\"><a href=\"https:\/\/blogsaverroes.juntadeandalucia.es\/ceipgarciadeleaniz\/files\/2015\/03\/proyecto.png\"><img loading=\"lazy\" decoding=\"async\" class=\"alignnone wp-image-1662\" src=\"https:\/\/blogsaverroes.juntadeandalucia.es\/ceipgarciadeleaniz\/files\/2015\/03\/proyecto-300x266.png\" alt=\"\" width=\"128\" height=\"115\"><\/a><\/h3>\n<p>Correo electr\u00f3nico:<\/p>\n<p>ROC\u00cdO G\u00d3MEZ BUENO<a href=\"mailto:rgombue880@g.educaand.es\"> rgombue880@g.educaand.es<\/a><\/p>\n<p>&nbsp;<\/p>\n<h1 style=\"text-align: center\"><span style=\"color: #ff0000\">MATERIAL.<\/span><\/h1>\n<h3><span style=\"color: #0000ff\">\u2192 Cuadernos de ortograf\u00eda, lectura comprensiva, expresi\u00f3n escrita y matem\u00e1ticas.<\/span><\/h3>\n<p><a href=\"https:\/\/www.recursosep.com\/2020\/03\/30\/cuadernillos-de-actividades-gratuitos-1-o-primaria-4-o-eso-la-calesa\/\"><img loading=\"lazy\" decoding=\"async\" class=\"wp-image-2958 aligncenter\" style=\"font-family: 'Open Sans', sans-serif;font-size: 15px;font-style: normal;font-weight: 400\" src=\"https:\/\/blogsaverroes.juntadeandalucia.es\/ceipgarciadeleaniz\/files\/2020\/03\/ji.jpg\" alt=\"\" width=\"179\" height=\"180\" srcset=\"https:\/\/blogsaverroes.juntadeandalucia.es\/ceipgarciadeleaniz\/files\/2020\/03\/ji.jpg 140w, https:\/\/blogsaverroes.juntadeandalucia.es\/ceipgarciadeleaniz\/files\/2020\/03\/ji-100x100.jpg 100w, https:\/\/blogsaverroes.juntadeandalucia.es\/ceipgarciadeleaniz\/files\/2020\/03\/ji-24x24.jpg 24w, https:\/\/blogsaverroes.juntadeandalucia.es\/ceipgarciadeleaniz\/files\/2020\/03\/ji-36x36.jpg 36w, https:\/\/blogsaverroes.juntadeandalucia.es\/ceipgarciadeleaniz\/files\/2020\/03\/ji-48x48.jpg 48w\" sizes=\"(max-width: 179px) 100vw, 179px\" \/><\/a><\/p>\n","protected":false},"excerpt":{"rendered":"<p>Correo electr\u00f3nico: ROC\u00cdO G\u00d3MEZ BUENO rgombue880@g.educaand.es &nbsp; MATERIAL. \u2192 Cuadernos de ortograf\u00eda, lectura comprensiva, expresi\u00f3n escrita y matem\u00e1ticas.<\/p>\n","protected":false},"author":1,"featured_media":0,"parent":0,"menu_order":0,"comment_status":"open","ping_status":"open","template":"","meta":{"ngg_post_thumbnail":0,"footnotes":"","_mc_calendar":[]},"aioseo_notices":[],"_links":{"self":[{"href":"https:\/\/blogsaverroes.juntadeandalucia.es\/ceipgarciadeleaniz\/wp-json\/wp\/v2\/pages\/80"}],"collection":[{"href":"https:\/\/blogsaverroes.juntadeandalucia.es\/ceipgarciadeleaniz\/wp-json\/wp\/v2\/pages"}],"about":[{"href":"https:\/\/blogsaverroes.juntadeandalucia.es\/ceipgarciadeleaniz\/wp-json\/wp\/v2\/types\/page"}],"author":[{"embeddable":true,"href":"https:\/\/blogsaverroes.juntadeandalucia.es\/ceipgarciadeleaniz\/wp-json\/wp\/v2\/users\/1"}],"replies":[{"embeddable":true,"href":"https:\/\/blogsaverroes.juntadeandalucia.es\/ceipgarciadeleaniz\/wp-json\/wp\/v2\/comments?post=80"}],"version-history":[{"count":9,"href":"https:\/\/blogsaverroes.juntadeandalucia.es\/ceipgarciadeleaniz\/wp-json\/wp\/v2\/pages\/80\/revisions"}],"predecessor-version":[{"id":5490,"href":"https:\/\/blogsaverroes.juntadeandalucia.es\/ceipgarciadeleaniz\/wp-json\/wp\/v2\/pages\/80\/revisions\/5490"}],"wp:attachment":[{"href":"https:\/\/blogsaverroes.juntadeandalucia.es\/ceipgarciadeleaniz\/wp-json\/wp\/v2\/media?parent=80"}],"curies":[{"name":"wp","href":"https:\/\/api.w.org\/{rel}","templated":true}]}}