{"id":869,"date":"2015-03-16T07:03:52","date_gmt":"2015-03-16T07:03:52","guid":{"rendered":"http:\/\/blogsaverroes.juntadeandalucia.es\/pre\/ceip\/?page_id=84"},"modified":"2024-03-07T11:46:52","modified_gmt":"2024-03-07T11:46:52","slug":"al","status":"publish","type":"page","link":"https:\/\/blogsaverroes.juntadeandalucia.es\/ceipgarciadeleaniz\/al\/","title":{"rendered":"A.L."},"content":{"rendered":"<p style=\"text-align: justify\"><span style=\"color: #ff00ff\">DESDE EL EQUIPO DE ORIENTACI\u00d3N DEL COLE OS OFRECEMOS ESTA RECOPILACI\u00d3N DE VIDEOS PARA ESTIMULAR HABILIDADES LINGU\u00cdSTICAS Y COGNITIVAS.<\/span><\/p>\n<p style=\"text-align: justify\">POD\u00c9IS DESCARGAROS ESTE DOCUMENTO EN LA TABLET, ORDENADOR O MOVIL Y ASI TENER ACCESO R\u00c1PIDO A LOS VIDEOS. SON UNA BUENA ALTERNATIVA A OTRO TIPO DE VIDEOS QUE SUELEN VER LOS NI\u00d1OS\/AS.<\/p>\n<p style=\"text-align: justify\">\u00a1<span style=\"color: #3366ff\">\u00a1\u00a1\u00a1\u00a1\u00a1SON VIDEOS CORTOS, DIVERTIDOS Y EDUCATIVOS!!! A LOS PEQUES LES ENCANTAR\u00c1N!!!!!!!<\/span><\/p>\n<p><span data-ccp-props=\"{&quot;134233279&quot;:true,&quot;201341983&quot;:0,&quot;335559685&quot;:720,&quot;335559739&quot;:200,&quot;335559740&quot;:276}\">&nbsp;<\/span><br \/>\n[googleapps domain=\u00bbdocs\u00bb dir=\u00bbdocument\/d\/e\/2PACX-1vTLsNRDDPyYCtgtdqj97gXxh8r2oEwk4DSAS3v6xiWR1ElhbH8wrNNi3ShDtXfH-sYxsiHywpuL7NSQ\/pub\u00bb query=\u00bbembedded=true\u00bb width=\u00bb800&#8243; height=\u00bb2000&#8243; \/]<\/p>\n<p>Correo electr\u00f3nico de la maestra de A.L.:<\/p>\n<p>Carmen Alhama: <a href=\"mailto:calhpal886@g.educaand.es\">calhpal886@g.educaand.es<\/a><\/p>\n<p>&nbsp;<\/p>\n","protected":false},"excerpt":{"rendered":"<p>DESDE EL EQUIPO DE ORIENTACI\u00d3N DEL COLE OS OFRECEMOS ESTA RECOPILACI\u00d3N DE VIDEOS PARA ESTIMULAR HABILIDADES LINGU\u00cdSTICAS Y COGNITIVAS. POD\u00c9IS DESCARGAROS ESTE DOCUMENTO EN LA TABLET, ORDENADOR O MOVIL Y ASI TENER ACCESO R\u00c1PIDO A LOS VIDEOS. SON UNA BUENA ALTERNATIVA A OTRO TIPO DE VIDEOS QUE SUELEN VER LOS NI\u00d1OS\/AS. \u00a1\u00a1\u00a1\u00a1\u00a1\u00a1SON VIDEOS CORTOS, DIVERTIDOS &hellip; <\/p>\n<p><a class=\"more-link btn\" href=\"https:\/\/blogsaverroes.juntadeandalucia.es\/ceipgarciadeleaniz\/al\/\">Seguir leyendo<\/a><\/p>\n","protected":false},"author":1,"featured_media":0,"parent":0,"menu_order":0,"comment_status":"open","ping_status":"open","template":"","meta":{"ngg_post_thumbnail":0,"footnotes":"","_mc_calendar":[]},"aioseo_notices":[],"_links":{"self":[{"href":"https:\/\/blogsaverroes.juntadeandalucia.es\/ceipgarciadeleaniz\/wp-json\/wp\/v2\/pages\/869"}],"collection":[{"href":"https:\/\/blogsaverroes.juntadeandalucia.es\/ceipgarciadeleaniz\/wp-json\/wp\/v2\/pages"}],"about":[{"href":"https:\/\/blogsaverroes.juntadeandalucia.es\/ceipgarciadeleaniz\/wp-json\/wp\/v2\/types\/page"}],"author":[{"embeddable":true,"href":"https:\/\/blogsaverroes.juntadeandalucia.es\/ceipgarciadeleaniz\/wp-json\/wp\/v2\/users\/1"}],"replies":[{"embeddable":true,"href":"https:\/\/blogsaverroes.juntadeandalucia.es\/ceipgarciadeleaniz\/wp-json\/wp\/v2\/comments?post=869"}],"version-history":[{"count":12,"href":"https:\/\/blogsaverroes.juntadeandalucia.es\/ceipgarciadeleaniz\/wp-json\/wp\/v2\/pages\/869\/revisions"}],"predecessor-version":[{"id":5367,"href":"https:\/\/blogsaverroes.juntadeandalucia.es\/ceipgarciadeleaniz\/wp-json\/wp\/v2\/pages\/869\/revisions\/5367"}],"wp:attachment":[{"href":"https:\/\/blogsaverroes.juntadeandalucia.es\/ceipgarciadeleaniz\/wp-json\/wp\/v2\/media?parent=869"}],"curies":[{"name":"wp","href":"https:\/\/api.w.org\/{rel}","templated":true}]}}