{"id":2309,"date":"2020-03-10T11:13:28","date_gmt":"2020-03-10T11:13:28","guid":{"rendered":"https:\/\/blogsaverroes.juntadeandalucia.es\/ceipgenarorincon\/?page_id=2309"},"modified":"2020-04-09T17:57:35","modified_gmt":"2020-04-09T17:57:35","slug":"documentos-para-rellenar","status":"publish","type":"page","link":"https:\/\/blogsaverroes.juntadeandalucia.es\/ceipgenarorincon\/documentos-para-rellenar\/","title":{"rendered":"Secretar\u00eda"},"content":{"rendered":"<p>La secretar\u00eda del centro est\u00e1 abierta de &nbsp;lunes a jueves de <strong>9:10&nbsp; a 12 horas.<\/strong><\/p>\n<p>En ella ser\u00e1 atendido por el Secretario del Equipo Directivo, <strong>D. Diego Morales G\u00f3mez<\/strong>, y por la administrativa,<\/p>\n<p><strong>D\u00aa Sonia Gonz\u00e1lez Vega.<\/strong><\/p>\n","protected":false},"excerpt":{"rendered":"<p>La secretar\u00eda del centro est\u00e1 abierta de &nbsp;lunes a jueves de 9:10&nbsp; a 12 horas. En ella ser\u00e1 atendido por el Secretario del Equipo Directivo, D. Diego Morales G\u00f3mez, y por la administrativa, D\u00aa&#46;&#46;&#46;<\/p>\n","protected":false},"author":2037,"featured_media":0,"parent":0,"menu_order":0,"comment_status":"closed","ping_status":"closed","template":"","meta":{"ngg_post_thumbnail":0,"footnotes":"","_mc_calendar":[]},"aioseo_notices":[],"_links":{"self":[{"href":"https:\/\/blogsaverroes.juntadeandalucia.es\/ceipgenarorincon\/wp-json\/wp\/v2\/pages\/2309"}],"collection":[{"href":"https:\/\/blogsaverroes.juntadeandalucia.es\/ceipgenarorincon\/wp-json\/wp\/v2\/pages"}],"about":[{"href":"https:\/\/blogsaverroes.juntadeandalucia.es\/ceipgenarorincon\/wp-json\/wp\/v2\/types\/page"}],"author":[{"embeddable":true,"href":"https:\/\/blogsaverroes.juntadeandalucia.es\/ceipgenarorincon\/wp-json\/wp\/v2\/users\/2037"}],"replies":[{"embeddable":true,"href":"https:\/\/blogsaverroes.juntadeandalucia.es\/ceipgenarorincon\/wp-json\/wp\/v2\/comments?post=2309"}],"version-history":[{"count":5,"href":"https:\/\/blogsaverroes.juntadeandalucia.es\/ceipgenarorincon\/wp-json\/wp\/v2\/pages\/2309\/revisions"}],"predecessor-version":[{"id":2728,"href":"https:\/\/blogsaverroes.juntadeandalucia.es\/ceipgenarorincon\/wp-json\/wp\/v2\/pages\/2309\/revisions\/2728"}],"wp:attachment":[{"href":"https:\/\/blogsaverroes.juntadeandalucia.es\/ceipgenarorincon\/wp-json\/wp\/v2\/media?parent=2309"}],"curies":[{"name":"wp","href":"https:\/\/api.w.org\/{rel}","templated":true}]}}