{"id":2310,"date":"2020-03-10T11:13:28","date_gmt":"2020-03-10T11:13:28","guid":{"rendered":"https:\/\/blogsaverroes.juntadeandalucia.es\/ceipgenarorincon\/?page_id=2310"},"modified":"2021-02-16T09:32:12","modified_gmt":"2021-02-16T09:32:12","slug":"autorizaciones","status":"publish","type":"page","link":"https:\/\/blogsaverroes.juntadeandalucia.es\/ceipgenarorincon\/autorizaciones\/","title":{"rendered":"Autorizaciones"},"content":{"rendered":"<p>Al cumplimentar la matr\u00edcula, las familias deben rellenar una serie de autorizaciones. Esta informaci\u00f3n va recogida en nuestra plataforma S\u00e9neca.&nbsp;<\/p>\n<p>Con esta documentaci\u00f3n obtenemos la autorizaci\u00f3n de :<\/p>\n<ul>\n<li>Salidas al entorno<\/li>\n<li>Fotos o v\u00eddeos&nbsp;<\/li>\n<li>Salidas del alumnado por el zigzag , esperando la familia abajo del mismo.<\/li>\n<li>Salida del alumnado solo, sin adultos.<\/li>\n<li>Administraci\u00f3n de medicaci\u00f3n.<\/li>\n<li>Acompa\u00f1ar al centro de salud al alumno accidentado, sin haber podido contactar con la familia.<\/li>\n<li>Alergias, dolencias, enfermedades cr\u00f3nicas, etc.<\/li>\n<li>Autorizaci\u00f3n de personas para recoger al alumnado.<\/li>\n<\/ul>\n<p>&nbsp;<\/p>\n<p>&nbsp;<\/p>\n<p><a href=\"https:\/\/blogsaverroes.juntadeandalucia.es\/ceipgenarorincon\/files\/2020\/04\/autorizaciones.docx.pdf\" target=\"_blank\" rel=\"noopener noreferrer\">autorizaciones.docx<\/a><\/p>\n","protected":false},"excerpt":{"rendered":"<p>Al cumplimentar la matr\u00edcula, las familias deben rellenar una serie de autorizaciones. Esta informaci\u00f3n va recogida en nuestra plataforma S\u00e9neca.&nbsp; Con esta documentaci\u00f3n obtenemos la autorizaci\u00f3n de : Salidas al entorno Fotos o v\u00eddeos&nbsp;&#46;&#46;&#46;<\/p>\n","protected":false},"author":2037,"featured_media":0,"parent":0,"menu_order":0,"comment_status":"closed","ping_status":"closed","template":"","meta":{"ngg_post_thumbnail":0,"footnotes":"","_mc_calendar":[]},"aioseo_notices":[],"_links":{"self":[{"href":"https:\/\/blogsaverroes.juntadeandalucia.es\/ceipgenarorincon\/wp-json\/wp\/v2\/pages\/2310"}],"collection":[{"href":"https:\/\/blogsaverroes.juntadeandalucia.es\/ceipgenarorincon\/wp-json\/wp\/v2\/pages"}],"about":[{"href":"https:\/\/blogsaverroes.juntadeandalucia.es\/ceipgenarorincon\/wp-json\/wp\/v2\/types\/page"}],"author":[{"embeddable":true,"href":"https:\/\/blogsaverroes.juntadeandalucia.es\/ceipgenarorincon\/wp-json\/wp\/v2\/users\/2037"}],"replies":[{"embeddable":true,"href":"https:\/\/blogsaverroes.juntadeandalucia.es\/ceipgenarorincon\/wp-json\/wp\/v2\/comments?post=2310"}],"version-history":[{"count":4,"href":"https:\/\/blogsaverroes.juntadeandalucia.es\/ceipgenarorincon\/wp-json\/wp\/v2\/pages\/2310\/revisions"}],"predecessor-version":[{"id":4063,"href":"https:\/\/blogsaverroes.juntadeandalucia.es\/ceipgenarorincon\/wp-json\/wp\/v2\/pages\/2310\/revisions\/4063"}],"wp:attachment":[{"href":"https:\/\/blogsaverroes.juntadeandalucia.es\/ceipgenarorincon\/wp-json\/wp\/v2\/media?parent=2310"}],"curies":[{"name":"wp","href":"https:\/\/api.w.org\/{rel}","templated":true}]}}