{"id":2315,"date":"2020-03-10T11:13:28","date_gmt":"2020-03-10T11:13:28","guid":{"rendered":"https:\/\/blogsaverroes.juntadeandalucia.es\/ceipgenarorincon\/?page_id=2315"},"modified":"2023-11-24T10:37:38","modified_gmt":"2023-11-24T10:37:38","slug":"rof","status":"publish","type":"page","link":"https:\/\/blogsaverroes.juntadeandalucia.es\/ceipgenarorincon\/rof\/","title":{"rendered":"ROF"},"content":{"rendered":"<p>La Ley de Educaci\u00f3n de Andaluc\u00eda establece en su art\u00edculo 128 que el reglamento de organizaci\u00f3n y funcionamiento recoger\u00e1 las normas organizativas y funcionales que faciliten la consecuci\u00f3n del clima adecuado para alcanzar los objetivos que el centro se haya propuesto y permitan mantener un ambiente de respeto, confianza y colaboraci\u00f3n entre todos los sectores de la comunidad educativa.<\/p>\n<p>&nbsp; El ROF pretende ser un instrumento al servicio de la comunidad educativa que garantice la mayor objetividad posible en el tratamiento de todos aquellos aspectos relacionados con la vida del centro y que no est\u00e9n suficientemente desarrollados en la normativa vigente por pertenecer a nuestro contexto particular.<\/p>\n<p><a href=\"https:\/\/blogsaverroes.juntadeandalucia.es\/ceipgenarorincon\/files\/2015\/03\/lapices3.jpg\"><img loading=\"lazy\" decoding=\"async\" class=\"wp-image-569 aligncenter\" src=\"https:\/\/blogsaverroes.juntadeandalucia.es\/ceipgenarorincon\/files\/2015\/03\/lapices3-300x199.jpg\" alt=\"\" width=\"182\" height=\"121\" srcset=\"https:\/\/blogsaverroes.juntadeandalucia.es\/ceipgenarorincon\/files\/2015\/03\/lapices3-300x199.jpg 300w, https:\/\/blogsaverroes.juntadeandalucia.es\/ceipgenarorincon\/files\/2015\/03\/lapices3-1024x682.jpg 1024w, https:\/\/blogsaverroes.juntadeandalucia.es\/ceipgenarorincon\/files\/2015\/03\/lapices3.jpg 1280w\" sizes=\"(max-width: 182px) 100vw, 182px\" \/><\/a><\/p>\n<p>El ROF es un documento vivo , por lo que puede modificarse a lo largo del curso escolar.&nbsp;<\/p>\n<p>&nbsp;<\/p>\n<p><a title=\"ROF 23-24\" href=\"https:\/\/drive.google.com\/file\/d\/1WJufBxShHGSt4Y_XLdrycVP3M8_Mg4kz\/view?usp=sharing\" target=\"_blank\" rel=\"noopener noreferrer\">ROF 23-24<\/a><\/p>\n<p>&nbsp;<\/p>\n<p>&nbsp;<\/p>\n","protected":false},"excerpt":{"rendered":"<p>La Ley de Educaci\u00f3n de Andaluc\u00eda establece en su art\u00edculo 128 que el reglamento de organizaci\u00f3n y funcionamiento recoger\u00e1 las normas organizativas y funcionales que faciliten la consecuci\u00f3n del clima adecuado para alcanzar los&#46;&#46;&#46;<\/p>\n","protected":false},"author":2037,"featured_media":0,"parent":0,"menu_order":0,"comment_status":"closed","ping_status":"closed","template":"","meta":{"ngg_post_thumbnail":0,"footnotes":"","_mc_calendar":[]},"aioseo_notices":[],"_links":{"self":[{"href":"https:\/\/blogsaverroes.juntadeandalucia.es\/ceipgenarorincon\/wp-json\/wp\/v2\/pages\/2315"}],"collection":[{"href":"https:\/\/blogsaverroes.juntadeandalucia.es\/ceipgenarorincon\/wp-json\/wp\/v2\/pages"}],"about":[{"href":"https:\/\/blogsaverroes.juntadeandalucia.es\/ceipgenarorincon\/wp-json\/wp\/v2\/types\/page"}],"author":[{"embeddable":true,"href":"https:\/\/blogsaverroes.juntadeandalucia.es\/ceipgenarorincon\/wp-json\/wp\/v2\/users\/2037"}],"replies":[{"embeddable":true,"href":"https:\/\/blogsaverroes.juntadeandalucia.es\/ceipgenarorincon\/wp-json\/wp\/v2\/comments?post=2315"}],"version-history":[{"count":6,"href":"https:\/\/blogsaverroes.juntadeandalucia.es\/ceipgenarorincon\/wp-json\/wp\/v2\/pages\/2315\/revisions"}],"predecessor-version":[{"id":5660,"href":"https:\/\/blogsaverroes.juntadeandalucia.es\/ceipgenarorincon\/wp-json\/wp\/v2\/pages\/2315\/revisions\/5660"}],"wp:attachment":[{"href":"https:\/\/blogsaverroes.juntadeandalucia.es\/ceipgenarorincon\/wp-json\/wp\/v2\/media?parent=2315"}],"curies":[{"name":"wp","href":"https:\/\/api.w.org\/{rel}","templated":true}]}}