{"id":2317,"date":"2020-03-10T11:13:28","date_gmt":"2020-03-10T11:13:28","guid":{"rendered":"https:\/\/blogsaverroes.juntadeandalucia.es\/ceipgenarorincon\/?page_id=2317"},"modified":"2021-10-26T10:15:28","modified_gmt":"2021-10-26T10:15:28","slug":"plan-de-accion-tutorial","status":"publish","type":"page","link":"https:\/\/blogsaverroes.juntadeandalucia.es\/ceipgenarorincon\/plan-de-accion-tutorial\/","title":{"rendered":"Plan de Acci\u00f3n Tutorial"},"content":{"rendered":"<p>En la escuela no s\u00f3lo impartimos conocimientos en los aspectos puramente acad\u00e9micos sino que tambi\u00e9n incidimos en el proceso educativo global de nuestros alumnos\/as, como personas que se hallan inmersas en unos grupos sociales determinados, con caracter\u00edsticas personales diferenciadas y heterog\u00e9neas que es necesario conocer, valorar y mejorar: actitudes, motivaci\u00f3n, autoconcepto, priorizaci\u00f3n de valores, etc.<\/p>\n<p>La funci\u00f3n tutorial debe asegurar que los alumnos del <strong>CEIP Maestro Genaro Rinc\u00f3n<\/strong>, reciban una educaci\u00f3n integral y personalizada. El tutor gu\u00eda y orienta en momentos cr\u00edticos o de especial dificultad tanto en problemas relativos al aprendizaje, como personales o sociales.<\/p>\n<p>&nbsp;<\/p>\n<p><a href=\"https:\/\/blogsaverroes.juntadeandalucia.es\/ceipgenarorincon\/files\/2021\/10\/PLAN-ACCI\u00d3N-TUTORIAL.docx\" target=\"_blank\" rel=\"noopener noreferrer\">PLAN ACCI\u00d3N TUTORIAL<\/a><\/p>\n<p>&nbsp;<\/p>\n<p>&nbsp;<\/p>\n","protected":false},"excerpt":{"rendered":"<p>En la escuela no s\u00f3lo impartimos conocimientos en los aspectos puramente acad\u00e9micos sino que tambi\u00e9n incidimos en el proceso educativo global de nuestros alumnos\/as, como personas que se hallan inmersas en unos grupos sociales&#46;&#46;&#46;<\/p>\n","protected":false},"author":2037,"featured_media":0,"parent":0,"menu_order":0,"comment_status":"closed","ping_status":"closed","template":"","meta":{"ngg_post_thumbnail":0,"footnotes":"","_mc_calendar":[]},"aioseo_notices":[],"_links":{"self":[{"href":"https:\/\/blogsaverroes.juntadeandalucia.es\/ceipgenarorincon\/wp-json\/wp\/v2\/pages\/2317"}],"collection":[{"href":"https:\/\/blogsaverroes.juntadeandalucia.es\/ceipgenarorincon\/wp-json\/wp\/v2\/pages"}],"about":[{"href":"https:\/\/blogsaverroes.juntadeandalucia.es\/ceipgenarorincon\/wp-json\/wp\/v2\/types\/page"}],"author":[{"embeddable":true,"href":"https:\/\/blogsaverroes.juntadeandalucia.es\/ceipgenarorincon\/wp-json\/wp\/v2\/users\/2037"}],"replies":[{"embeddable":true,"href":"https:\/\/blogsaverroes.juntadeandalucia.es\/ceipgenarorincon\/wp-json\/wp\/v2\/comments?post=2317"}],"version-history":[{"count":3,"href":"https:\/\/blogsaverroes.juntadeandalucia.es\/ceipgenarorincon\/wp-json\/wp\/v2\/pages\/2317\/revisions"}],"predecessor-version":[{"id":4829,"href":"https:\/\/blogsaverroes.juntadeandalucia.es\/ceipgenarorincon\/wp-json\/wp\/v2\/pages\/2317\/revisions\/4829"}],"wp:attachment":[{"href":"https:\/\/blogsaverroes.juntadeandalucia.es\/ceipgenarorincon\/wp-json\/wp\/v2\/media?parent=2317"}],"curies":[{"name":"wp","href":"https:\/\/api.w.org\/{rel}","templated":true}]}}