{"id":2352,"date":"2020-03-10T12:08:03","date_gmt":"2020-03-10T12:08:03","guid":{"rendered":"https:\/\/blogsaverroes.juntadeandalucia.es\/ceipgenarorincon\/?page_id=2352"},"modified":"2025-11-17T17:37:23","modified_gmt":"2025-11-17T17:37:23","slug":"plan-de-autoproteccion","status":"publish","type":"page","link":"https:\/\/blogsaverroes.juntadeandalucia.es\/ceipgenarorincon\/plan-de-autoproteccion\/","title":{"rendered":"Plan de Autoprotecci\u00f3n"},"content":{"rendered":"<p dir=\"ltr\" style=\"text-align: center\"><strong>&nbsp;Simulacros de Evacuaci\u00f3n en Centros Escolares de Andaluc\u00eda<\/strong><\/p>\n<p dir=\"ltr\"><strong>Justificaci\u00f3n<\/strong><\/p>\n<p dir=\"ltr\">La justificaci\u00f3n de estos simulacros reside en la necesidad de&nbsp;proteger a las personas y los bienes&nbsp;del centro, cumpliendo con la normativa de prevenci\u00f3n de riesgos y autoprotecci\u00f3n. Los objetivos clave son:<\/p>\n<ul>\n<li dir=\"ltr\">\n<p dir=\"ltr\" role=\"presentation\">Preparaci\u00f3n y Entrenamiento: Adiestrar a todo el personal (docente y no docente) y al alumnado en los procedimientos de emergencia, asegurando que todos conocen las v\u00edas de evacuaci\u00f3n y el punto de reuni\u00f3n final.<\/p>\n<\/li>\n<li dir=\"ltr\">\n<p dir=\"ltr\" role=\"presentation\">Verificaci\u00f3n del Plan: Comprobar la eficacia y el correcto funcionamiento del Plan de Autoprotecci\u00f3n del centro, incluyendo la se\u00f1alizaci\u00f3n, los medios de alarma y las responsabilidades asignadas a los Equipos de Primera Intervenci\u00f3n (EPI).<\/p>\n<\/li>\n<li dir=\"ltr\">\n<p dir=\"ltr\" role=\"presentation\">Reducci\u00f3n del Tiempo de Respuesta: Conseguir que el desalojo del edificio se realice en el menor tiempo posible (el objetivo suele ser entre 5 y 10 minutos para la evacuaci\u00f3n total, dependiendo de la ocupaci\u00f3n).<\/p>\n<\/li>\n<li dir=\"ltr\">\n<p dir=\"ltr\" role=\"presentation\">Fomento de la Calma: Instruir a los participantes para que act\u00faen con calma, eviten el p\u00e1nico y sigan las indicaciones de los responsables, lo cual es crucial para la seguridad en una emergencia real.<\/p>\n<\/li>\n<li dir=\"ltr\">\n<p dir=\"ltr\" role=\"presentation\">Identificaci\u00f3n de Deficiencias: Detectar posibles problemas o barreras en las v\u00edas de evacuaci\u00f3n (objetos obstruyendo, puertas defectuosas, etc.) o fallos en el procedimiento para corregirlos posteriormente.<\/p>\n<\/li>\n<\/ul>\n<p dir=\"ltr\">En Andaluc\u00eda, la Orden de 16 de abril de 2008 establece la obligatoriedad de realizar al menos un simulacro de evacuaci\u00f3n o confinamiento por curso escolar. El ejercicio se desarrolla de la siguiente manera:<\/p>\n<ol>\n<li dir=\"ltr\">\n<p dir=\"ltr\" role=\"presentation\">Alerta: Se activa la se\u00f1al de alarma (timbre u otra se\u00f1al ac\u00fastica) que debe ser clara y continua, repiti\u00e9ndose a los 15 segundos para asegurar que todos la han escuchado.<\/p>\n<\/li>\n<li dir=\"ltr\">\n<p dir=\"ltr\" role=\"presentation\">Evacuaci\u00f3n: El alumnado, bajo las indicaciones del profesorado, abandona el aula. El desalojo se realiza en fila de a uno, cerca de las paredes y sin correr, sin recoger objetos personales. El \u00faltimo en salir&nbsp; debe cerrar la puerta del aula, pondremos una papelera como se\u00f1al que no queda nadie en el interior. Habr\u00e1 una persona encargada de cerrar ventanas (las persianas no son necesarias en caso de incendios).<\/p>\n<\/li>\n<li dir=\"ltr\">\n<p dir=\"ltr\" role=\"presentation\">V\u00edas de Evacuaci\u00f3n: Se utilizan las rutas preestablecidas en el Plan de Autoprotecci\u00f3n, que deben estar siempre libres de obst\u00e1culos.<\/p>\n<\/li>\n<li dir=\"ltr\">\n<p dir=\"ltr\" role=\"presentation\">Recuento: Todo el personal se dirige al Punto de Reuni\u00f3n Exterior seguro. Los responsables deben realizar un recuento estricto para confirmar que no queda nadie dentro del edificio. Se debe prestar especial atenci\u00f3n a la evacuaci\u00f3n de personas con movilidad reducida.<\/p>\n<\/li>\n<li dir=\"ltr\">\n<p dir=\"ltr\" role=\"presentation\">Finalizaci\u00f3n: Una vez que se verifica la seguridad y se da por concluido el ejercicio, todo el personal regresa a sus actividades normales.<\/p>\n<\/li>\n<li dir=\"ltr\">\n<p dir=\"ltr\" role=\"presentation\">Informe: Se cumplimenta un informe del simulacro (seg\u00fan el modelo del Anexo I de la Orden), que se registra en la aplicaci\u00f3n S\u00e9neca y se incluye en la Memoria final del Centro.<\/p>\n<\/li>\n<\/ol>\n<p><a href=\"https:\/\/drive.google.com\/file\/d\/1U3AcMyiXzvW1Pp1Yjlme9sS7-dwxTsQ4\/view?usp=sharing\">Simulacro de Evacuaci\u00f3n<\/a><\/p>\n<p>&nbsp;<br \/>\n<iframe loading=\"lazy\" src=\"https:\/\/drive.google.com\/file\/d\/1U3AcMyiXzvW1Pp1Yjlme9sS7-dwxTsQ4\/preview\" width=\"640\" height=\"480\"><\/iframe><br \/>\n<a href=\"https:\/\/drive.google.com\/file\/d\/1YiLgQDqM7vSEqMLY_JCbla-2c9fS2KET\/view?usp=sharing\">V\u00eddeos Explicativos para proyectar al alumnado<\/a><\/p>\n","protected":false},"excerpt":{"rendered":"<p>&nbsp;Simulacros de Evacuaci\u00f3n en Centros Escolares de Andaluc\u00eda Justificaci\u00f3n La justificaci\u00f3n de estos simulacros reside en la necesidad de&nbsp;proteger a las personas y los bienes&nbsp;del centro, cumpliendo con la normativa de prevenci\u00f3n de riesgos&#46;&#46;&#46;<\/p>\n","protected":false},"author":2037,"featured_media":0,"parent":0,"menu_order":0,"comment_status":"closed","ping_status":"closed","template":"","meta":{"ngg_post_thumbnail":0,"footnotes":"","_mc_calendar":[]},"aioseo_notices":[],"_links":{"self":[{"href":"https:\/\/blogsaverroes.juntadeandalucia.es\/ceipgenarorincon\/wp-json\/wp\/v2\/pages\/2352"}],"collection":[{"href":"https:\/\/blogsaverroes.juntadeandalucia.es\/ceipgenarorincon\/wp-json\/wp\/v2\/pages"}],"about":[{"href":"https:\/\/blogsaverroes.juntadeandalucia.es\/ceipgenarorincon\/wp-json\/wp\/v2\/types\/page"}],"author":[{"embeddable":true,"href":"https:\/\/blogsaverroes.juntadeandalucia.es\/ceipgenarorincon\/wp-json\/wp\/v2\/users\/2037"}],"replies":[{"embeddable":true,"href":"https:\/\/blogsaverroes.juntadeandalucia.es\/ceipgenarorincon\/wp-json\/wp\/v2\/comments?post=2352"}],"version-history":[{"count":4,"href":"https:\/\/blogsaverroes.juntadeandalucia.es\/ceipgenarorincon\/wp-json\/wp\/v2\/pages\/2352\/revisions"}],"predecessor-version":[{"id":5971,"href":"https:\/\/blogsaverroes.juntadeandalucia.es\/ceipgenarorincon\/wp-json\/wp\/v2\/pages\/2352\/revisions\/5971"}],"wp:attachment":[{"href":"https:\/\/blogsaverroes.juntadeandalucia.es\/ceipgenarorincon\/wp-json\/wp\/v2\/media?parent=2352"}],"curies":[{"name":"wp","href":"https:\/\/api.w.org\/{rel}","templated":true}]}}