{"id":3501,"date":"2020-08-24T09:53:31","date_gmt":"2020-08-24T09:53:31","guid":{"rendered":"https:\/\/blogsaverroes.juntadeandalucia.es\/ceipgenarorincon\/?page_id=3501"},"modified":"2022-06-17T09:53:31","modified_gmt":"2022-06-17T09:53:31","slug":"curso-19-20","status":"publish","type":"page","link":"https:\/\/blogsaverroes.juntadeandalucia.es\/ceipgenarorincon\/curso-19-20\/","title":{"rendered":""},"content":{"rendered":"<h2 style=\"text-align: center\">NUESTRO SEGUNDO A\u00d1O COLABORANDO CON LAS AULAS HOSPITALARIAS Y ATENCI\u00d3N DOMICILIARIA DEL HOSPITAL MATERNO INFANTIL&nbsp;<\/h2>\n<p><a href=\"https:\/\/blogsaverroes.juntadeandalucia.es\/ceipgenarorincon\/files\/2022\/06\/PHOTO-2021-10-20-22-04-43.jpg\"><img loading=\"lazy\" decoding=\"async\" class=\"wp-image-5421 aligncenter\" src=\"https:\/\/blogsaverroes.juntadeandalucia.es\/ceipgenarorincon\/files\/2022\/06\/PHOTO-2021-10-20-22-04-43-216x300.jpg\" alt=\"\" width=\"320\" height=\"444\" srcset=\"https:\/\/blogsaverroes.juntadeandalucia.es\/ceipgenarorincon\/files\/2022\/06\/PHOTO-2021-10-20-22-04-43-216x300.jpg 216w, https:\/\/blogsaverroes.juntadeandalucia.es\/ceipgenarorincon\/files\/2022\/06\/PHOTO-2021-10-20-22-04-43-737x1024.jpg 737w, https:\/\/blogsaverroes.juntadeandalucia.es\/ceipgenarorincon\/files\/2022\/06\/PHOTO-2021-10-20-22-04-43-768x1067.jpg 768w, https:\/\/blogsaverroes.juntadeandalucia.es\/ceipgenarorincon\/files\/2022\/06\/PHOTO-2021-10-20-22-04-43-1106x1536.jpg 1106w, https:\/\/blogsaverroes.juntadeandalucia.es\/ceipgenarorincon\/files\/2022\/06\/PHOTO-2021-10-20-22-04-43.jpg 1152w\" sizes=\"(max-width: 320px) 100vw, 320px\" \/><\/a><\/p>\n<p>Se trata de un Proyecto de innovaci\u00f3n, que consiste en llevar a los ni\u00f1os y ni\u00f1as ingresadas en el Hospital obras de teatro para que puedan visionarlas y sea mas llevadera su hospitalizaci\u00f3n.<\/p>\n<p>Colegios colaboradores:<\/p>\n<ul style=\"list-style-type: circle\">\n<li>Profesor Tierno Galv\u00e1n&nbsp;<\/li>\n<li>Jorge Guill\u00e9n&nbsp;<\/li>\n<li>Ram\u00f3n del Valle Incl\u00e1n&nbsp;<\/li>\n<li>Las Flores<\/li>\n<li>Maestro Genaro Rinc\u00f3n<\/li>\n<li>Antonio Checa&nbsp;<\/li>\n<li>N\u00aa S. de la Candelaria&nbsp;<\/li>\n<\/ul>\n<p><a href=\"https:\/\/drive.google.com\/file\/d\/1ijT2-Dv0z2G_GarUxmIPhL4mDVplgAIs\/view?usp=sharing\">presentaci\u00f3n de nuestro colegio<\/a><\/p>\n<p>&nbsp;<\/p>\n<p>&nbsp;<\/p>\n<p>&nbsp;<\/p>\n<p>&nbsp;<\/p>\n<p><a href=\"https:\/\/youtu.be\/iJL6OQpI9WQ\">CANAL YOUTUBE DEL PROYECTO <\/a><\/p>\n<p>&nbsp;<\/p>\n<p>&nbsp;<\/p>\n<p>&nbsp;<\/p>\n<p>&nbsp;<\/p>\n<p>&nbsp;<\/p>\n<p>&nbsp;<\/p>\n<p>&nbsp;<\/p>\n<p>&nbsp;<\/p>\n<p>&nbsp;<\/p>\n<p>&nbsp;<\/p>\n<p>&nbsp;<\/p>\n<p>&nbsp;<\/p>\n<p>&nbsp;<\/p>\n","protected":false},"excerpt":{"rendered":"<p>NUESTRO SEGUNDO A\u00d1O COLABORANDO CON LAS AULAS HOSPITALARIAS Y ATENCI\u00d3N DOMICILIARIA DEL HOSPITAL MATERNO INFANTIL&nbsp; Se trata de un Proyecto de innovaci\u00f3n, que consiste en llevar a los ni\u00f1os y ni\u00f1as ingresadas en el&#46;&#46;&#46;<\/p>\n","protected":false},"author":2037,"featured_media":0,"parent":0,"menu_order":0,"comment_status":"closed","ping_status":"closed","template":"","meta":{"ngg_post_thumbnail":0,"footnotes":"","_mc_calendar":[]},"aioseo_notices":[],"_links":{"self":[{"href":"https:\/\/blogsaverroes.juntadeandalucia.es\/ceipgenarorincon\/wp-json\/wp\/v2\/pages\/3501"}],"collection":[{"href":"https:\/\/blogsaverroes.juntadeandalucia.es\/ceipgenarorincon\/wp-json\/wp\/v2\/pages"}],"about":[{"href":"https:\/\/blogsaverroes.juntadeandalucia.es\/ceipgenarorincon\/wp-json\/wp\/v2\/types\/page"}],"author":[{"embeddable":true,"href":"https:\/\/blogsaverroes.juntadeandalucia.es\/ceipgenarorincon\/wp-json\/wp\/v2\/users\/2037"}],"replies":[{"embeddable":true,"href":"https:\/\/blogsaverroes.juntadeandalucia.es\/ceipgenarorincon\/wp-json\/wp\/v2\/comments?post=3501"}],"version-history":[{"count":34,"href":"https:\/\/blogsaverroes.juntadeandalucia.es\/ceipgenarorincon\/wp-json\/wp\/v2\/pages\/3501\/revisions"}],"predecessor-version":[{"id":5423,"href":"https:\/\/blogsaverroes.juntadeandalucia.es\/ceipgenarorincon\/wp-json\/wp\/v2\/pages\/3501\/revisions\/5423"}],"wp:attachment":[{"href":"https:\/\/blogsaverroes.juntadeandalucia.es\/ceipgenarorincon\/wp-json\/wp\/v2\/media?parent=3501"}],"curies":[{"name":"wp","href":"https:\/\/api.w.org\/{rel}","templated":true}]}}