{"id":3503,"date":"2020-08-24T09:53:31","date_gmt":"2020-08-24T09:53:31","guid":{"rendered":"https:\/\/blogsaverroes.juntadeandalucia.es\/ceipgenarorincon\/?page_id=3503"},"modified":"2021-02-16T09:34:50","modified_gmt":"2021-02-16T09:34:50","slug":"curso-20-21","status":"publish","type":"page","link":"https:\/\/blogsaverroes.juntadeandalucia.es\/ceipgenarorincon\/curso-20-21\/","title":{"rendered":"Curso 20\/21"},"content":{"rendered":"<p><strong>EQUIPO DIRECTIVO<\/strong><\/p>\n<p><strong>Direcci\u00f3n:<\/strong>&nbsp;Dulce Mar\u00eda L\u00f3pez Chicano<strong><br \/>\n<\/strong><\/p>\n<p><strong>Jefatura de estudios:&nbsp;<\/strong>Mar\u00eda Bel\u00e9n Cano G\u00e1mez<strong><br \/>\n<\/strong><\/p>\n<p><strong>Secretar\u00eda:&nbsp;<\/strong>Diego Morales G\u00f3mez<\/p>\n<p><strong>PROFESORADO DEL CENTRO<\/strong><\/p>\n<ul>\n<li>\n<h2><strong>&nbsp; &nbsp; &nbsp; &nbsp; EDUCACI\u00d3N INFANTIL<\/strong><\/h2>\n<\/li>\n<\/ul>\n<ul>\n<li><em><strong>3 A\u00f1os A:&nbsp;<\/strong><\/em><em><strong>Mar\u00eda Le\u00f3n Pel\u00e1ez<\/strong><\/em><\/li>\n<li><em><strong>3 A\u00f1os B:&nbsp;<\/strong><\/em><em><strong>M\u00aa Carmen Moreno Mart\u00edn<\/strong><\/em><\/li>\n<li><em><strong>4 A\u00f1os A:&nbsp; Esperanza Rico S\u00e1nchez <\/strong><\/em><\/li>\n<li><em><strong>4 A\u00f1os B:&nbsp; M\u00aa Dolores Ortega Campos <\/strong><\/em><\/li>\n<li><em><strong>5 A\u00f1os A:&nbsp;<\/strong><\/em><em><strong>Pablo Jes\u00fas Jerez Gonz\u00e1lez<\/strong><\/em><\/li>\n<li><em><strong>5 A\u00f1os B:&nbsp;<\/strong><\/em><em><strong>Ana M\u00aa Garc\u00eda Bonilla<\/strong><\/em><\/li>\n<li><em><strong>Apoyo Ed Infantil: <\/strong><\/em><em><strong>Diego Morales G\u00f3mez e Irene Chamorro Rom\u00e1n<\/strong><\/em><\/li>\n<\/ul>\n<p>&nbsp;<\/p>\n<ul>\n<li>\n<h2><strong>EDUCACI\u00d3N PRIMARIA<\/strong><\/h2>\n<\/li>\n<\/ul>\n<p>*<b>1\u00ba A :<\/b><b>Carolina Navas Clavero<\/b><b>( ING)&nbsp; &nbsp; &nbsp; &nbsp; &nbsp; &nbsp; &nbsp; &nbsp; &nbsp; &nbsp; &nbsp; &nbsp; &nbsp; &nbsp; &nbsp; &nbsp; &nbsp; &nbsp; &nbsp; &nbsp; &nbsp; &nbsp; &nbsp; &nbsp; <\/b>*<b>1\u00ba B: Remedios Barco Ruiz&nbsp;<\/b><\/p>\n<p>*<b>2\u00ba A: Blanca Bracho Maeses&nbsp; &nbsp; &nbsp; &nbsp; &nbsp; &nbsp; &nbsp; &nbsp; &nbsp; &nbsp; &nbsp; &nbsp; &nbsp; &nbsp; &nbsp; &nbsp; &nbsp; &nbsp; &nbsp; &nbsp; &nbsp; &nbsp; &nbsp; &nbsp; &nbsp; &nbsp; &nbsp; &nbsp; &nbsp; &nbsp; &nbsp;<\/b>*<b>2\u00ba B: <\/b><b>Juan Jos\u00e9 Fern\u00e1ndez Garc\u00eda<\/b><\/p>\n<p>*<b>3\u00baA: <\/b><b>Mercedes Ruiz Mart\u00edn&nbsp; &nbsp; 3\u00ba<\/b><b>B: C\u00e1ndida Heredia Serrano&nbsp; <\/b>*<b>3\u00baC: Carmen M.Ramos Garc\u00eda&nbsp;&nbsp;<\/b><\/p>\n<p>*<b>4\u00baA: <\/b><b>Jos\u00e9 Antonio Fuentes \u00c1lvarez&nbsp; &nbsp; &nbsp; &nbsp; &nbsp; &nbsp; &nbsp; &nbsp; &nbsp; &nbsp; &nbsp; &nbsp; &nbsp; &nbsp; &nbsp; &nbsp; &nbsp; &nbsp; &nbsp; &nbsp; &nbsp; &nbsp; &nbsp; &nbsp;<\/b>*<b>4\u00baB:&nbsp;<\/b><b>Juanita Mu\u00f1oz T\u00e9llez&nbsp;<\/b><\/p>\n<p>*<b> 5\u00baA:&nbsp;<\/b><b>Paco Molina Ortega (EF)&nbsp; &nbsp; &nbsp; &nbsp; &nbsp; &nbsp; &nbsp; &nbsp; &nbsp; &nbsp; &nbsp; &nbsp; &nbsp; &nbsp; &nbsp; &nbsp; &nbsp; &nbsp; &nbsp; &nbsp; &nbsp; &nbsp; &nbsp; &nbsp; &nbsp; &nbsp; &nbsp; &nbsp; <\/b>*<b>5\u00baB: <\/b><b>Cristina <\/b><b>Valdeiglesias<\/b><b> Pi\u00f1ero<\/b><\/p>\n<p>*<b>6\u00baA:&nbsp;<\/b><b>Estefan\u00eda Celem\u00edn Orta (FR)&nbsp; &nbsp; &nbsp; &nbsp; &nbsp; &nbsp; &nbsp; &nbsp; &nbsp; &nbsp; &nbsp; &nbsp; &nbsp; &nbsp; &nbsp; &nbsp; &nbsp; &nbsp; &nbsp; &nbsp; &nbsp; &nbsp; &nbsp; &nbsp; &nbsp;<\/b>*<b>6\u00baB:&nbsp;<\/b><b>Ricardo Garc\u00eda Checa (ING)<\/b><\/p>\n<p>&nbsp;<\/p>\n<p>&nbsp;<\/p>\n<ul>\n<li>\n<h2>ESPECIALISTAS<\/h2>\n<\/li>\n<\/ul>\n<p>*<b>HO: Bel\u00e9n Cano G\u00e1mez&nbsp; &nbsp; &nbsp; &nbsp; &nbsp; &nbsp; &nbsp; &nbsp; Roc\u00edo Vela Gonz\u00e1lez<\/b><\/p>\n<p>*<b>E F\u00edsica: Raquel Montoya Garc\u00eda<\/b><\/p>\n<p>*<b>Religi\u00f3n: Rafael Arrabal S\u00e1nchez<\/b><\/p>\n<p>*<b>Raquel R. Valverde <\/b><b>Ortigosa<\/b><\/p>\n<p>*<b>PT: Silvia Pereira V\u00edlchez<\/b><\/p>\n<p>*<b>AL: Antonio Gonz\u00e1lez Pe\u00f1alver<\/b><\/p>\n<p>*<strong>ATAL: Adela Fern\u00e1ndez Navas<\/strong><\/p>\n<p>*<b>Orientadora: Enriqueta Serrano G\u00e1lvez<\/b><\/p>\n<p>*<b>PTIS: Andrea Granado S\u00e1nchez<\/b><\/p>\n<p>&nbsp;<\/p>\n<ul>\n<li>\n<h2>EDUCACI\u00d3N SECUNDARIA OBLIGATORIA<\/h2>\n<\/li>\n<\/ul>\n<p><b>1\u00baA:Tamara Quesada Salazar<\/b><\/p>\n<p><b>1\u00baB: Cristina Solano <\/b><b>Al\u00e1ez<\/b><b> (FR)<\/b><\/p>\n<p><b>2\u00baA: Antonio <\/b><b>Cascales<\/b><b> Vega ( MAT)<\/b><\/p>\n<p><b>2\u00baB: : <\/b><b>Auxi<\/b><b> Castro Gasc\u00f3n (ING)<\/b><\/p>\n<p><strong>ESPECIALISTAS<\/strong><\/p>\n<p><b>M\u00fasica: Judit Gil Dom\u00ednguez<\/b><\/p>\n<p><b>Religi\u00f3n: <\/b><b>Agustina S\u00e1nchez Fern\u00e1ndez&nbsp;<\/b><\/p>\n<p><b>PT: Dulce L\u00f3pez Chicano<\/b><\/p>\n<p><b>EF: Miguel \u00c1ngel Perea Reyes<\/b><\/p>\n<p><b>GH: Ignacio S. Pend\u00f3n <\/b><b>Nebro<\/b><\/p>\n<p>&nbsp;<\/p>\n<p><strong>PERSONAL NO DOCENTE<\/strong><\/p>\n<ul>\n<li><em><strong>ADMINISTRACI\u00d3N: \u2013 Sonia Gonz\u00e1lez Vega<\/strong><\/em><\/li>\n<li><em><strong>&nbsp;CONSERJES: \u2013 Francisca G\u00f3mez T\u00e9llez \u2013<\/strong><\/em><em><strong>&nbsp;Miroslava Gonz\u00e1lez Beltr\u00e1n \u2013 \u00c1ngel B\u00e9jar Cazorla<\/strong><\/em><\/li>\n<\/ul>\n<p>&nbsp;<\/p>\n","protected":false},"excerpt":{"rendered":"<p>EQUIPO DIRECTIVO Direcci\u00f3n:&nbsp;Dulce Mar\u00eda L\u00f3pez Chicano Jefatura de estudios:&nbsp;Mar\u00eda Bel\u00e9n Cano G\u00e1mez Secretar\u00eda:&nbsp;Diego Morales G\u00f3mez PROFESORADO DEL CENTRO &nbsp; &nbsp; &nbsp; &nbsp; EDUCACI\u00d3N INFANTIL 3 A\u00f1os A:&nbsp;Mar\u00eda Le\u00f3n Pel\u00e1ez 3 A\u00f1os B:&nbsp;M\u00aa Carmen Moreno&#46;&#46;&#46;<\/p>\n","protected":false},"author":2037,"featured_media":0,"parent":0,"menu_order":0,"comment_status":"closed","ping_status":"closed","template":"","meta":{"ngg_post_thumbnail":0,"footnotes":"","_mc_calendar":[]},"aioseo_notices":[],"_links":{"self":[{"href":"https:\/\/blogsaverroes.juntadeandalucia.es\/ceipgenarorincon\/wp-json\/wp\/v2\/pages\/3503"}],"collection":[{"href":"https:\/\/blogsaverroes.juntadeandalucia.es\/ceipgenarorincon\/wp-json\/wp\/v2\/pages"}],"about":[{"href":"https:\/\/blogsaverroes.juntadeandalucia.es\/ceipgenarorincon\/wp-json\/wp\/v2\/types\/page"}],"author":[{"embeddable":true,"href":"https:\/\/blogsaverroes.juntadeandalucia.es\/ceipgenarorincon\/wp-json\/wp\/v2\/users\/2037"}],"replies":[{"embeddable":true,"href":"https:\/\/blogsaverroes.juntadeandalucia.es\/ceipgenarorincon\/wp-json\/wp\/v2\/comments?post=3503"}],"version-history":[{"count":8,"href":"https:\/\/blogsaverroes.juntadeandalucia.es\/ceipgenarorincon\/wp-json\/wp\/v2\/pages\/3503\/revisions"}],"predecessor-version":[{"id":4065,"href":"https:\/\/blogsaverroes.juntadeandalucia.es\/ceipgenarorincon\/wp-json\/wp\/v2\/pages\/3503\/revisions\/4065"}],"wp:attachment":[{"href":"https:\/\/blogsaverroes.juntadeandalucia.es\/ceipgenarorincon\/wp-json\/wp\/v2\/media?parent=3503"}],"curies":[{"name":"wp","href":"https:\/\/api.w.org\/{rel}","templated":true}]}}