{"id":3684,"date":"2020-11-10T13:14:47","date_gmt":"2020-11-10T13:14:47","guid":{"rendered":"https:\/\/blogsaverroes.juntadeandalucia.es\/ceipgenarorincon\/?page_id=3684"},"modified":"2023-01-24T12:34:52","modified_gmt":"2023-01-24T12:34:52","slug":"plan-tde","status":"publish","type":"page","link":"https:\/\/blogsaverroes.juntadeandalucia.es\/ceipgenarorincon\/plan-tde\/","title":{"rendered":"Plan TDE &#8211; COMPDIGEDU"},"content":{"rendered":"<p>&nbsp;<\/p>\n<h1 style=\"text-align: center\">CURSO 2022-2023<\/h1>\n<p>Uno de los objetivos finales del PCT #CompDigEdu en relaci\u00f3n al desarrollo de los centros docentes como<br \/>\norganizaciones educativas digitalmente competentes es lograr que todos los centros dispongan de un Plan<br \/>\nDigital integrado en su Proyecto Educativo que estructure las estrategias organizativas y acad\u00e9micas<br \/>\nemprendidas de forma colectiva para la transformaci\u00f3n del centro en una organizaci\u00f3n educativa digitalmente<br \/>\ncompetente.<br \/>\nLas diferentes actuaciones del PCT #CompDigEdu se recogen en la Resoluci\u00f3n de 21 de julio de 2022, de la<br \/>\nSecretar\u00eda de Estado de Educaci\u00f3n, por la que se publica el Acuerdo de la Conferencia Sectorial de Educaci\u00f3n<br \/>\nde 23 de junio de 2022, por el que se aprueba la propuesta de distribuci\u00f3n territorial de los cr\u00e9ditos destinados<br \/>\nal Programa de cooperaci\u00f3n territorial para la mejora de la competencia digital educativa #CompDigEdu, en el<br \/>\nmarco del Componente 19 \u201cPlan Nacional de Capacidades Digitales\u201d del Mecanismo de Recuperaci\u00f3n y<br \/>\nResiliencia (BOE n\u00fam. 185, de 3 de agosto de 2022).<\/p>\n<p>Este programa&nbsp; es coordinado por <strong>D. Miguel \u00c1ngel Perea Reyes<\/strong>, maestro de EF en la ESO.<\/p>\n<p>Engloba el mantenimiento de los equipos inform\u00e1ticos, adquisici\u00f3n de nuevos dispositivos, puesta en marcha de la radio escolar y el programa de iniciaci\u00f3n a rob\u00f3tica STEAM .<\/p>\n<p>&nbsp;<\/p>\n<h1>&nbsp;<\/h1>\n<h1>&nbsp;<\/h1>\n<h1 style=\"text-align: center\"><span style=\"color: #3366ff\">CURSO 2021-2022<\/span><\/h1>\n<p>El <strong>Plan de Actuaci\u00f3n Digital<\/strong>, es el documento en el que los centros podr\u00e1n establecer, de forma consensuada, las iniciativas a llevar a cabo para el desarrollo de su Competencia Digital, una vez autodiagnosticado su nivel inicial. El Plan de Actuaci\u00f3n Digital tendr\u00e1 como referente la mejora en los tres \u00e1mbitos de actuaci\u00f3n de la Transformaci\u00f3n Digital Educativa (organizaci\u00f3n y gesti\u00f3n del centro, informaci\u00f3n y comunicaci\u00f3n, y procesos de ense\u00f1anza-aprendizaje).&nbsp;<\/p>\n<p>&nbsp;<\/p>\n<p><a href=\"https:\/\/blogsaverroes.juntadeandalucia.es\/ceipgenarorincon\/files\/2021\/10\/Informe-del-Plan-de-Actuacion-Digital-21-22.pdf\">Informe del Plan de Actuacion Digital 21-22<\/a><\/p>\n<p>&nbsp;<\/p>\n<p><img decoding=\"async\" class=\"alignright\" src=\"https:\/\/encrypted-tbn0.gstatic.com\/images?q=tbn:ANd9GcTTTvgJlM0yb9dDz4VR9rAGLNw_WMyiItGkaQ&amp;usqp=CAU\" alt=\"Dibujo de ni\u00f1os usando la computadora para colorear - Imagui\"><\/p>\n<p>&nbsp;<\/p>\n<h1 style=\"text-align: center\"><span style=\"color: #3366ff\">CURSO 2020-2021<\/span><\/h1>\n<p><a href=\"https:\/\/blogsaverroes.juntadeandalucia.es\/ceipgenarorincon\/files\/2020\/11\/Plan-Comunicaci\u00f3n-TDE.pdf\">Plan Comunicaci\u00f3n TDE<\/a><\/p>\n<p><a href=\"https:\/\/blogsaverroes.juntadeandalucia.es\/ceipgenarorincon\/files\/2020\/11\/EquipoTDEF.pdf\">Equipo+TDE(F)<\/a><\/p>\n<p><a href=\"https:\/\/blogsaverroes.juntadeandalucia.es\/ceipgenarorincon\/files\/2020\/11\/ambito-proceso-ense\u00f1anza-aprendizaje.pdf\">ambito proceso ense\u00f1anza aprendizaje<\/a><\/p>\n<p><a href=\"https:\/\/blogsaverroes.juntadeandalucia.es\/ceipgenarorincon\/files\/2020\/11\/ambito-organizaci\u00f3n-del-centro.pdf\">ambito organizaci\u00f3n del centro<\/a><\/p>\n<p><a href=\"https:\/\/blogsaverroes.juntadeandalucia.es\/ceipgenarorincon\/files\/2020\/11\/ambito-\u00e1mbito-informaci\u00f3n-y-comunicacion.pdf\">ambito \u00e1mbito informaci\u00f3n y comunicacion<\/a><\/p>\n","protected":false},"excerpt":{"rendered":"<p>&nbsp; CURSO 2022-2023 Uno de los objetivos finales del PCT #CompDigEdu en relaci\u00f3n al desarrollo de los centros docentes como organizaciones educativas digitalmente competentes es lograr que todos los centros dispongan de un Plan&#46;&#46;&#46;<\/p>\n","protected":false},"author":2037,"featured_media":0,"parent":0,"menu_order":0,"comment_status":"closed","ping_status":"closed","template":"","meta":{"ngg_post_thumbnail":0,"footnotes":"","_mc_calendar":[]},"aioseo_notices":[],"_links":{"self":[{"href":"https:\/\/blogsaverroes.juntadeandalucia.es\/ceipgenarorincon\/wp-json\/wp\/v2\/pages\/3684"}],"collection":[{"href":"https:\/\/blogsaverroes.juntadeandalucia.es\/ceipgenarorincon\/wp-json\/wp\/v2\/pages"}],"about":[{"href":"https:\/\/blogsaverroes.juntadeandalucia.es\/ceipgenarorincon\/wp-json\/wp\/v2\/types\/page"}],"author":[{"embeddable":true,"href":"https:\/\/blogsaverroes.juntadeandalucia.es\/ceipgenarorincon\/wp-json\/wp\/v2\/users\/2037"}],"replies":[{"embeddable":true,"href":"https:\/\/blogsaverroes.juntadeandalucia.es\/ceipgenarorincon\/wp-json\/wp\/v2\/comments?post=3684"}],"version-history":[{"count":9,"href":"https:\/\/blogsaverroes.juntadeandalucia.es\/ceipgenarorincon\/wp-json\/wp\/v2\/pages\/3684\/revisions"}],"predecessor-version":[{"id":5566,"href":"https:\/\/blogsaverroes.juntadeandalucia.es\/ceipgenarorincon\/wp-json\/wp\/v2\/pages\/3684\/revisions\/5566"}],"wp:attachment":[{"href":"https:\/\/blogsaverroes.juntadeandalucia.es\/ceipgenarorincon\/wp-json\/wp\/v2\/media?parent=3684"}],"curies":[{"name":"wp","href":"https:\/\/api.w.org\/{rel}","templated":true}]}}