{"id":42,"date":"2015-03-13T08:40:47","date_gmt":"2015-03-13T08:40:47","guid":{"rendered":"http:\/\/blogsaverroes.juntadeandalucia.es\/pre\/ceip\/?page_id=42"},"modified":"2021-02-11T10:40:08","modified_gmt":"2021-02-11T10:40:08","slug":"equipo-directivo","status":"publish","type":"page","link":"https:\/\/blogsaverroes.juntadeandalucia.es\/ceipgenarorincon\/equipo-directivo\/","title":{"rendered":"Curso 19\/20"},"content":{"rendered":"<p><strong><span style=\"text-decoration: underline\"><a href=\"https:\/\/blogsaverroes.juntadeandalucia.es\/ceipgenarorincon\/files\/2020\/05\/claust.jpg\"><img loading=\"lazy\" decoding=\"async\" class=\"wp-image-3025 aligncenter\" src=\"https:\/\/blogsaverroes.juntadeandalucia.es\/ceipgenarorincon\/files\/2020\/05\/claust-300x225.jpg\" alt=\"\" width=\"460\" height=\"345\" srcset=\"https:\/\/blogsaverroes.juntadeandalucia.es\/ceipgenarorincon\/files\/2020\/05\/claust-300x225.jpg 300w, https:\/\/blogsaverroes.juntadeandalucia.es\/ceipgenarorincon\/files\/2020\/05\/claust-768x576.jpg 768w, https:\/\/blogsaverroes.juntadeandalucia.es\/ceipgenarorincon\/files\/2020\/05\/claust-24x18.jpg 24w, https:\/\/blogsaverroes.juntadeandalucia.es\/ceipgenarorincon\/files\/2020\/05\/claust-36x27.jpg 36w, https:\/\/blogsaverroes.juntadeandalucia.es\/ceipgenarorincon\/files\/2020\/05\/claust-48x36.jpg 48w, https:\/\/blogsaverroes.juntadeandalucia.es\/ceipgenarorincon\/files\/2020\/05\/claust.jpg 960w\" sizes=\"(max-width: 460px) 100vw, 460px\" \/><\/a> <\/span><\/strong><\/p>\n<p>&nbsp;<\/p>\n<p>&nbsp;<\/p>\n<p><strong><span style=\"text-decoration: underline\">EQUIPO DIRECTIVO<\/span><\/strong><\/p>\n<p><strong>Direcci\u00f3n:<\/strong> Dulce Mar\u00eda L\u00f3pez Chicano<strong><br \/>\n<\/strong><\/p>\n<p><strong>Jefatura de estudios: <\/strong>Mar\u00eda Bel\u00e9n Cano G\u00e1mez<strong><br \/>\n<\/strong><\/p>\n<p><strong>Secretar\u00eda: <\/strong>Diego Morales G\u00f3mez<strong><br \/>\n<\/strong><\/p>\n<p>&nbsp;<\/p>\n<p style=\"text-align: center\"><strong><span style=\"text-decoration: underline\">PROFESORADO DEL CENTRO<\/span><\/strong><\/p>\n<ul style=\"list-style-type: square\">\n<li><span style=\"text-decoration: underline\"><strong> EDUCACI\u00d3N INFANTIL<\/strong><\/span><\/li>\n<\/ul>\n<ul style=\"list-style-type: circle\">\n<li><em><strong>3 A\u00f1os A: Esperanza Rico S\u00e1nchez<\/strong><\/em><\/li>\n<li><em><strong>3 A\u00f1os B: M\u00aa Dolores Ortega Campos<\/strong><\/em><\/li>\n<li><em><strong>4 A\u00f1os A: Pablo Jes\u00fas Jerez Gonz\u00e1lez<\/strong><\/em><\/li>\n<li><em><strong>4 A\u00f1os B: Ana M\u00aa Garc\u00eda Bonilla<\/strong><\/em><\/li>\n<li><em><strong>5 A\u00f1os A: Diego Morales G\u00f3mez<\/strong><\/em><\/li>\n<li><em><strong>5 A\u00f1os B: M\u00aa Carmen Moreno Mart\u00edn<\/strong><\/em><\/li>\n<li><em><strong>Apoyo Ed Infantil: Mar\u00eda Le\u00f3n Pel\u00e1ez<\/strong><\/em><\/li>\n<\/ul>\n<p>&nbsp;<\/p>\n<ul style=\"list-style-type: square\">\n<li><span style=\"text-decoration: underline\"><strong>EDUCACI\u00d3N PRIMARIA<\/strong><\/span><\/li>\n<\/ul>\n<ul style=\"list-style-type: circle\">\n<li><em><strong>1\u00ba A: Sebastian Mart\u00edn Molina<\/strong><\/em><\/li>\n<li><em><strong>1\u00ba B: Piedad Carmen Mata D\u00edaz<\/strong><\/em><\/li>\n<li><em><strong>2\u00ba A: Mercedes Ruiz Mart\u00edn<\/strong><\/em><\/li>\n<li><em><strong>2\u00ba B: C\u00e1ndida Heredia Serrano<\/strong><\/em><\/li>\n<li><em><strong>3\u00ba A: Jos\u00e9 Antonio Fuentes \u00c1lvarez. Especialista Ed F\u00edsica&nbsp;<\/strong><\/em><\/li>\n<li><em><strong>3\u00ba B: Juana Mar\u00eda Mu\u00f1oz T\u00e9llez. Especialista en M\u00fasica<\/strong><\/em><\/li>\n<li><em><strong>4\u00ba A: Rafael Hern\u00e1ndez P\u00e9rez. Especialista Ed F\u00edsica<\/strong><\/em><\/li>\n<li><em><strong>4\u00ba B: Ana Gloria Mata D\u00edaz<\/strong><\/em><\/li>\n<li><em><strong>5\u00ba A: Estefan\u00eda Celem\u00edn Orta.Especialista Franc\u00e9s<\/strong><\/em><\/li>\n<li><em><strong>5\u00ba B: Ricardo Garc\u00eda Checa. Especialista Ingl\u00e9s<\/strong><\/em><\/li>\n<li><em><strong>6\u00ba A: M\u00aa Victoria de Haro Borrayo&nbsp;<\/strong><\/em><\/li>\n<li><em><strong>6\u00ba B: Francisco Molina Ortega.Especialista Ed F\u00edsica<\/strong><\/em><\/li>\n<li><em><strong>6\u00ba C: Carmen Mar\u00eda Ramos Garc\u00eda.&nbsp; Especialista Ingl\u00e9s<\/strong><\/em><\/li>\n<li><em><strong>&nbsp;M\u00aa Bel\u00e9n Cano G\u00e1mez: Horario cero Ed Primaria<\/strong><\/em><\/li>\n<li><em><strong>Carolina Navas Clavero. Especialista Ingl\u00e9s<\/strong><\/em><\/li>\n<li><em><strong>Antonio Gonz\u00e1lez Pe\u00f1alver. Especialista Audici\u00f3n y lenguaje<\/strong><\/em><\/li>\n<li><em><strong>&nbsp;M\u00aa Carmen Garc\u00eda Ramos. Especialista Religi\u00f3n<\/strong><\/em><\/li>\n<li><em><strong>Raquel Roc\u00edo Valverde Ortigosa. Especialista Religi\u00f3n<\/strong><\/em><\/li>\n<li><em><strong>Mercedes Rubio Buend\u00eda. Especialista Pedagog\u00eda Terap\u00e9utica y Refuerzo Curricular.<\/strong><\/em><\/li>\n<\/ul>\n<p>&nbsp;<\/p>\n<ul style=\"list-style-type: square\">\n<li><strong>Educaci\u00f3n Secundaria <\/strong><\/li>\n<\/ul>\n<ul style=\"list-style-type: circle\">\n<li><strong><em>1\u00ba ESO A: Juan Jos\u00e9 Martos Fern\u00e1ndez. Especialista en Matem\u00e1ticas, Biolog\u00eda y Geolog\u00eda<\/em><\/strong><\/li>\n<li><strong><em> 1\u00ba ESO B: M\u00aa Auxiliadora Castro Gasc\u00f3n. Especialista Ingl\u00e9s <\/em><\/strong><\/li>\n<li><strong><em>2\u00ba ESO A: Ignacio Sebasti\u00e1n Pend\u00f3n Nebro. Especialista en Geograf\u00eda e Historia<\/em><\/strong><\/li>\n<li><strong><em>2\u00ba ESO B: Miguel \u00c1ngel Perea Reyes. Especialista Educaci\u00f3n F\u00edsica. <\/em><\/strong><\/li>\n<li><strong><em>Antonio Cascales Vega. Especialista en&nbsp; Matem\u00e1ticas;&nbsp; F\u00edsica y Qu\u00edmica<\/em><\/strong><\/li>\n<li><strong><em>Encarnaci\u00f3n L\u00f3pez Chicano ( hasta enero) ; Sonia Estefan\u00eda D\u00edaz Chac\u00f3n . Especialistas Franc\u00e9s.<\/em><\/strong><\/li>\n<li><strong><em> Ana Bel\u00e9n Sarmiento Sarmiento. Especialista en&nbsp; Educaci\u00f3n Musical<\/em><\/strong><\/li>\n<li><strong><em> Beatriz Moreno Rodr\u00edguez. Especialista religi\u00f3n&nbsp;<\/em><\/strong><\/li>\n<li><strong><em>Dulce L\u00f3pez Chicano. Especialista en Pedagog\u00eda Terap\u00e9utica.<\/em><\/strong><\/li>\n<\/ul>\n<p>&nbsp;<\/p>\n<ul style=\"list-style-type: square\">\n<li><strong>OTRO PERSONAL ESPECIALISTA<\/strong><\/li>\n<\/ul>\n<ul style=\"list-style-type: circle\">\n<li><strong><em>Enriqueta Serrano G\u00e1lvez. Orientadora. <\/em><\/strong><\/li>\n<li><strong><em>Andrea Granado S\u00e1nchez. Personal t\u00e9cnico de integraci\u00f3n social <\/em><\/strong><\/li>\n<\/ul>\n<p>&nbsp;<\/p>\n<ul style=\"list-style-type: square\">\n<li><strong>PERSONAL NO DOCENTE<\/strong>\n<ul style=\"list-style-type: square\">\n<li><em><strong>ADMINISTRACI\u00d3N: &#8211; Sonia Gonz\u00e1lez Vega <\/strong><\/em><\/li>\n<li><em><strong>&nbsp;CONSERJES: &#8211; Francisco Gabriel Montero Atencia &#8211; Francisca G\u00f3mez T\u00e9llez &#8211;<\/strong><\/em><em><strong> Miroslava Gonz\u00e1lez Beltr\u00e1n &#8211; \u00c1ngel B\u00e9jar Cazorla<\/strong><\/em><\/li>\n<\/ul>\n<\/li>\n<\/ul>\n<p>&nbsp;<\/p>\n<p><a href=\"https:\/\/blogsaverroes.juntadeandalucia.es\/ceipgenarorincon\/files\/2020\/05\/claus.jpg\"><img loading=\"lazy\" decoding=\"async\" class=\" wp-image-3026 aligncenter\" src=\"https:\/\/blogsaverroes.juntadeandalucia.es\/ceipgenarorincon\/files\/2020\/05\/claus-300x225.jpg\" alt=\"\" width=\"400\" height=\"300\" srcset=\"https:\/\/blogsaverroes.juntadeandalucia.es\/ceipgenarorincon\/files\/2020\/05\/claus-300x225.jpg 300w, https:\/\/blogsaverroes.juntadeandalucia.es\/ceipgenarorincon\/files\/2020\/05\/claus-768x576.jpg 768w, https:\/\/blogsaverroes.juntadeandalucia.es\/ceipgenarorincon\/files\/2020\/05\/claus-24x18.jpg 24w, https:\/\/blogsaverroes.juntadeandalucia.es\/ceipgenarorincon\/files\/2020\/05\/claus-36x27.jpg 36w, https:\/\/blogsaverroes.juntadeandalucia.es\/ceipgenarorincon\/files\/2020\/05\/claus-48x36.jpg 48w, https:\/\/blogsaverroes.juntadeandalucia.es\/ceipgenarorincon\/files\/2020\/05\/claus.jpg 960w\" sizes=\"(max-width: 400px) 100vw, 400px\" \/><\/a><\/p>\n<p>&nbsp;<\/p>\n<p>&nbsp;<\/p>\n<p>&nbsp;<\/p>\n","protected":false},"excerpt":{"rendered":"<p>&nbsp; &nbsp; EQUIPO DIRECTIVO Direcci\u00f3n: Dulce Mar\u00eda L\u00f3pez Chicano Jefatura de estudios: Mar\u00eda Bel\u00e9n Cano G\u00e1mez Secretar\u00eda: Diego Morales G\u00f3mez &nbsp; PROFESORADO DEL CENTRO EDUCACI\u00d3N INFANTIL 3 A\u00f1os A: Esperanza Rico S\u00e1nchez 3 A\u00f1os&#46;&#46;&#46;<\/p>\n","protected":false},"author":1,"featured_media":0,"parent":0,"menu_order":0,"comment_status":"closed","ping_status":"open","template":"","meta":{"ngg_post_thumbnail":0,"footnotes":"","_mc_calendar":[]},"aioseo_notices":[],"_links":{"self":[{"href":"https:\/\/blogsaverroes.juntadeandalucia.es\/ceipgenarorincon\/wp-json\/wp\/v2\/pages\/42"}],"collection":[{"href":"https:\/\/blogsaverroes.juntadeandalucia.es\/ceipgenarorincon\/wp-json\/wp\/v2\/pages"}],"about":[{"href":"https:\/\/blogsaverroes.juntadeandalucia.es\/ceipgenarorincon\/wp-json\/wp\/v2\/types\/page"}],"author":[{"embeddable":true,"href":"https:\/\/blogsaverroes.juntadeandalucia.es\/ceipgenarorincon\/wp-json\/wp\/v2\/users\/1"}],"replies":[{"embeddable":true,"href":"https:\/\/blogsaverroes.juntadeandalucia.es\/ceipgenarorincon\/wp-json\/wp\/v2\/comments?post=42"}],"version-history":[{"count":12,"href":"https:\/\/blogsaverroes.juntadeandalucia.es\/ceipgenarorincon\/wp-json\/wp\/v2\/pages\/42\/revisions"}],"predecessor-version":[{"id":4026,"href":"https:\/\/blogsaverroes.juntadeandalucia.es\/ceipgenarorincon\/wp-json\/wp\/v2\/pages\/42\/revisions\/4026"}],"wp:attachment":[{"href":"https:\/\/blogsaverroes.juntadeandalucia.es\/ceipgenarorincon\/wp-json\/wp\/v2\/media?parent=42"}],"curies":[{"name":"wp","href":"https:\/\/api.w.org\/{rel}","templated":true}]}}