{"id":4833,"date":"2021-10-26T10:19:00","date_gmt":"2021-10-26T10:19:00","guid":{"rendered":"https:\/\/blogsaverroes.juntadeandalucia.es\/ceipgenarorincon\/?page_id=4833"},"modified":"2021-12-01T09:42:10","modified_gmt":"2021-12-01T09:42:10","slug":"nos-presentamos-21-22","status":"publish","type":"page","link":"https:\/\/blogsaverroes.juntadeandalucia.es\/ceipgenarorincon\/nos-presentamos-21-22\/","title":{"rendered":"Nos Presentamos 21\/22"},"content":{"rendered":"<h1 style=\"text-align: center\"><span style=\"color: #000000\"><strong><a href=\"https:\/\/blogsaverroes.juntadeandalucia.es\/ceipgenarorincon\/files\/2021\/09\/image_6487327.jpg\"><img loading=\"lazy\" decoding=\"async\" class=\"alignnone size-medium wp-image-4686\" src=\"https:\/\/blogsaverroes.juntadeandalucia.es\/ceipgenarorincon\/files\/2021\/09\/image_6487327-300x200.jpg\" alt=\"\" width=\"300\" height=\"200\" srcset=\"https:\/\/blogsaverroes.juntadeandalucia.es\/ceipgenarorincon\/files\/2021\/09\/image_6487327-300x200.jpg 300w, https:\/\/blogsaverroes.juntadeandalucia.es\/ceipgenarorincon\/files\/2021\/09\/image_6487327-1024x683.jpg 1024w, https:\/\/blogsaverroes.juntadeandalucia.es\/ceipgenarorincon\/files\/2021\/09\/image_6487327-768x512.jpg 768w, https:\/\/blogsaverroes.juntadeandalucia.es\/ceipgenarorincon\/files\/2021\/09\/image_6487327-391x260.jpg 391w, https:\/\/blogsaverroes.juntadeandalucia.es\/ceipgenarorincon\/files\/2021\/09\/image_6487327.jpg 1471w\" sizes=\"(max-width: 300px) 100vw, 300px\" \/><\/a><\/strong><\/span><\/h1>\n<h1 style=\"text-align: center\"><span style=\"color: #000000\"><strong>PROFESORADO DEL CENTRO<\/strong><\/span><\/h1>\n<h2><span style=\"color: #3366ff\">EQUIPO DIRECTIVO <\/span><\/h2>\n<p><strong>Direcci\u00f3n:<\/strong>&nbsp;Dulce Mar\u00eda L\u00f3pez Chicano<strong><br \/>\n<\/strong><\/p>\n<p><strong>Jefatura de estudios:&nbsp;<\/strong>Mar\u00eda Bel\u00e9n Cano G\u00e1mez<strong><br \/>\n<\/strong><\/p>\n<p><strong>Secretar\u00eda:&nbsp;<\/strong>Diego Morales G\u00f3mez<\/p>\n<h2><strong><span style=\"color: #ff0000\">&nbsp;EDUCACI\u00d3N INFANTIL<\/span><\/strong><\/h2>\n<ul>\n<li><em><strong>3 A\u00f1os A: Pablo Jes\u00fas Jerez Gonz\u00e1lez<\/strong><\/em><\/li>\n<li><em><strong>3 A\u00f1os B: Ana M\u00aa Garc\u00eda Bonilla<\/strong><\/em><\/li>\n<li><em><strong>4 A\u00f1os A: Mar\u00eda Le\u00f3n Pel\u00e1ez&nbsp;<\/strong><\/em><\/li>\n<li><em><strong>4 A\u00f1os B: M\u00aa Carmen Moreno Mart\u00edn&nbsp;<\/strong><\/em><\/li>\n<li><em><strong>5 A\u00f1os A: Esperanza Rico S\u00e1nchez&nbsp;<\/strong><\/em><\/li>\n<li><em><strong>5 A\u00f1os B: M\u00aa Dolores Ortega Campos&nbsp;<\/strong><\/em><\/li>\n<li><em><strong>Apoyo Ed Infantil: <\/strong><\/em><em><strong>Diego Morales G\u00f3mez&nbsp;<\/strong><\/em><\/li>\n<\/ul>\n<p>&nbsp;<\/p>\n<h2><span style=\"color: #33cccc\"><strong>EDUCACI\u00d3N PRIMARIA<\/strong><\/span><\/h2>\n<p><span style=\"color: #ff6600\">*<\/span><b><span style=\"color: #ff6600\">1\u00ba A<\/span> :Jos\u00e9 Antonio Fuentes \u00c1lvarez&nbsp; <\/b><b>&nbsp; <span style=\"color: #ff6600\">&nbsp;<\/span><\/b><span style=\"color: #ff6600\">*<\/span><b><span style=\"color: #ff6600\">1\u00ba B:<\/span>&nbsp; Ana Mata D\u00edaz&nbsp; &nbsp; &nbsp; &nbsp; &nbsp; &nbsp;<span style=\"color: #ff6600\">*1\u00baC:<\/span> Raquel Montoya Garc\u00eda<\/b><\/p>\n<p><span style=\"color: #ff6600\">*<\/span><b><span style=\"color: #ff6600\">2\u00ba A:<\/span> &nbsp;Carolina Navas Clavero&nbsp; &nbsp; &nbsp; &nbsp; &nbsp; &nbsp; &nbsp; &nbsp; &nbsp; &nbsp; &nbsp; &nbsp; &nbsp; &nbsp; &nbsp; &nbsp; &nbsp; &nbsp; &nbsp; &nbsp; &nbsp; &nbsp; &nbsp; &nbsp; &nbsp; &nbsp; &nbsp; &nbsp; &nbsp; &nbsp; &nbsp; &nbsp;<\/b><span style=\"color: #ff6600\">*<\/span><b><span style=\"color: #ff6600\">2\u00ba B:<\/span> Remedios Barco Ruiz&nbsp;<\/b><\/p>\n<p>&nbsp;<\/p>\n<p><span style=\"color: #00ff00\">*<\/span><b><span style=\"color: #00ff00\">3\u00baA:<\/span> Juanita Mu\u00f1oz T\u00e9llez&nbsp; <\/b><b>&nbsp; &nbsp; &nbsp; &nbsp; &nbsp; &nbsp; &nbsp; &nbsp; &nbsp; &nbsp; &nbsp; &nbsp; &nbsp; &nbsp; &nbsp; &nbsp; &nbsp; &nbsp; &nbsp; &nbsp; &nbsp; &nbsp;<span style=\"color: #00ff00\"> &nbsp;3\u00ba<\/span><\/b><b><span style=\"color: #00ff00\">B:<\/span> Juan Jos\u00e9 Fern\u00e1ndez Garc\u00eda&nbsp;&nbsp;<\/b><\/p>\n<p><span style=\"color: #00ff00\">*<\/span><b><span style=\"color: #00ff00\">4\u00baA:<\/span> Mercedes Ruiz Mart\u00edn&nbsp;<\/b><b>&nbsp; &nbsp;<\/b><span style=\"color: #00ff00\">*<\/span><b><span style=\"color: #00ff00\">4\u00baB:<\/span> C\u00e1ndida Heredia Serrano&nbsp; &nbsp;<span style=\"color: #00ff00\">4\u00ba C:<\/span> Carmen M.Ramos Garc\u00eda&nbsp;&nbsp;<\/b><\/p>\n<p>&nbsp;<\/p>\n<p><span style=\"color: #ff0000\">*<\/span><b><span style=\"color: #ff0000\"> 5\u00baA:<\/span> Silvia Gonz\u00e1lez <\/b><b>&nbsp; &nbsp; &nbsp; &nbsp; &nbsp; &nbsp; &nbsp; &nbsp; &nbsp; &nbsp; &nbsp; &nbsp; &nbsp; &nbsp; &nbsp; &nbsp; &nbsp; &nbsp; &nbsp; &nbsp; &nbsp; &nbsp; &nbsp; &nbsp; &nbsp; &nbsp;<span style=\"color: #ff0000\"> &nbsp; <\/span><\/b><span style=\"color: #ff0000\">*<b>5\u00baB:&nbsp; &nbsp;<span style=\"color: #000000\">Rafa Hern\u00e1ndez P\u00e9rez<\/span><\/b><\/span><\/p>\n<p><span style=\"color: #ff0000\">*<\/span><b><span style=\"color: #ff0000\">6\u00baA:<\/span> <\/b><b> Paco Molina Ortega&nbsp; &nbsp; &nbsp; &nbsp; &nbsp; &nbsp; &nbsp; &nbsp; &nbsp; &nbsp; &nbsp; &nbsp; &nbsp; &nbsp; &nbsp; &nbsp; &nbsp; &nbsp; &nbsp; &nbsp; &nbsp; &nbsp; &nbsp;&nbsp;<\/b><span style=\"color: #ff0000\">*<\/span><b><span style=\"color: #ff0000\">6\u00baB:<\/span>&nbsp; Cristina Valdeiglesias Pi\u00f1ero&nbsp; &nbsp; &nbsp; &nbsp; &nbsp; &nbsp; &nbsp; &nbsp;&nbsp;<\/b><\/p>\n<p>&nbsp;<\/p>\n<h2><span style=\"color: #33cccc\">ESPECIALISTAS<\/span><\/h2>\n<p>*<b>HO: Bel\u00e9n Cano G\u00e1mez&nbsp; &nbsp; &nbsp; &nbsp; &nbsp; &nbsp; &nbsp; &nbsp;Patricia D\u00edaz Cerezo&nbsp;<\/b><\/p>\n<p><b><\/b><b>INGL\u00c9S :&nbsp; Ricardo Garc\u00eda Checa&nbsp;<\/b><\/p>\n<p>*<b>Religi\u00f3n:&nbsp;<\/b>*<b>Raquel R. Valverde <\/b><b>Ortigosa y&nbsp; Natalia Ru\u00edz Badillo&nbsp;<\/b><\/p>\n<p>*<b>PT: Silvia Pereira V\u00edlchez<\/b><\/p>\n<p>*<b>AL: Yolanda Calzado Ru\u00edz&nbsp;<\/b><\/p>\n<p>*<strong>ATAL: Carolina Ru\u00edz Palomo&nbsp;<\/strong><\/p>\n<p>*<b>Orientadora: Enriqueta Serrano G\u00e1lvez<\/b><\/p>\n<p>*<b>PTIS: Andrea Granado S\u00e1nchez<\/b><\/p>\n<p>&nbsp;<\/p>\n<h2><span style=\"color: #339966\">EDUCACI\u00d3N SECUNDARIA OBLIGATORIA<\/span><\/h2>\n<p><b>1\u00baA:Tamara Quesada Salazar<\/b><\/p>\n<p><b>1\u00baB: Estefan\u00eda Celem\u00edn Orta (FR)<\/b><\/p>\n<p><b>2\u00baA: Antonio <\/b><b>Cascales<\/b><b> Vega ( MAT)<\/b><\/p>\n<p><b>2\u00baB: Ignacio S. Pend\u00f3n Nebro&nbsp; (GH)<\/b><\/p>\n<h2><span style=\"color: #339966\"><strong>ESPECIALISTAS<\/strong><\/span><\/h2>\n<p><b>Auxi<\/b><b> Castro Gasc\u00f3n (ING)<\/b><\/p>\n<p><b>M\u00fasica: Judit Gil Dom\u00ednguez<\/b><\/p>\n<p><b>Religi\u00f3n: <\/b><b>Raquel Garc\u00eda Ru\u00edz&nbsp;<\/b><\/p>\n<p><b>PT: Dulce L\u00f3pez Chicano<\/b><\/p>\n<p><b>EF: Miguel \u00c1ngel Perea Reyes<\/b><\/p>\n<p>&nbsp;<\/p>\n<p>&nbsp;<\/p>\n<h2><span style=\"color: #ffcc00\"><strong>PERSONAL NO DOCENTE<\/strong><\/span><\/h2>\n<ul>\n<li><em><strong>ADMINISTRACI\u00d3N: \u2013 Sonia Gonz\u00e1lez Vega<\/strong><\/em><\/li>\n<li><em><strong>&nbsp;CONSERJES: \u2013 Francisca G\u00f3mez T\u00e9llez \u2013<\/strong><\/em><em><strong> Miroslava Gonz\u00e1lez Beltr\u00e1n \u2013 Gabriel Atencia Montero-&nbsp; \u00c1ngel B\u00e9jar Cazorla<\/strong><\/em><\/li>\n<\/ul>\n<p>&nbsp;<\/p>\n","protected":false},"excerpt":{"rendered":"<p>PROFESORADO DEL CENTRO EQUIPO DIRECTIVO Direcci\u00f3n:&nbsp;Dulce Mar\u00eda L\u00f3pez Chicano Jefatura de estudios:&nbsp;Mar\u00eda Bel\u00e9n Cano G\u00e1mez Secretar\u00eda:&nbsp;Diego Morales G\u00f3mez &nbsp;EDUCACI\u00d3N INFANTIL 3 A\u00f1os A: Pablo Jes\u00fas Jerez Gonz\u00e1lez 3 A\u00f1os B: Ana M\u00aa Garc\u00eda Bonilla&#46;&#46;&#46;<\/p>\n","protected":false},"author":2037,"featured_media":0,"parent":0,"menu_order":0,"comment_status":"closed","ping_status":"closed","template":"","meta":{"ngg_post_thumbnail":0,"footnotes":"","_mc_calendar":[]},"aioseo_notices":[],"_links":{"self":[{"href":"https:\/\/blogsaverroes.juntadeandalucia.es\/ceipgenarorincon\/wp-json\/wp\/v2\/pages\/4833"}],"collection":[{"href":"https:\/\/blogsaverroes.juntadeandalucia.es\/ceipgenarorincon\/wp-json\/wp\/v2\/pages"}],"about":[{"href":"https:\/\/blogsaverroes.juntadeandalucia.es\/ceipgenarorincon\/wp-json\/wp\/v2\/types\/page"}],"author":[{"embeddable":true,"href":"https:\/\/blogsaverroes.juntadeandalucia.es\/ceipgenarorincon\/wp-json\/wp\/v2\/users\/2037"}],"replies":[{"embeddable":true,"href":"https:\/\/blogsaverroes.juntadeandalucia.es\/ceipgenarorincon\/wp-json\/wp\/v2\/comments?post=4833"}],"version-history":[{"count":6,"href":"https:\/\/blogsaverroes.juntadeandalucia.es\/ceipgenarorincon\/wp-json\/wp\/v2\/pages\/4833\/revisions"}],"predecessor-version":[{"id":4925,"href":"https:\/\/blogsaverroes.juntadeandalucia.es\/ceipgenarorincon\/wp-json\/wp\/v2\/pages\/4833\/revisions\/4925"}],"wp:attachment":[{"href":"https:\/\/blogsaverroes.juntadeandalucia.es\/ceipgenarorincon\/wp-json\/wp\/v2\/media?parent=4833"}],"curies":[{"name":"wp","href":"https:\/\/api.w.org\/{rel}","templated":true}]}}