{"id":49,"date":"2015-03-13T08:47:05","date_gmt":"2015-03-13T08:47:05","guid":{"rendered":"http:\/\/blogsaverroes.juntadeandalucia.es\/pre\/ceip\/?page_id=49"},"modified":"2025-11-17T12:40:35","modified_gmt":"2025-11-17T12:40:35","slug":"proyecto-educativo","status":"publish","type":"page","link":"https:\/\/blogsaverroes.juntadeandalucia.es\/ceipgenarorincon\/proyecto-educativo\/","title":{"rendered":"Plan de Centro"},"content":{"rendered":"<p><strong>El Plan de Centro<\/strong> es un documento institucional que recoge los acuerdos que las organizaciones educativas construyamos y servir\u00e1 para establecer la hoja de ruta que guiar\u00e1 nuestras actuaciones y que estar\u00e1n en consonancia con los valores, los objetivos y las prioridades de actuaci\u00f3n del Centro Educativo.&nbsp;<\/p>\n<p>Asimismo, incorporar\u00e1 la concreci\u00f3n de los curr\u00edculos establecidos por la Administraci\u00f3n educativa que corresponde fijar y aprobar al Claustro, as\u00ed como el tratamiento transversal en las \u00e1reas, materias o m\u00f3dulos de la educaci\u00f3n en valores y otras ense\u00f1anzas.<\/p>\n<p>&nbsp;<\/p>\n<p>Los centros docentes sostenidos con fondos p\u00fablicos concretar\u00e1n sus modelos de funcionamiento propios mediante tres documentos que &nbsp;constituyen el Plan de Centro, cuyo car\u00e1cter es plurianual y constituye un compromiso de actuaci\u00f3n para toda la comunidad educativa. Son los siguientes:<\/p>\n<ul>\n<li><strong>Proyecto educativo,<\/strong><\/li>\n<li><strong>Reglamento de organizaci\u00f3n y funcionamiento<\/strong><\/li>\n<li><strong>Proyecto de gesti\u00f3n<\/strong><\/li>\n<\/ul>\n<p><a href=\"https:\/\/blogsaverroes.juntadeandalucia.es\/ceipgenarorincon\/files\/2020\/04\/plan-de-centro.png\"><img loading=\"lazy\" decoding=\"async\" class=\" wp-image-2693 aligncenter\" src=\"https:\/\/blogsaverroes.juntadeandalucia.es\/ceipgenarorincon\/files\/2020\/04\/plan-de-centro-300x181.png\" alt=\"\" width=\"327\" height=\"197\" srcset=\"https:\/\/blogsaverroes.juntadeandalucia.es\/ceipgenarorincon\/files\/2020\/04\/plan-de-centro-300x181.png 300w, https:\/\/blogsaverroes.juntadeandalucia.es\/ceipgenarorincon\/files\/2020\/04\/plan-de-centro-24x14.png 24w, https:\/\/blogsaverroes.juntadeandalucia.es\/ceipgenarorincon\/files\/2020\/04\/plan-de-centro-36x22.png 36w, https:\/\/blogsaverroes.juntadeandalucia.es\/ceipgenarorincon\/files\/2020\/04\/plan-de-centro-48x29.png 48w, https:\/\/blogsaverroes.juntadeandalucia.es\/ceipgenarorincon\/files\/2020\/04\/plan-de-centro.png 746w\" sizes=\"(max-width: 327px) 100vw, 327px\" \/><\/a><\/p>\n<p>En las distintas pesta\u00f1as pod\u00e9is encontrar la documentaci\u00f3n de cada apartado, y aqu\u00ed la carpeta comprimida con todos ellos.<\/p>\n<h1><a title=\"PLAN DE CENTRO 23-24\" href=\"https:\/\/drive.google.com\/file\/d\/19plbzvwUcsA8HMx5v4R-9c4___bOrIqb\/view?usp=sharing\" target=\"_blank\" rel=\"noopener noreferrer\">PLAN DE CENTRO 25-26<\/a><\/h1>\n<p><a href=\"https:\/\/drive.google.com\/file\/d\/1K94S7cVolQGDU2NvuFHhljtvH3PyZt2S\/view?usp=sharing\">&nbsp;Plan de Centro 25-26<\/a><\/p>\n<p><iframe loading=\"lazy\" src=\"https:\/\/drive.google.com\/file\/d\/1K94S7cVolQGDU2NvuFHhljtvH3PyZt2S\/preview\" width=\"640\" height=\"480\"><\/iframe><\/p>\n<h1>Plan de Mejora 25-26<\/h1>\n<p><a href=\"https:\/\/drive.google.com\/file\/d\/1RdrVmk11RCl4s6ZCn349IxA5TFyFs6vH\/view?usp=sharing\">&nbsp;Plan de Mejora<\/a><br \/>\n<iframe loading=\"lazy\" src=\"https:\/\/drive.google.com\/file\/d\/1RdrVmk11RCl4s6ZCn349IxA5TFyFs6vH\/preview\" width=\"640\" height=\"480\"><\/iframe><\/p>\n<h1><a title=\"PLAN DE CENTRO 23-24\" href=\"https:\/\/drive.google.com\/file\/d\/19plbzvwUcsA8HMx5v4R-9c4___bOrIqb\/view?usp=sharing\" target=\"_blank\" rel=\"noopener noreferrer\">PLAN DE CENTRO 24-25<\/a><\/h1>\n<p>&nbsp;<a href=\"https:\/\/drive.google.com\/file\/d\/1TAGEHjH_tmrwAMRpv2pOZ0ZLWhYSyj5Z\/view?usp=drive_link\">Plan de Centro<\/a><\/p>\n<p><iframe loading=\"lazy\" src=\"https:\/\/drive.google.com\/file\/d\/1TAGEHjH_tmrwAMRpv2pOZ0ZLWhYSyj5Z\/preview\" width=\"640\" height=\"480\"><\/iframe><br \/>\n<a href=\"https:\/\/drive.google.com\/file\/d\/13FyyRu5UFrRL6ntVG6c9-FK6Ww3X32Ah\/view?usp=drive_link\">ROF<\/a><\/p>\n<p>&nbsp;<br \/>\n<iframe loading=\"lazy\" src=\"https:\/\/drive.google.com\/file\/d\/13FyyRu5UFrRL6ntVG6c9-FK6Ww3X32Ah\/preview\" width=\"640\" height=\"480\"><\/iframe><\/p>\n<p><a href=\"https:\/\/drive.google.com\/file\/d\/1E9j9jlX01C_u7HjbzVKXOvs7pNbLAMu1\/view?usp=drive_link\">Proyecto de Gesti\u00f3n<\/a><br \/>\n&nbsp;<br \/>\n<iframe loading=\"lazy\" src=\"https:\/\/drive.google.com\/file\/d\/1E9j9jlX01C_u7HjbzVKXOvs7pNbLAMu1\/preview\" width=\"640\" height=\"480\"><\/iframe><\/p>\n<h1><a title=\"PLAN DE CENTRO 23-24\" href=\"https:\/\/drive.google.com\/file\/d\/19plbzvwUcsA8HMx5v4R-9c4___bOrIqb\/view?usp=sharing\" target=\"_blank\" rel=\"noopener noreferrer\">PLAN DE CENTRO 23-24<\/a><\/h1>\n<p>Este curso escolar nuestro Plan de centro ha sufrido una gran modificaci\u00f3n, ya que se ha tenido que adaptar a la nueva normativa vigente, LOMLOE.<\/p>\n","protected":false},"excerpt":{"rendered":"<p>El Plan de Centro es un documento institucional que recoge los acuerdos que las organizaciones educativas construyamos y servir\u00e1 para establecer la hoja de ruta que guiar\u00e1 nuestras actuaciones y que estar\u00e1n en consonancia&#46;&#46;&#46;<\/p>\n","protected":false},"author":1,"featured_media":0,"parent":0,"menu_order":0,"comment_status":"closed","ping_status":"open","template":"","meta":{"ngg_post_thumbnail":0,"footnotes":"","_mc_calendar":[]},"aioseo_notices":[],"_links":{"self":[{"href":"https:\/\/blogsaverroes.juntadeandalucia.es\/ceipgenarorincon\/wp-json\/wp\/v2\/pages\/49"}],"collection":[{"href":"https:\/\/blogsaverroes.juntadeandalucia.es\/ceipgenarorincon\/wp-json\/wp\/v2\/pages"}],"about":[{"href":"https:\/\/blogsaverroes.juntadeandalucia.es\/ceipgenarorincon\/wp-json\/wp\/v2\/types\/page"}],"author":[{"embeddable":true,"href":"https:\/\/blogsaverroes.juntadeandalucia.es\/ceipgenarorincon\/wp-json\/wp\/v2\/users\/1"}],"replies":[{"embeddable":true,"href":"https:\/\/blogsaverroes.juntadeandalucia.es\/ceipgenarorincon\/wp-json\/wp\/v2\/comments?post=49"}],"version-history":[{"count":24,"href":"https:\/\/blogsaverroes.juntadeandalucia.es\/ceipgenarorincon\/wp-json\/wp\/v2\/pages\/49\/revisions"}],"predecessor-version":[{"id":5970,"href":"https:\/\/blogsaverroes.juntadeandalucia.es\/ceipgenarorincon\/wp-json\/wp\/v2\/pages\/49\/revisions\/5970"}],"wp:attachment":[{"href":"https:\/\/blogsaverroes.juntadeandalucia.es\/ceipgenarorincon\/wp-json\/wp\/v2\/media?parent=49"}],"curies":[{"name":"wp","href":"https:\/\/api.w.org\/{rel}","templated":true}]}}