{"id":5449,"date":"2022-09-08T11:03:30","date_gmt":"2022-09-08T11:03:30","guid":{"rendered":"https:\/\/blogsaverroes.juntadeandalucia.es\/ceipgenarorincon\/?page_id=5449"},"modified":"2023-01-23T18:19:07","modified_gmt":"2023-01-23T18:19:07","slug":"eventos-22-23","status":"publish","type":"page","link":"https:\/\/blogsaverroes.juntadeandalucia.es\/ceipgenarorincon\/eventos-22-23\/","title":{"rendered":"Eventos 22\/23"},"content":{"rendered":"<p>En este apartado pondremos actividades que realiza el centro y como algunas de ellas van enmarcadas en un Plan o Proyecto educativo, en la pesta\u00f1a correspondiente pod\u00e9is acceder a la mayor\u00eda.&nbsp;<\/p>\n","protected":false},"excerpt":{"rendered":"<p>En este apartado pondremos actividades que realiza el centro y como algunas de ellas van enmarcadas en un Plan o Proyecto educativo, en la pesta\u00f1a correspondiente pod\u00e9is acceder a la mayor\u00eda.&nbsp;<\/p>\n","protected":false},"author":2037,"featured_media":0,"parent":0,"menu_order":0,"comment_status":"closed","ping_status":"closed","template":"","meta":{"ngg_post_thumbnail":0,"footnotes":"","_mc_calendar":[]},"aioseo_notices":[],"_links":{"self":[{"href":"https:\/\/blogsaverroes.juntadeandalucia.es\/ceipgenarorincon\/wp-json\/wp\/v2\/pages\/5449"}],"collection":[{"href":"https:\/\/blogsaverroes.juntadeandalucia.es\/ceipgenarorincon\/wp-json\/wp\/v2\/pages"}],"about":[{"href":"https:\/\/blogsaverroes.juntadeandalucia.es\/ceipgenarorincon\/wp-json\/wp\/v2\/types\/page"}],"author":[{"embeddable":true,"href":"https:\/\/blogsaverroes.juntadeandalucia.es\/ceipgenarorincon\/wp-json\/wp\/v2\/users\/2037"}],"replies":[{"embeddable":true,"href":"https:\/\/blogsaverroes.juntadeandalucia.es\/ceipgenarorincon\/wp-json\/wp\/v2\/comments?post=5449"}],"version-history":[{"count":3,"href":"https:\/\/blogsaverroes.juntadeandalucia.es\/ceipgenarorincon\/wp-json\/wp\/v2\/pages\/5449\/revisions"}],"predecessor-version":[{"id":5541,"href":"https:\/\/blogsaverroes.juntadeandalucia.es\/ceipgenarorincon\/wp-json\/wp\/v2\/pages\/5449\/revisions\/5541"}],"wp:attachment":[{"href":"https:\/\/blogsaverroes.juntadeandalucia.es\/ceipgenarorincon\/wp-json\/wp\/v2\/media?parent=5449"}],"curies":[{"name":"wp","href":"https:\/\/api.w.org\/{rel}","templated":true}]}}