{"id":5455,"date":"2022-09-08T11:21:19","date_gmt":"2022-09-08T11:21:19","guid":{"rendered":"https:\/\/blogsaverroes.juntadeandalucia.es\/ceipgenarorincon\/?page_id=5455"},"modified":"2022-10-24T17:11:22","modified_gmt":"2022-10-24T17:11:22","slug":"nos-presentamos-22-23","status":"publish","type":"page","link":"https:\/\/blogsaverroes.juntadeandalucia.es\/ceipgenarorincon\/nos-presentamos-22-23\/","title":{"rendered":"Nos Presentamos 22\/23"},"content":{"rendered":"<p>&nbsp;<\/p>\n<h2 style=\"text-align: center\">\u00a1Un nuevo curso escolar!<\/h2>\n<h2>Una nueva oportunidad para construir, para renovar, para recrear, para aprender, para crecer&#8230;<\/h2>\n<p>&nbsp;<\/p>\n<p><strong>EQUIPO DIRECTIVO&nbsp;<\/strong><\/p>\n<ul>\n<li>Dulce M\u00aa L\u00f3pez Chicano &#8212;&#8212;-direcci\u00f3n&nbsp;<\/li>\n<li>Bel\u00e9n Cano G\u00e1mez &#8212;&#8212;&#8212;&#8212;&#8211;jefatura de estudios&nbsp;<\/li>\n<li>Diego Morales G\u00f3mez&#8212;&#8212;&#8212;&#8211;secretario&nbsp;<\/li>\n<\/ul>\n<p><strong>ED INFANTIL<\/strong><\/p>\n<ul>\n<li><strong>3 A\u00d1OS A: <\/strong>Esperanza Rico S\u00e1nchez.<\/li>\n<li><strong>3 A\u00d1OS B: <\/strong>M\u00aa Dolores Ortega Campos.<\/li>\n<li><strong>4 A\u00d1OS A:<\/strong> Pablo J Jerez Gonz\u00e1lez.<\/li>\n<li><strong>4 A\u00d1OS B: <\/strong>Ana M\u00aa Garc\u00eda Bonilla.<\/li>\n<li><strong>5 A\u00d1OS A: <\/strong>Mar\u00eda Le\u00f3n Pel\u00e1ez.<\/li>\n<li><strong>5 A\u00d1OS B: <\/strong>M\u00aa Carmen Moreno Mart\u00edn.<\/li>\n<li><strong>H0: <\/strong>Diego Morales G\u00f3mez<\/li>\n<\/ul>\n<p><strong>ED PRIMARIA<\/strong><\/p>\n<ul>\n<li><strong>1\u00ba A: <\/strong>Francisco Molina Ortega.<\/li>\n<li><strong>1\u00ba B: <\/strong>Sebasti\u00e1n Mart\u00edn Molina.<\/li>\n<li><strong>1\u00ba C: <\/strong>Susana Arcas L\u00f3pez.<\/li>\n<li><strong>2\u00ba A: <\/strong>Jos\u00e9 A Fuentes \u00c1lvarez.<\/li>\n<li><strong>2\u00ba B: <\/strong>C\u00e1ndida Heredia Serrano.<\/li>\n<li><strong>2\u00ba C: <\/strong>Raquel Montoya Garc\u00eda.<\/li>\n<li><strong>3\u00ba A: <\/strong>Jos\u00e9 A Mart\u00edn Cuenca.<\/li>\n<li><strong>3\u00ba B: <\/strong>Carmen M\u00aa Ramos Garc\u00eda.<\/li>\n<li><strong>4\u00ba A: <\/strong>Juana M\u00aa Mu\u00f1oz T\u00e9llez.<\/li>\n<li><strong>4\u00ba B: <\/strong>Juan Jos\u00e9 Fern\u00e1ndez Garc\u00eda.<\/li>\n<li><strong>5\u00ba A: <\/strong>Daniel Caballero Doblas.<\/li>\n<li><strong>5\u00ba B: <\/strong>Ricardo Garc\u00eda Checa.<\/li>\n<li><strong>5\u00ba C: <\/strong>Cristina Valdeiglesias Pi\u00f1ero.<\/li>\n<li><strong>6\u00ba A: <\/strong>&nbsp;Ar\u00e1nzazu Valverde Hern\u00e1ndez&nbsp;&nbsp;<\/li>\n<li><strong>6\u00ba B: <\/strong>Rafael Hern\u00e1ndez P\u00e9rez.<\/li>\n<li><strong>H0: <\/strong>Bel\u00e9n Cano G\u00e1mez.<\/li>\n<li><strong>Religi\u00f3n: <\/strong>Raquel Roc\u00edo Valverde Ortigosa.<\/li>\n<li><strong>Religi\u00f3n: <\/strong>Marina Vivar Gallardo.<\/li>\n<li><strong>Audici\u00f3n y Lenguaje: <\/strong>Cristina M\u00aa Ramos Rivas.<\/li>\n<li><strong>Pedagog\u00eda Terap\u00e9utica: <\/strong>Silvia Pereira V\u00edlchez \/ Marina Franco S\u00e1nchez&nbsp;<\/li>\n<li><strong>ATAL: <\/strong>Carolina Ruiz Palomo.<\/li>\n<li><strong>Orientaci\u00f3n: <\/strong>Enriqueta Serrano G\u00e1lvez.<\/li>\n<li><strong>PTIS: <\/strong>Andrea Granado S\u00e1nchez \/ Carmen Ben\u00edtez Ru\u00edz&nbsp;<\/li>\n<\/ul>\n<p><strong>ED SECUNDARIA<\/strong><\/p>\n<ul>\n<li><strong>1\u00ba ESO: <\/strong>Ignacio S Pend\u00f3n Nebro.<\/li>\n<li><strong>2\u00ba ESO A:<\/strong> Antonio J Cascales Vega.<\/li>\n<li><strong>2\u00ba ESO B: <\/strong>Cristina Solano Al\u00e1ez.<\/li>\n<li><strong>Matem\u00e1ticas: <\/strong>Jos\u00e9 E Suard\u00edaz Garc\u00eda.<\/li>\n<li><strong>M\u00fasica: <\/strong>Judit Gil Dom\u00ednguez.<\/li>\n<li><strong>Ed F\u00edsica: <\/strong>Miguel \u00c1ngel Perea Reyes.<\/li>\n<li><strong>Ingl\u00e9s: <\/strong>M\u00aa Auxiliadora Castro Gasc\u00f3n.<\/li>\n<li><strong>Pedagog\u00eda Terap\u00e9utica: <\/strong>Dulce M\u00aa L\u00f3pez Chicano.<\/li>\n<li><strong>Religi\u00f3n: <\/strong>Raquel Garc\u00eda Ruiz.<\/li>\n<\/ul>\n<p>&nbsp;<\/p>\n<p>PERSONAL DE ADMINISTRACI\u00d3N Y SERVICIOS&nbsp;<\/p>\n<ul>\n<li>Sonia Gonz\u00e1lez Vega : Administrativa&nbsp;<\/li>\n<li>Miroslava Gonz\u00e1lez Beltr\u00e1n: Conserje&nbsp;<\/li>\n<li>Francisca G\u00f3mez T\u00e9llez : Conserje&nbsp;<\/li>\n<\/ul>\n<p>&nbsp;<\/p>\n<p><a href=\"https:\/\/blogsaverroes.juntadeandalucia.es\/ceipgenarorincon\/files\/2022\/10\/claustro-22-23.jpg\"><img loading=\"lazy\" decoding=\"async\" class=\"wp-image-5460 aligncenter\" src=\"https:\/\/blogsaverroes.juntadeandalucia.es\/ceipgenarorincon\/files\/2022\/10\/claustro-22-23-300x156.jpg\" alt=\"\" width=\"617\" height=\"321\" srcset=\"https:\/\/blogsaverroes.juntadeandalucia.es\/ceipgenarorincon\/files\/2022\/10\/claustro-22-23-300x156.jpg 300w, https:\/\/blogsaverroes.juntadeandalucia.es\/ceipgenarorincon\/files\/2022\/10\/claustro-22-23-768x399.jpg 768w, https:\/\/blogsaverroes.juntadeandalucia.es\/ceipgenarorincon\/files\/2022\/10\/claustro-22-23.jpg 960w\" sizes=\"(max-width: 617px) 100vw, 617px\" \/><\/a><\/p>\n","protected":false},"excerpt":{"rendered":"<p>&nbsp; \u00a1Un nuevo curso escolar! Una nueva oportunidad para construir, para renovar, para recrear, para aprender, para crecer&#8230; &nbsp; EQUIPO DIRECTIVO&nbsp; Dulce M\u00aa L\u00f3pez Chicano &#8212;&#8212;-direcci\u00f3n&nbsp; Bel\u00e9n Cano G\u00e1mez &#8212;&#8212;&#8212;&#8212;&#8211;jefatura de estudios&nbsp; Diego Morales&#46;&#46;&#46;<\/p>\n","protected":false},"author":2037,"featured_media":0,"parent":0,"menu_order":0,"comment_status":"closed","ping_status":"closed","template":"","meta":{"ngg_post_thumbnail":0,"footnotes":"","_mc_calendar":[]},"aioseo_notices":[],"_links":{"self":[{"href":"https:\/\/blogsaverroes.juntadeandalucia.es\/ceipgenarorincon\/wp-json\/wp\/v2\/pages\/5455"}],"collection":[{"href":"https:\/\/blogsaverroes.juntadeandalucia.es\/ceipgenarorincon\/wp-json\/wp\/v2\/pages"}],"about":[{"href":"https:\/\/blogsaverroes.juntadeandalucia.es\/ceipgenarorincon\/wp-json\/wp\/v2\/types\/page"}],"author":[{"embeddable":true,"href":"https:\/\/blogsaverroes.juntadeandalucia.es\/ceipgenarorincon\/wp-json\/wp\/v2\/users\/2037"}],"replies":[{"embeddable":true,"href":"https:\/\/blogsaverroes.juntadeandalucia.es\/ceipgenarorincon\/wp-json\/wp\/v2\/comments?post=5455"}],"version-history":[{"count":9,"href":"https:\/\/blogsaverroes.juntadeandalucia.es\/ceipgenarorincon\/wp-json\/wp\/v2\/pages\/5455\/revisions"}],"predecessor-version":[{"id":5486,"href":"https:\/\/blogsaverroes.juntadeandalucia.es\/ceipgenarorincon\/wp-json\/wp\/v2\/pages\/5455\/revisions\/5486"}],"wp:attachment":[{"href":"https:\/\/blogsaverroes.juntadeandalucia.es\/ceipgenarorincon\/wp-json\/wp\/v2\/media?parent=5455"}],"curies":[{"name":"wp","href":"https:\/\/api.w.org\/{rel}","templated":true}]}}