{"id":99,"date":"2015-03-16T07:22:54","date_gmt":"2015-03-16T07:22:54","guid":{"rendered":"http:\/\/blogsaverroes.juntadeandalucia.es\/pre\/ceip\/?page_id=99"},"modified":"2021-02-16T09:38:40","modified_gmt":"2021-02-16T09:38:40","slug":"comedor-escolar","status":"publish","type":"page","link":"https:\/\/blogsaverroes.juntadeandalucia.es\/ceipgenarorincon\/comedor-escolar\/","title":{"rendered":"Comedor escolar"},"content":{"rendered":"<p>Los comedores escolares son un servicio complementario que resulta de gran utilidad a padres y madres para ayudarles a&nbsp;conciliar la vida laboral y familiar. Tienen una duraci\u00f3n de hasta dos horas desde que acaba la jornada escolar de la ma\u00f1ana (de 14.00 a 16.00 horas).<\/p>\n<p>Los comedores son adem\u00e1s una pieza importante&nbsp;en todas las medidas dirigidas a mejorar los h\u00e1bitos alimenticios de los ni\u00f1os y ni\u00f1as y prevenir problemas de salud como la obesidad.<\/p>\n<p>Los comedores escolares de los centros p\u00fablicos andaluces promueven una alimentaci\u00f3n saludable que est\u00e1 supervisada por nutricionistas.<\/p>\n<p><strong>Solicitudes: en cualquier momento del curso, siempre que los tutores legales est\u00e9n trabajando.&nbsp;<\/strong><\/p>\n<p><strong>En septiembre se solicita con el Anexo V.<\/strong><\/p>\n<p><strong>Normativa:<\/strong><\/p>\n<p>&nbsp; &nbsp; &nbsp; &nbsp; &nbsp; &nbsp; &nbsp; &nbsp; &nbsp; &nbsp; &nbsp; &nbsp; &nbsp; &nbsp; &nbsp;http:\/\/www.juntadeandalucia.es\/educacion\/portals\/web\/ced\/comedor-escolar<\/p>\n<p><strong>Empresa catering:&nbsp; <\/strong><\/p>\n<h2>&nbsp;Catering El C\u00e1ntaro<\/h2>\n<div class=\"TbwUpd NJjxre\"><cite class=\"iUh30 Zu0yb qLRx3b tjvcx\">&nbsp; &nbsp; &nbsp; &nbsp; &nbsp; &nbsp; &nbsp; &nbsp; &nbsp; &nbsp; &nbsp; &nbsp; &nbsp; &nbsp; &nbsp; &nbsp; &nbsp; &nbsp; &nbsp; &nbsp;<strong> &nbsp; &nbsp;www.cateringelcantaro.com<span class=\"dyjrff qzEoUe\">&nbsp;<\/span><\/strong><\/cite><\/div>\n<p><strong> &nbsp; &nbsp;&nbsp;<\/strong><\/p>\n<p>&nbsp; &nbsp; &nbsp; &nbsp; &nbsp; &nbsp; &nbsp; &nbsp; &nbsp; &nbsp; &nbsp; &nbsp; &nbsp;&nbsp;<\/p>\n<p>Nuestro comedor escolar est\u00e1 integrado por un personal cualificado que atiende de una forma muy eficiente a todo el alumnado. Son las siguientes compa\u00f1eras:<\/p>\n<ul>\n<li><strong>COCINA<\/strong>\n<ul>\n<li>D\u00aa: M\u00aa del Mar Pastor Ruiz<\/li>\n<li>D\u00aa.&nbsp;&nbsp;Inmaculada Ruiz Mart\u00edn&nbsp;<\/li>\n<\/ul>\n<\/li>\n<li><strong>MONITORAS<\/strong>\n<ul>\n<li>D\u00aa. Inmaculada Ruiz Marf\u00edl<a href=\"https:\/\/blogsaverroes.juntadeandalucia.es\/ceipgenarorincon\/files\/2020\/04\/comedor.jpg\"><img loading=\"lazy\" decoding=\"async\" class=\"size-medium wp-image-2740 alignright\" src=\"https:\/\/blogsaverroes.juntadeandalucia.es\/ceipgenarorincon\/files\/2020\/04\/comedor-300x147.jpg\" alt=\"\" width=\"300\" height=\"147\" srcset=\"https:\/\/blogsaverroes.juntadeandalucia.es\/ceipgenarorincon\/files\/2020\/04\/comedor-300x147.jpg 300w, https:\/\/blogsaverroes.juntadeandalucia.es\/ceipgenarorincon\/files\/2020\/04\/comedor-24x12.jpg 24w, https:\/\/blogsaverroes.juntadeandalucia.es\/ceipgenarorincon\/files\/2020\/04\/comedor-36x18.jpg 36w, https:\/\/blogsaverroes.juntadeandalucia.es\/ceipgenarorincon\/files\/2020\/04\/comedor-48x23.jpg 48w, https:\/\/blogsaverroes.juntadeandalucia.es\/ceipgenarorincon\/files\/2020\/04\/comedor.jpg 321w\" sizes=\"(max-width: 300px) 100vw, 300px\" \/><\/a><\/li>\n<li>D\u00aa. Inmaculada L\u00f3pez Vargas<\/li>\n<li>D\u00aa. Macarena Fern\u00e1ndez Crespillo<\/li>\n<li>D\u00aa. Nieves D\u00edaz Godoy<\/li>\n<li>D\u00aa. Graciela Fern\u00e1ndez Requena<\/li>\n<\/ul>\n<\/li>\n<\/ul>\n<p>&nbsp;<\/p>\n<p>&nbsp;<\/p>\n","protected":false},"excerpt":{"rendered":"<p>Los comedores escolares son un servicio complementario que resulta de gran utilidad a padres y madres para ayudarles a&nbsp;conciliar la vida laboral y familiar. Tienen una duraci\u00f3n de hasta dos horas desde que acaba&#46;&#46;&#46;<\/p>\n","protected":false},"author":1,"featured_media":0,"parent":0,"menu_order":0,"comment_status":"closed","ping_status":"open","template":"page-cs.php","meta":{"ngg_post_thumbnail":0,"footnotes":"","_mc_calendar":[]},"aioseo_notices":[],"_links":{"self":[{"href":"https:\/\/blogsaverroes.juntadeandalucia.es\/ceipgenarorincon\/wp-json\/wp\/v2\/pages\/99"}],"collection":[{"href":"https:\/\/blogsaverroes.juntadeandalucia.es\/ceipgenarorincon\/wp-json\/wp\/v2\/pages"}],"about":[{"href":"https:\/\/blogsaverroes.juntadeandalucia.es\/ceipgenarorincon\/wp-json\/wp\/v2\/types\/page"}],"author":[{"embeddable":true,"href":"https:\/\/blogsaverroes.juntadeandalucia.es\/ceipgenarorincon\/wp-json\/wp\/v2\/users\/1"}],"replies":[{"embeddable":true,"href":"https:\/\/blogsaverroes.juntadeandalucia.es\/ceipgenarorincon\/wp-json\/wp\/v2\/comments?post=99"}],"version-history":[{"count":10,"href":"https:\/\/blogsaverroes.juntadeandalucia.es\/ceipgenarorincon\/wp-json\/wp\/v2\/pages\/99\/revisions"}],"predecessor-version":[{"id":4066,"href":"https:\/\/blogsaverroes.juntadeandalucia.es\/ceipgenarorincon\/wp-json\/wp\/v2\/pages\/99\/revisions\/4066"}],"wp:attachment":[{"href":"https:\/\/blogsaverroes.juntadeandalucia.es\/ceipgenarorincon\/wp-json\/wp\/v2\/media?parent=99"}],"curies":[{"name":"wp","href":"https:\/\/api.w.org\/{rel}","templated":true}]}}